{"id":4361,"date":"2026-04-14T14:18:33","date_gmt":"2026-04-14T12:18:33","guid":{"rendered":"https:\/\/www.laazada.com\/?post_type=product&#038;p=4361"},"modified":"2026-04-14T21:01:06","modified_gmt":"2026-04-14T19:01:06","slug":"la-azada-revolution-tshirt","status":"publish","type":"product","link":"https:\/\/www.laazada.com\/es\/producto\/la-azada-revolution-tshirt\/","title":{"rendered":"La Camiseta de la Revoluci\u00f3n"},"content":{"rendered":"<div data-elementor-type=\"wp-post\" data-elementor-id=\"4361\" class=\"elementor elementor-4361\">\n\t\t\t\t\t\t<section class=\"elementor-section elementor-top-section elementor-element elementor-element-a1ec4a5 elementor-section-boxed elementor-section-height-default elementor-section-height-default qodef-elementor-content-no\" data-id=\"a1ec4a5\" data-element_type=\"section\" data-e-type=\"section\">\n\t\t\t\t\t\t<div class=\"elementor-container elementor-column-gap-default\">\n\t\t\t\t\t<div class=\"elementor-column elementor-col-100 elementor-top-column elementor-element elementor-element-e78de51\" data-id=\"e78de51\" data-element_type=\"column\" data-e-type=\"column\">\n\t\t\t<div class=\"elementor-widget-wrap elementor-element-populated\">\n\t\t\t\t\t\t<div class=\"elementor-element elementor-element-5267a62 elementor-widget elementor-widget-heading\" data-id=\"5267a62\" data-element_type=\"widget\" data-e-type=\"widget\" data-widget_type=\"heading.default\">\n\t\t\t\t<div class=\"elementor-widget-container\">\n\t\t\t\t\t<p class=\"elementor-heading-title elementor-size-default\">Vivamus at odio et mi ultricies pharetra in sed enim. Etiam eu nunc sit amet quam lupus pharetra pulvinar eget nec metus. Curabitur molestie lorem a libero ultricies ornare. Elementum at semper nulla nullam metus id aliquam.<\/p>\t\t\t\t<\/div>\n\t\t\t\t<\/div>\n\t\t\t\t\t<\/div>\n\t\t<\/div>\n\t\t\t\t\t<\/div>\n\t\t<\/section>\n\t\t\t\t<\/div>","protected":false},"excerpt":{"rendered":"<div>\n<h3><strong>\u00a1\u00danete a La Revoluci\u00f3n del Picante!<\/strong><\/h3>\n<p>Esta llamativa camiseta presenta un pimiento Carolina Reaper, que simboliza la pasi\u00f3n ardiente y el esp\u00edritu intr\u00e9pido de quienes viven sin miedo al calor extremo, junto con el audaz eslogan \"La Revoluci\u00f3n del Picante\" en un dise\u00f1o lleno de actitud. Esta camiseta no es solo ropa, es una declaraci\u00f3n de guerra contra lo ins\u00edpido.<\/p>\n<p>Apto para los verdaderos amantes del chile, los retos spicy y la cultura del fuego, esta camiseta premium combina arte callejero con comodidad superior. \u00bfEst\u00e1s listo para prenderle fuego al mundo? Viste la revoluci\u00f3n y siente el sabor que quema!<\/p>\n<div><strong>\ud83c\udf36\ufe0f DE ALTA RESISTENCIA DE 205 G\/M\u00b2 PARA UNA DURABILIDAD SUPERIOR<\/strong><\/div>\n<div><strong>\ud83d\uddd2\ufe0f CORTE TUBULAR PARA EVITAR IRRITACIONES EN LAS COSTURAS LATERALES<\/strong><\/div>\n<div><strong>\ud83d\udcaf 100 % ALGOD\u00d3N PARA UNA TRANSPIRABILIDAD NATURAL<\/strong><\/div>\n<div><strong>\ud83c\udf43 DOBLE COSTURA EN LAS MANGAS Y EL BAJO<\/strong><\/div>\n<div><strong>\ud83d\udd25 S\/M\/L\/XL\/XXL<\/strong><\/div>\n<\/div>","protected":false},"featured_media":4383,"comment_status":"open","ping_status":"closed","template":"","meta":{"content-type":""},"product_brand":[],"product_cat":[89],"product_tag":[20],"class_list":{"0":"post-4361","1":"product","2":"type-product","3":"status-publish","4":"has-post-thumbnail","6":"product_cat-tours-tasting-giftvouchers","7":"product_tag-carolina-reaper","9":"first","10":"instock","11":"taxable","12":"shipping-taxable","13":"purchasable","14":"product-type-variable"},"yoast_head":"<!-- This site is optimized with the Yoast SEO plugin v27.4 - https:\/\/yoast.com\/product\/yoast-seo-wordpress\/ -->\n<title>Hot Revolution T-Shirt| La Azada<\/title>\n<meta name=\"description\" content=\"La Revoluci\u00f3n del Picante&quot; isn\u2019t just a t-shirt \u2014 it\u2019s a declaration of war against the bland!\" \/>\n<meta name=\"robots\" content=\"index, follow, max-snippet:-1, max-image-preview:large, max-video-preview:-1\" \/>\n<link rel=\"canonical\" href=\"https:\/\/www.laazada.com\/es\/producto\/la-azada-revolution-tshirt\/\" \/>\n<meta property=\"og:locale\" content=\"es_ES\" \/>\n<meta property=\"og:type\" content=\"article\" \/>\n<meta property=\"og:title\" content=\"Hot Revolution T-Shirt| La Azada\" \/>\n<meta property=\"og:description\" content=\"La Revoluci\u00f3n del Picante&quot; isn\u2019t just a t-shirt \u2014 it\u2019s a declaration of war against the bland!\" \/>\n<meta property=\"og:url\" content=\"https:\/\/www.laazada.com\/es\/producto\/la-azada-revolution-tshirt\/\" \/>\n<meta property=\"og:site_name\" content=\"La Azada\" \/>\n<meta property=\"article:modified_time\" content=\"2026-04-14T19:01:06+00:00\" \/>\n<meta property=\"og:image\" content=\"https:\/\/www.laazada.com\/wp-content\/uploads\/2026\/04\/LaAzada-Revolution-TShirt.jpg\" \/>\n\t<meta property=\"og:image:width\" content=\"900\" \/>\n\t<meta property=\"og:image:height\" content=\"1240\" \/>\n\t<meta property=\"og:image:type\" content=\"image\/jpeg\" \/>\n<meta name=\"twitter:card\" content=\"summary_large_image\" \/>\n<meta name=\"twitter:label1\" content=\"Tiempo de lectura\" \/>\n\t<meta name=\"twitter:data1\" content=\"1 minuto\" \/>\n<script type=\"application\/ld+json\" class=\"yoast-schema-graph\">{\"@context\":\"https:\\\/\\\/schema.org\",\"@graph\":[{\"@type\":\"WebPage\",\"@id\":\"https:\\\/\\\/www.laazada.com\\\/product\\\/la-azada-revolution-tshirt\\\/\",\"url\":\"https:\\\/\\\/www.laazada.com\\\/product\\\/la-azada-revolution-tshirt\\\/\",\"name\":\"Hot Revolution T-Shirt| La Azada\",\"isPartOf\":{\"@id\":\"https:\\\/\\\/www.laazada.com\\\/#website\"},\"primaryImageOfPage\":{\"@id\":\"https:\\\/\\\/www.laazada.com\\\/product\\\/la-azada-revolution-tshirt\\\/#primaryimage\"},\"image\":{\"@id\":\"https:\\\/\\\/www.laazada.com\\\/product\\\/la-azada-revolution-tshirt\\\/#primaryimage\"},\"thumbnailUrl\":\"https:\\\/\\\/www.laazada.com\\\/wp-content\\\/uploads\\\/2026\\\/04\\\/LaAzada-Revolution-TShirt.jpg\",\"datePublished\":\"2026-04-14T12:18:33+00:00\",\"dateModified\":\"2026-04-14T19:01:06+00:00\",\"description\":\"La Revoluci\u00f3n del Picante\\\" isn\u2019t just a t-shirt \u2014 it\u2019s a declaration of war against the bland!\",\"breadcrumb\":{\"@id\":\"https:\\\/\\\/www.laazada.com\\\/product\\\/la-azada-revolution-tshirt\\\/#breadcrumb\"},\"inLanguage\":\"es\",\"potentialAction\":[{\"@type\":\"ReadAction\",\"target\":[\"https:\\\/\\\/www.laazada.com\\\/product\\\/la-azada-revolution-tshirt\\\/\"]}]},{\"@type\":\"ImageObject\",\"inLanguage\":\"es\",\"@id\":\"https:\\\/\\\/www.laazada.com\\\/product\\\/la-azada-revolution-tshirt\\\/#primaryimage\",\"url\":\"https:\\\/\\\/www.laazada.com\\\/wp-content\\\/uploads\\\/2026\\\/04\\\/LaAzada-Revolution-TShirt.jpg\",\"contentUrl\":\"https:\\\/\\\/www.laazada.com\\\/wp-content\\\/uploads\\\/2026\\\/04\\\/LaAzada-Revolution-TShirt.jpg\",\"width\":900,\"height\":1240},{\"@type\":\"BreadcrumbList\",\"@id\":\"https:\\\/\\\/www.laazada.com\\\/product\\\/la-azada-revolution-tshirt\\\/#breadcrumb\",\"itemListElement\":[{\"@type\":\"ListItem\",\"position\":1,\"name\":\"Home\",\"item\":\"https:\\\/\\\/www.laazada.com\\\/\"},{\"@type\":\"ListItem\",\"position\":2,\"name\":\"Shop\",\"item\":\"https:\\\/\\\/www.laazada.com\\\/shop\\\/\"},{\"@type\":\"ListItem\",\"position\":3,\"name\":\"La Camiseta de la Revoluci\u00f3n\"}]},{\"@type\":\"WebSite\",\"@id\":\"https:\\\/\\\/www.laazada.com\\\/#website\",\"url\":\"https:\\\/\\\/www.laazada.com\\\/\",\"name\":\"La Azada\",\"description\":\"Taste Spain in Every Flame!\",\"publisher\":{\"@id\":\"https:\\\/\\\/www.laazada.com\\\/#organization\"},\"potentialAction\":[{\"@type\":\"SearchAction\",\"target\":{\"@type\":\"EntryPoint\",\"urlTemplate\":\"https:\\\/\\\/www.laazada.com\\\/?s={search_term_string}\"},\"query-input\":{\"@type\":\"PropertyValueSpecification\",\"valueRequired\":true,\"valueName\":\"search_term_string\"}}],\"inLanguage\":\"es\"},{\"@type\":\"Organization\",\"@id\":\"https:\\\/\\\/www.laazada.com\\\/#organization\",\"name\":\"La Azada\",\"url\":\"https:\\\/\\\/www.laazada.com\\\/\",\"logo\":{\"@type\":\"ImageObject\",\"inLanguage\":\"es\",\"@id\":\"https:\\\/\\\/www.laazada.com\\\/#\\\/schema\\\/logo\\\/image\\\/\",\"url\":\"https:\\\/\\\/www.laazada.com\\\/wp-content\\\/uploads\\\/2026\\\/01\\\/cropped-site-icon.png\",\"contentUrl\":\"https:\\\/\\\/www.laazada.com\\\/wp-content\\\/uploads\\\/2026\\\/01\\\/cropped-site-icon.png\",\"width\":512,\"height\":512,\"caption\":\"La Azada\"},\"image\":{\"@id\":\"https:\\\/\\\/www.laazada.com\\\/#\\\/schema\\\/logo\\\/image\\\/\"}}]}<\/script>\n<!-- \/ Yoast SEO plugin. -->","yoast_head_json":{"title":"Hot Revolution T-Shirt| La Azada","description":"La Revoluci\u00f3n del Picante\" isn\u2019t just a t-shirt \u2014 it\u2019s a declaration of war against the bland!","robots":{"index":"index","follow":"follow","max-snippet":"max-snippet:-1","max-image-preview":"max-image-preview:large","max-video-preview":"max-video-preview:-1"},"canonical":"https:\/\/www.laazada.com\/es\/producto\/la-azada-revolution-tshirt\/","og_locale":"es_ES","og_type":"article","og_title":"Hot Revolution T-Shirt| La Azada","og_description":"La Revoluci\u00f3n del Picante\" isn\u2019t just a t-shirt \u2014 it\u2019s a declaration of war against the bland!","og_url":"https:\/\/www.laazada.com\/es\/producto\/la-azada-revolution-tshirt\/","og_site_name":"La Azada","article_modified_time":"2026-04-14T19:01:06+00:00","og_image":[{"width":900,"height":1240,"url":"https:\/\/www.laazada.com\/wp-content\/uploads\/2026\/04\/LaAzada-Revolution-TShirt.jpg","type":"image\/jpeg"}],"twitter_card":"summary_large_image","twitter_misc":{"Tiempo de lectura":"1 minuto"},"schema":{"@context":"https:\/\/schema.org","@graph":[{"@type":"WebPage","@id":"https:\/\/www.laazada.com\/product\/la-azada-revolution-tshirt\/","url":"https:\/\/www.laazada.com\/product\/la-azada-revolution-tshirt\/","name":"Hot Revolution T-Shirt| La Azada","isPartOf":{"@id":"https:\/\/www.laazada.com\/#website"},"primaryImageOfPage":{"@id":"https:\/\/www.laazada.com\/product\/la-azada-revolution-tshirt\/#primaryimage"},"image":{"@id":"https:\/\/www.laazada.com\/product\/la-azada-revolution-tshirt\/#primaryimage"},"thumbnailUrl":"https:\/\/www.laazada.com\/wp-content\/uploads\/2026\/04\/LaAzada-Revolution-TShirt.jpg","datePublished":"2026-04-14T12:18:33+00:00","dateModified":"2026-04-14T19:01:06+00:00","description":"La Revoluci\u00f3n del Picante\" isn\u2019t just a t-shirt \u2014 it\u2019s a declaration of war against the bland!","breadcrumb":{"@id":"https:\/\/www.laazada.com\/product\/la-azada-revolution-tshirt\/#breadcrumb"},"inLanguage":"es","potentialAction":[{"@type":"ReadAction","target":["https:\/\/www.laazada.com\/product\/la-azada-revolution-tshirt\/"]}]},{"@type":"ImageObject","inLanguage":"es","@id":"https:\/\/www.laazada.com\/product\/la-azada-revolution-tshirt\/#primaryimage","url":"https:\/\/www.laazada.com\/wp-content\/uploads\/2026\/04\/LaAzada-Revolution-TShirt.jpg","contentUrl":"https:\/\/www.laazada.com\/wp-content\/uploads\/2026\/04\/LaAzada-Revolution-TShirt.jpg","width":900,"height":1240},{"@type":"BreadcrumbList","@id":"https:\/\/www.laazada.com\/product\/la-azada-revolution-tshirt\/#breadcrumb","itemListElement":[{"@type":"ListItem","position":1,"name":"Home","item":"https:\/\/www.laazada.com\/"},{"@type":"ListItem","position":2,"name":"Shop","item":"https:\/\/www.laazada.com\/shop\/"},{"@type":"ListItem","position":3,"name":"La Camiseta de la Revoluci\u00f3n"}]},{"@type":"WebSite","@id":"https:\/\/www.laazada.com\/#website","url":"https:\/\/www.laazada.com\/","name":"La Azada","description":"\u00a1El sabor de Espa\u00f1a en cada llama!","publisher":{"@id":"https:\/\/www.laazada.com\/#organization"},"potentialAction":[{"@type":"SearchAction","target":{"@type":"EntryPoint","urlTemplate":"https:\/\/www.laazada.com\/?s={search_term_string}"},"query-input":{"@type":"PropertyValueSpecification","valueRequired":true,"valueName":"search_term_string"}}],"inLanguage":"es"},{"@type":"Organization","@id":"https:\/\/www.laazada.com\/#organization","name":"La Azada","url":"https:\/\/www.laazada.com\/","logo":{"@type":"ImageObject","inLanguage":"es","@id":"https:\/\/www.laazada.com\/#\/schema\/logo\/image\/","url":"https:\/\/www.laazada.com\/wp-content\/uploads\/2026\/01\/cropped-site-icon.png","contentUrl":"https:\/\/www.laazada.com\/wp-content\/uploads\/2026\/01\/cropped-site-icon.png","width":512,"height":512,"caption":"La Azada"},"image":{"@id":"https:\/\/www.laazada.com\/#\/schema\/logo\/image\/"}}]}},"_links":{"self":[{"href":"https:\/\/www.laazada.com\/es\/wp-json\/wp\/v2\/product\/4361","targetHints":{"allow":["GET"]}}],"collection":[{"href":"https:\/\/www.laazada.com\/es\/wp-json\/wp\/v2\/product"}],"about":[{"href":"https:\/\/www.laazada.com\/es\/wp-json\/wp\/v2\/types\/product"}],"replies":[{"embeddable":true,"href":"https:\/\/www.laazada.com\/es\/wp-json\/wp\/v2\/comments?post=4361"}],"version-history":[{"count":5,"href":"https:\/\/www.laazada.com\/es\/wp-json\/wp\/v2\/product\/4361\/revisions"}],"predecessor-version":[{"id":4385,"href":"https:\/\/www.laazada.com\/es\/wp-json\/wp\/v2\/product\/4361\/revisions\/4385"}],"wp:featuredmedia":[{"embeddable":true,"href":"https:\/\/www.laazada.com\/es\/wp-json\/wp\/v2\/media\/4383"}],"wp:attachment":[{"href":"https:\/\/www.laazada.com\/es\/wp-json\/wp\/v2\/media?parent=4361"}],"wp:term":[{"taxonomy":"product_brand","embeddable":true,"href":"https:\/\/www.laazada.com\/es\/wp-json\/wp\/v2\/product_brand?post=4361"},{"taxonomy":"product_cat","embeddable":true,"href":"https:\/\/www.laazada.com\/es\/wp-json\/wp\/v2\/product_cat?post=4361"},{"taxonomy":"product_tag","embeddable":true,"href":"https:\/\/www.laazada.com\/es\/wp-json\/wp\/v2\/product_tag?post=4361"}],"curies":[{"name":"wp","href":"https:\/\/api.w.org\/{rel}","templated":true}]}}