{"id":4050,"date":"2026-03-27T14:38:50","date_gmt":"2026-03-27T13:38:50","guid":{"rendered":"https:\/\/www.laazada.com\/?post_type=product&#038;p=4050"},"modified":"2026-04-03T14:09:16","modified_gmt":"2026-04-03T12:09:16","slug":"granada-picante-spicy-chili-street-food-tour","status":"publish","type":"product","link":"https:\/\/www.laazada.com\/es\/producto\/granada-picante-spicy-chili-street-food-tour\/","title":{"rendered":"Granada Picante Tour"},"content":{"rendered":"<div data-elementor-type=\"wp-post\" data-elementor-id=\"4050\" class=\"elementor elementor-4050\">\n\t\t\t\t\t\t<section class=\"elementor-section elementor-top-section elementor-element elementor-element-a1ec4a5 elementor-section-boxed elementor-section-height-default elementor-section-height-default qodef-elementor-content-no\" data-id=\"a1ec4a5\" data-element_type=\"section\" data-e-type=\"section\">\n\t\t\t\t\t\t<div class=\"elementor-container elementor-column-gap-default\">\n\t\t\t\t\t<div class=\"elementor-column elementor-col-100 elementor-top-column elementor-element elementor-element-e78de51\" data-id=\"e78de51\" data-element_type=\"column\" data-e-type=\"column\">\n\t\t\t<div class=\"elementor-widget-wrap elementor-element-populated\">\n\t\t\t\t\t\t<div class=\"elementor-element elementor-element-5267a62 elementor-widget elementor-widget-heading\" data-id=\"5267a62\" data-element_type=\"widget\" data-e-type=\"widget\" data-widget_type=\"heading.default\">\n\t\t\t\t<div class=\"elementor-widget-container\">\n\t\t\t\t\t<p class=\"elementor-heading-title elementor-size-default\">Vivamus at odio et mi ultricies pharetra in sed enim. Etiam eu nunc sit amet quam lupus pharetra pulvinar eget nec metus. Curabitur molestie lorem a libero ultricies ornare. Elementum at semper nulla nullam metus id aliquam.<\/p>\t\t\t\t<\/div>\n\t\t\t\t<\/div>\n\t\t\t\t\t<\/div>\n\t\t<\/div>\n\t\t\t\t\t<\/div>\n\t\t<\/section>\n\t\t\t\t<\/div>","protected":false},"excerpt":{"rendered":"<div id=\"versionEditor2\">\n<h3><strong>\u00a1Descubre el lado picante de Granada con esta tapa que te dejar\u00e1 sin aliento!<\/strong><\/h3>\n<p>El mejor tour de tapas, desde los cl\u00e1sicos pimientos espa\u00f1oles suaves y patatas bravas hasta los picantes sabores mexicanos y sudamericanos, todo ello regado con una refrescante cerveza artesanal.<\/p>\n<p>\u00a1Descubre 500 a\u00f1os de historia del pimiento, desde el piment\u00f3n ahumado hasta el fuego andaluz! Tapas, sabores fusi\u00f3n y cerveza artesanal en el coraz\u00f3n de Granada. \u00a1La historia nunca tuvo un sabor tan picante!<\/p>\n<div><strong>\u23f0 14h30 to 17h00<\/strong><\/div>\n<div><strong>\ud83d\udccd FIVE FOODIE STOPS<\/strong><\/div>\n<div><strong>\ud83c\udf7a INCL. TWO CRAFT BREWPUBS (CRAFT BEER INCLUDED)<\/strong><\/div>\n<div><strong>\ud83d\udd25 FIVE SPICY DISHES! (ALL FOOD INCLUDED)<\/strong><\/div>\n<div><strong>\ud83c\udf36\ufe0f POWERED BY LA AZADA HOT SAUCES!<\/strong><\/div>\n<div><strong>\ud83e\udd64 OPCIONES SIN ALCOHOL<\/strong><\/div>\n<div><strong>\ud83c\udf43 \u00a1OPCIONES VEGETARIANAS DISPONIBLES!<\/strong><\/div>\n<div><strong>\ud83d\udc4b INGL\u00c9S O ESPA\u00d1OL<\/strong><\/div>\n<div>\n<p><strong>\ud83d\udd25 DE LEVE A EXTREMO<\/strong><\/p>\n<h6 style=\"padding: 15px; background-color: #fff; width: fit-content;\"><a href=\"https:\/\/www.laazada.com\/es\/granada-picante-tour\/\" target=\"_blank\" rel=\"noopener\">LEER M\u00c1S<\/a><\/h6>\n<\/div>\n<\/div>\n<div class=\"wpcf7 no-js\" id=\"wpcf7-f4101-o1\" lang=\"en-US\" dir=\"ltr\" data-wpcf7-id=\"4101\">\n<div class=\"screen-reader-response\">\n<p role=\"status\" aria-live=\"polite\" aria-atomic=\"true\">\n<ul><\/ul>\n<\/div>\n<form action=\"\/es\/wp-json\/wp\/v2\/product\/4050#wpcf7-f4101-o1\" method=\"post\" class=\"wpcf7-form init\" aria-label=\"Contact form\" novalidate=\"novalidate\" data-status=\"init\" data-trp-original-action=\"\/es\/wp-json\/wp\/v2\/product\/4050#wpcf7-f4101-o1\">\n<fieldset class=\"hidden-fields-container\"><input type=\"hidden\" name=\"_wpcf7\" value=\"4101\" \/><input type=\"hidden\" name=\"_wpcf7_version\" value=\"6.1.5\" \/><input type=\"hidden\" name=\"_wpcf7_locale\" value=\"en_US\" \/><input type=\"hidden\" name=\"_wpcf7_unit_tag\" value=\"wpcf7-f4101-o1\" \/><input type=\"hidden\" name=\"_wpcf7_container_post\" value=\"0\" \/><input type=\"hidden\" name=\"_wpcf7_posted_data_hash\" value=\"\" \/><br \/>\n<\/fieldset>\n<p><label>Su Nombre (*requerido)<br \/>\n<span class=\"wpcf7-form-control-wrap\" data-name=\"your-name\"><input size=\"40\" maxlength=\"400\" class=\"wpcf7-form-control wpcf7-text wpcf7-validates-as-required\" aria-required=\"true\" aria-invalid=\"false\" value=\"\" type=\"text\" name=\"your-name\" \/><\/span><\/label><\/p>\n<p><label>Correo electr\u00f3nico (*requerido)<br \/>\n<span class=\"wpcf7-form-control-wrap\" data-name=\"your-email\"><input size=\"40\" maxlength=\"400\" class=\"wpcf7-form-control wpcf7-email wpcf7-validates-as-required wpcf7-text wpcf7-validates-as-email\" aria-required=\"true\" aria-invalid=\"false\" value=\"\" type=\"email\" name=\"your-email\" \/><\/span><\/label><\/p>\n<div style=\"display: grid; grid-template-columns: 1fr 1fr; max-width: 100%; margin: 0 auto;\">\n<div>\n<label>Tour Date (*required)<\/label><br \/>\n        <span  class=\"wpcf7-form-control-wrap datepicker-tour\" data-name=\"datepicker-tour\"><br \/>\n        \t<input size=\"40\" class=\"wpcf7-form-control wpcf7-datepicker wpcf7-validates-as-required datepicker gmdpcf_datepicker\" id=\"tourDatePicker\" value=\"\" min_val=\"current|plus|2|days\" max_val=\"no_limit\" disable_weekdays=\"\" aria-required=\"true\" aria-invalid=\"false\" type=\"text\" name=\"datepicker-tour\" \/><br \/>\n        \t\t\t<\/span><\/p>\n<\/div>\n<div>\n<label>Guests (*required)<\/label><br \/>\n<span class=\"wpcf7-form-control-wrap\" data-name=\"select-guests\"><select class=\"wpcf7-form-control wpcf7-select wpcf7-validates-as-required\" aria-required=\"true\" aria-invalid=\"false\" name=\"select-guests\"><option value=\"\">Select<\/option><option value=\"1 Guest 84\u20ac\">1 Guest 84\u20ac<\/option><option value=\"2 Guests 82\u20ac\/pp\">2 Guests 82\u20ac\/pp<\/option><option value=\"3 Guests 80\u20ac\/pp\">3 Guests 80\u20ac\/pp<\/option><option value=\"4 Guests 78\u20ac\/pp\">4 Guests 78\u20ac\/pp<\/option><option value=\"5 Guests 76\u20ac\/pp\">5 Guests 76\u20ac\/pp<\/option><option value=\"6 Guests 74\u20ac\/pp\">6 Guests 74\u20ac\/pp<\/option><option value=\"7 Guests 72\u20ac\/pp\">7 Guests 72\u20ac\/pp<\/option><option value=\"8+ Guests 70\u20ac\/pp\">8+ Guests 70\u20ac\/pp<\/option><\/select><\/span>\n<\/div>\n<\/div>\n<p><input class=\"wpcf7-form-control wpcf7-submit has-spinner\" type=\"submit\" value=\"RESERVAR\" \/><\/p>\n<div class=\"wpcf7-response-output\" aria-hidden=\"true\"><\/div>\n<input type=\"hidden\" name=\"trp-form-language\" value=\"es\"\/><\/form>\n<\/div>","protected":false},"featured_media":4058,"comment_status":"open","ping_status":"closed","template":"","meta":{"content-type":""},"product_brand":[],"product_cat":[89],"product_tag":[],"class_list":{"0":"post-4050","1":"product","2":"type-product","3":"status-publish","4":"has-post-thumbnail","6":"product_cat-tours-tasting-giftvouchers","8":"first","9":"outofstock","10":"virtual","11":"taxable","12":"purchasable","13":"product-type-simple"},"yoast_head":"<!-- This site is optimized with the Yoast SEO plugin v27.4 - https:\/\/yoast.com\/product\/yoast-seo-wordpress\/ -->\n<title>Granada Chilli Tour<\/title>\n<meta name=\"description\" content=\"Join the ultimate Granada Chilli Tour and learn about hot peppers, paired with local craft beer! The ultimate tapas burn, milk not included...\" \/>\n<meta name=\"robots\" content=\"index, follow, max-snippet:-1, max-image-preview:large, max-video-preview:-1\" \/>\n<link rel=\"canonical\" href=\"https:\/\/www.laazada.com\/es\/producto\/granada-picante-spicy-chili-street-food-tour\/\" \/>\n<meta property=\"og:locale\" content=\"es_ES\" \/>\n<meta property=\"og:type\" content=\"article\" \/>\n<meta property=\"og:title\" content=\"Granada Chilli Tour\" \/>\n<meta property=\"og:description\" content=\"Join the ultimate Granada Chilli Tour and learn about hot peppers, paired with local craft beer! The ultimate tapas burn, milk not included...\" \/>\n<meta property=\"og:url\" content=\"https:\/\/www.laazada.com\/es\/producto\/granada-picante-spicy-chili-street-food-tour\/\" \/>\n<meta property=\"og:site_name\" content=\"La Azada\" \/>\n<meta property=\"article:modified_time\" content=\"2026-04-03T12:09:16+00:00\" \/>\n<meta property=\"og:image\" content=\"https:\/\/www.laazada.com\/wp-content\/uploads\/2026\/03\/Granada-Picate-Chili-Tour.jpg\" \/>\n\t<meta property=\"og:image:width\" content=\"900\" \/>\n\t<meta property=\"og:image:height\" content=\"1240\" \/>\n\t<meta property=\"og:image:type\" content=\"image\/jpeg\" \/>\n<meta name=\"twitter:card\" content=\"summary_large_image\" \/>\n<meta name=\"twitter:label1\" content=\"Tiempo de lectura\" \/>\n\t<meta name=\"twitter:data1\" content=\"1 minuto\" \/>\n<script type=\"application\/ld+json\" class=\"yoast-schema-graph\">{\"@context\":\"https:\\\/\\\/schema.org\",\"@graph\":[{\"@type\":\"WebPage\",\"@id\":\"https:\\\/\\\/www.laazada.com\\\/product\\\/granada-picante-spicy-chili-street-food-tour\\\/\",\"url\":\"https:\\\/\\\/www.laazada.com\\\/product\\\/granada-picante-spicy-chili-street-food-tour\\\/\",\"name\":\"Granada Chilli Tour\",\"isPartOf\":{\"@id\":\"https:\\\/\\\/www.laazada.com\\\/#website\"},\"primaryImageOfPage\":{\"@id\":\"https:\\\/\\\/www.laazada.com\\\/product\\\/granada-picante-spicy-chili-street-food-tour\\\/#primaryimage\"},\"image\":{\"@id\":\"https:\\\/\\\/www.laazada.com\\\/product\\\/granada-picante-spicy-chili-street-food-tour\\\/#primaryimage\"},\"thumbnailUrl\":\"https:\\\/\\\/www.laazada.com\\\/wp-content\\\/uploads\\\/2026\\\/03\\\/Granada-Picate-Chili-Tour.jpg\",\"datePublished\":\"2026-03-27T13:38:50+00:00\",\"dateModified\":\"2026-04-03T12:09:16+00:00\",\"description\":\"Join the ultimate Granada Chilli Tour and learn about hot peppers, paired with local craft beer! The ultimate tapas burn, milk not included...\",\"breadcrumb\":{\"@id\":\"https:\\\/\\\/www.laazada.com\\\/product\\\/granada-picante-spicy-chili-street-food-tour\\\/#breadcrumb\"},\"inLanguage\":\"es\",\"potentialAction\":[{\"@type\":\"ReadAction\",\"target\":[\"https:\\\/\\\/www.laazada.com\\\/product\\\/granada-picante-spicy-chili-street-food-tour\\\/\"]}]},{\"@type\":\"ImageObject\",\"inLanguage\":\"es\",\"@id\":\"https:\\\/\\\/www.laazada.com\\\/product\\\/granada-picante-spicy-chili-street-food-tour\\\/#primaryimage\",\"url\":\"https:\\\/\\\/www.laazada.com\\\/wp-content\\\/uploads\\\/2026\\\/03\\\/Granada-Picate-Chili-Tour.jpg\",\"contentUrl\":\"https:\\\/\\\/www.laazada.com\\\/wp-content\\\/uploads\\\/2026\\\/03\\\/Granada-Picate-Chili-Tour.jpg\",\"width\":900,\"height\":1240},{\"@type\":\"BreadcrumbList\",\"@id\":\"https:\\\/\\\/www.laazada.com\\\/product\\\/granada-picante-spicy-chili-street-food-tour\\\/#breadcrumb\",\"itemListElement\":[{\"@type\":\"ListItem\",\"position\":1,\"name\":\"Home\",\"item\":\"https:\\\/\\\/www.laazada.com\\\/\"},{\"@type\":\"ListItem\",\"position\":2,\"name\":\"Shop\",\"item\":\"https:\\\/\\\/www.laazada.com\\\/shop\\\/\"},{\"@type\":\"ListItem\",\"position\":3,\"name\":\"Granada Picante Tour\"}]},{\"@type\":\"WebSite\",\"@id\":\"https:\\\/\\\/www.laazada.com\\\/#website\",\"url\":\"https:\\\/\\\/www.laazada.com\\\/\",\"name\":\"La Azada\",\"description\":\"Taste Spain in Every Flame!\",\"publisher\":{\"@id\":\"https:\\\/\\\/www.laazada.com\\\/#organization\"},\"potentialAction\":[{\"@type\":\"SearchAction\",\"target\":{\"@type\":\"EntryPoint\",\"urlTemplate\":\"https:\\\/\\\/www.laazada.com\\\/?s={search_term_string}\"},\"query-input\":{\"@type\":\"PropertyValueSpecification\",\"valueRequired\":true,\"valueName\":\"search_term_string\"}}],\"inLanguage\":\"es\"},{\"@type\":\"Organization\",\"@id\":\"https:\\\/\\\/www.laazada.com\\\/#organization\",\"name\":\"La Azada\",\"url\":\"https:\\\/\\\/www.laazada.com\\\/\",\"logo\":{\"@type\":\"ImageObject\",\"inLanguage\":\"es\",\"@id\":\"https:\\\/\\\/www.laazada.com\\\/#\\\/schema\\\/logo\\\/image\\\/\",\"url\":\"https:\\\/\\\/www.laazada.com\\\/wp-content\\\/uploads\\\/2026\\\/01\\\/cropped-site-icon.png\",\"contentUrl\":\"https:\\\/\\\/www.laazada.com\\\/wp-content\\\/uploads\\\/2026\\\/01\\\/cropped-site-icon.png\",\"width\":512,\"height\":512,\"caption\":\"La Azada\"},\"image\":{\"@id\":\"https:\\\/\\\/www.laazada.com\\\/#\\\/schema\\\/logo\\\/image\\\/\"}}]}<\/script>\n<!-- \/ Yoast SEO plugin. -->","yoast_head_json":{"title":"Granada Chilli Tour","description":"Join the ultimate Granada Chilli Tour and learn about hot peppers, paired with local craft beer! The ultimate tapas burn, milk not included...","robots":{"index":"index","follow":"follow","max-snippet":"max-snippet:-1","max-image-preview":"max-image-preview:large","max-video-preview":"max-video-preview:-1"},"canonical":"https:\/\/www.laazada.com\/es\/producto\/granada-picante-spicy-chili-street-food-tour\/","og_locale":"es_ES","og_type":"article","og_title":"Granada Chilli Tour","og_description":"Join the ultimate Granada Chilli Tour and learn about hot peppers, paired with local craft beer! The ultimate tapas burn, milk not included...","og_url":"https:\/\/www.laazada.com\/es\/producto\/granada-picante-spicy-chili-street-food-tour\/","og_site_name":"La Azada","article_modified_time":"2026-04-03T12:09:16+00:00","og_image":[{"width":900,"height":1240,"url":"https:\/\/www.laazada.com\/wp-content\/uploads\/2026\/03\/Granada-Picate-Chili-Tour.jpg","type":"image\/jpeg"}],"twitter_card":"summary_large_image","twitter_misc":{"Tiempo de lectura":"1 minuto"},"schema":{"@context":"https:\/\/schema.org","@graph":[{"@type":"WebPage","@id":"https:\/\/www.laazada.com\/product\/granada-picante-spicy-chili-street-food-tour\/","url":"https:\/\/www.laazada.com\/product\/granada-picante-spicy-chili-street-food-tour\/","name":"Granada Chilli Tour","isPartOf":{"@id":"https:\/\/www.laazada.com\/#website"},"primaryImageOfPage":{"@id":"https:\/\/www.laazada.com\/product\/granada-picante-spicy-chili-street-food-tour\/#primaryimage"},"image":{"@id":"https:\/\/www.laazada.com\/product\/granada-picante-spicy-chili-street-food-tour\/#primaryimage"},"thumbnailUrl":"https:\/\/www.laazada.com\/wp-content\/uploads\/2026\/03\/Granada-Picate-Chili-Tour.jpg","datePublished":"2026-03-27T13:38:50+00:00","dateModified":"2026-04-03T12:09:16+00:00","description":"Join the ultimate Granada Chilli Tour and learn about hot peppers, paired with local craft beer! The ultimate tapas burn, milk not included...","breadcrumb":{"@id":"https:\/\/www.laazada.com\/product\/granada-picante-spicy-chili-street-food-tour\/#breadcrumb"},"inLanguage":"es","potentialAction":[{"@type":"ReadAction","target":["https:\/\/www.laazada.com\/product\/granada-picante-spicy-chili-street-food-tour\/"]}]},{"@type":"ImageObject","inLanguage":"es","@id":"https:\/\/www.laazada.com\/product\/granada-picante-spicy-chili-street-food-tour\/#primaryimage","url":"https:\/\/www.laazada.com\/wp-content\/uploads\/2026\/03\/Granada-Picate-Chili-Tour.jpg","contentUrl":"https:\/\/www.laazada.com\/wp-content\/uploads\/2026\/03\/Granada-Picate-Chili-Tour.jpg","width":900,"height":1240},{"@type":"BreadcrumbList","@id":"https:\/\/www.laazada.com\/product\/granada-picante-spicy-chili-street-food-tour\/#breadcrumb","itemListElement":[{"@type":"ListItem","position":1,"name":"Home","item":"https:\/\/www.laazada.com\/"},{"@type":"ListItem","position":2,"name":"Shop","item":"https:\/\/www.laazada.com\/shop\/"},{"@type":"ListItem","position":3,"name":"Granada Picante Tour"}]},{"@type":"WebSite","@id":"https:\/\/www.laazada.com\/#website","url":"https:\/\/www.laazada.com\/","name":"La Azada","description":"\u00a1El sabor de Espa\u00f1a en cada llama!","publisher":{"@id":"https:\/\/www.laazada.com\/#organization"},"potentialAction":[{"@type":"SearchAction","target":{"@type":"EntryPoint","urlTemplate":"https:\/\/www.laazada.com\/?s={search_term_string}"},"query-input":{"@type":"PropertyValueSpecification","valueRequired":true,"valueName":"search_term_string"}}],"inLanguage":"es"},{"@type":"Organization","@id":"https:\/\/www.laazada.com\/#organization","name":"La Azada","url":"https:\/\/www.laazada.com\/","logo":{"@type":"ImageObject","inLanguage":"es","@id":"https:\/\/www.laazada.com\/#\/schema\/logo\/image\/","url":"https:\/\/www.laazada.com\/wp-content\/uploads\/2026\/01\/cropped-site-icon.png","contentUrl":"https:\/\/www.laazada.com\/wp-content\/uploads\/2026\/01\/cropped-site-icon.png","width":512,"height":512,"caption":"La Azada"},"image":{"@id":"https:\/\/www.laazada.com\/#\/schema\/logo\/image\/"}}]}},"_links":{"self":[{"href":"https:\/\/www.laazada.com\/es\/wp-json\/wp\/v2\/product\/4050","targetHints":{"allow":["GET"]}}],"collection":[{"href":"https:\/\/www.laazada.com\/es\/wp-json\/wp\/v2\/product"}],"about":[{"href":"https:\/\/www.laazada.com\/es\/wp-json\/wp\/v2\/types\/product"}],"replies":[{"embeddable":true,"href":"https:\/\/www.laazada.com\/es\/wp-json\/wp\/v2\/comments?post=4050"}],"version-history":[{"count":5,"href":"https:\/\/www.laazada.com\/es\/wp-json\/wp\/v2\/product\/4050\/revisions"}],"predecessor-version":[{"id":4240,"href":"https:\/\/www.laazada.com\/es\/wp-json\/wp\/v2\/product\/4050\/revisions\/4240"}],"wp:featuredmedia":[{"embeddable":true,"href":"https:\/\/www.laazada.com\/es\/wp-json\/wp\/v2\/media\/4058"}],"wp:attachment":[{"href":"https:\/\/www.laazada.com\/es\/wp-json\/wp\/v2\/media?parent=4050"}],"wp:term":[{"taxonomy":"product_brand","embeddable":true,"href":"https:\/\/www.laazada.com\/es\/wp-json\/wp\/v2\/product_brand?post=4050"},{"taxonomy":"product_cat","embeddable":true,"href":"https:\/\/www.laazada.com\/es\/wp-json\/wp\/v2\/product_cat?post=4050"},{"taxonomy":"product_tag","embeddable":true,"href":"https:\/\/www.laazada.com\/es\/wp-json\/wp\/v2\/product_tag?post=4050"}],"curies":[{"name":"wp","href":"https:\/\/api.w.org\/{rel}","templated":true}]}}