{"id":318,"date":"2020-10-14T14:12:57","date_gmt":"2020-10-14T14:12:57","guid":{"rendered":"https:\/\/theq19.qodeinteractive.com\/?post_type=product&#038;p=318"},"modified":"2026-03-21T17:05:21","modified_gmt":"2026-03-21T16:05:21","slug":"pinchito-con-chipotle","status":"publish","type":"product","link":"https:\/\/www.laazada.com\/es\/producto\/pinchito-con-chipotle\/","title":{"rendered":"Pinchito Con Chipotle"},"content":{"rendered":"","protected":false},"excerpt":{"rendered":"<h3><strong>Inspirada en los sabores andaluces, esta salsa picante audaz est\u00e1 elaborada para los mejores pinchitos a la barbacoa (brochetas de carne a la parrilla).<\/strong><\/h3>\n<p>Nuestra chipotle se mezcla con especias moriscas, infundiendo cada bocado con sabor Andalus y un toque de calor ahumado. La uni\u00f3n es alqu\u00edmica: las especias aportan una base compleja y arom\u00e1tica que acuna la profundidad ardiente del chipotle, creando una salsa que sabe a caravanas del desierto y hogueras al aire libre bajo cielos salpicados de estrellas.<\/p>\n<p>El viaje de sabor comienza con el calor inmediato del comino tostado, terroso y ancestral, seguido por el abrazo dulce-ahumado del chipotle que llena la boca como incienso de templo. El comino a\u00f1ade un susurro terroso, mientras que el ajo y el or\u00e9gano aportan un fondo verde y resinoso. El picante se construye despacio y de forma democr\u00e1tica, como una manta c\u00e1lida en lugar de una hoja afilada, dejando el paladar espolvoreado con el recuerdo del humo y el azafr\u00e1n, demostrando que cuando el legado morisco se encuentra con el fuego mexicano, cada comida se convierte en una caravana de sabores que recorre las antiguas rutas entre mundos.<\/p>\n<p>Ungir los pinchitos morunos de cordero o pollo ensartados en brochetas de acero, dejando que la salsa se chamusque ligeramente sobre el carb\u00f3n hasta que el comino cante y el humo ascienda como una oraci\u00f3n visible. \u00dantala sobre berenjenas o bifes de coliflor a la parrilla para transformarlos en algo digno de la mesa de un sult\u00e1n, remu\u00e9vela con garbanzos cocidos junto a espinacas para una revelaci\u00f3n de calor terroso, o empl\u00e9ala como arma secreta en el socarrat de tu paella, y obra magia negra cuando la untas sobre patatas asadas rematadas con una lluvia de cilantro fresco. Cada botella de producci\u00f3n artesanal se elabora a mano con ingredientes naturales y honestos, sin atajos, solo pura... <em>\u201cFire from Andaluc\u00eda\u201d<\/em> with a Mediterranean soul.<\/p>\n<div><strong>\ud83c\udf36\ufe0f CHIPOTLE AHUMADO<\/strong><\/div>\n<div><strong>\ud83d\uddd2\ufe0f PIMIENTOS, CEBOLLA, AJO, VINAGRE, ZUMO DE LIM\u00d3N, C\u00daRCUMA, MEJORANA, PIMIENTA NEGRA, CLAVO, NUEZ MOSCADA, COMINO, HINOJO, SAL.<\/strong><\/div>\n<div><strong>\ud83d\udcaf 100% NATURAL. SIN ADITIVOS ARTIFICIALES NI COLORANTES.<\/strong><\/div>\n<div><strong>\ud83c\udf43 SIN GLUTEN. APTA PARA VEGETARIANOS Y VEGANOS.<\/strong><\/div>\n<div><strong>\ud83d\udd25 4\/10 PICANTE.<\/strong><\/div>","protected":false},"featured_media":3748,"comment_status":"open","ping_status":"closed","template":"","meta":{"content-type":""},"product_brand":[],"product_cat":[82],"product_tag":[],"class_list":{"0":"post-318","1":"product","2":"type-product","3":"status-publish","4":"has-post-thumbnail","6":"product_cat-hot-sauce-heat-4-out-of-10-a-little-hot","8":"first","9":"instock","10":"taxable","11":"shipping-taxable","12":"purchasable","13":"product-type-simple"},"yoast_head":"<!-- This site is optimized with the Yoast SEO plugin v27.4 - https:\/\/yoast.com\/product\/yoast-seo-wordpress\/ -->\n<title>Pinchito Con Chipotle - La Azada<\/title>\n<meta name=\"description\" content=\"Inspired by Andaluc\u00edan street food, this bold yellow hot sauce is crafted for the ultimate \u201cpinchitos\u201d grilled chicken skewers.\" \/>\n<meta name=\"robots\" content=\"index, follow, max-snippet:-1, max-image-preview:large, max-video-preview:-1\" \/>\n<link rel=\"canonical\" href=\"https:\/\/www.laazada.com\/es\/producto\/pinchito-con-chipotle\/\" \/>\n<meta property=\"og:locale\" content=\"es_ES\" \/>\n<meta property=\"og:type\" content=\"article\" \/>\n<meta property=\"og:title\" content=\"Pinchito Con Chipotle - La Azada\" \/>\n<meta property=\"og:description\" content=\"Inspired by Andaluc\u00edan street food, this bold yellow hot sauce is crafted for the ultimate \u201cpinchitos\u201d grilled chicken skewers.\" \/>\n<meta property=\"og:url\" content=\"https:\/\/www.laazada.com\/es\/producto\/pinchito-con-chipotle\/\" \/>\n<meta property=\"og:site_name\" content=\"La Azada\" \/>\n<meta property=\"article:modified_time\" content=\"2026-03-21T16:05:21+00:00\" \/>\n<meta property=\"og:image\" content=\"https:\/\/www.laazada.com\/wp-content\/uploads\/2020\/10\/LA005-PinchitoChipotle-4-10.jpg\" \/>\n\t<meta property=\"og:image:width\" content=\"900\" \/>\n\t<meta property=\"og:image:height\" content=\"1240\" \/>\n\t<meta property=\"og:image:type\" content=\"image\/jpeg\" \/>\n<meta name=\"twitter:card\" content=\"summary_large_image\" \/>\n<meta name=\"twitter:label1\" content=\"Tiempo de lectura\" \/>\n\t<meta name=\"twitter:data1\" content=\"1 minuto\" \/>\n<script type=\"application\/ld+json\" class=\"yoast-schema-graph\">{\"@context\":\"https:\\\/\\\/schema.org\",\"@graph\":[{\"@type\":\"WebPage\",\"@id\":\"https:\\\/\\\/www.laazada.com\\\/product\\\/pinchito-con-chipotle\\\/\",\"url\":\"https:\\\/\\\/www.laazada.com\\\/product\\\/pinchito-con-chipotle\\\/\",\"name\":\"Pinchito Con Chipotle - La Azada\",\"isPartOf\":{\"@id\":\"https:\\\/\\\/www.laazada.com\\\/#website\"},\"primaryImageOfPage\":{\"@id\":\"https:\\\/\\\/www.laazada.com\\\/product\\\/pinchito-con-chipotle\\\/#primaryimage\"},\"image\":{\"@id\":\"https:\\\/\\\/www.laazada.com\\\/product\\\/pinchito-con-chipotle\\\/#primaryimage\"},\"thumbnailUrl\":\"https:\\\/\\\/www.laazada.com\\\/wp-content\\\/uploads\\\/2020\\\/10\\\/LA005-PinchitoChipotle-4-10.jpg\",\"datePublished\":\"2020-10-14T14:12:57+00:00\",\"dateModified\":\"2026-03-21T16:05:21+00:00\",\"description\":\"Inspired by Andaluc\u00edan street food, this bold yellow hot sauce is crafted for the ultimate \u201cpinchitos\u201d grilled chicken skewers.\",\"breadcrumb\":{\"@id\":\"https:\\\/\\\/www.laazada.com\\\/product\\\/pinchito-con-chipotle\\\/#breadcrumb\"},\"inLanguage\":\"es\",\"potentialAction\":[{\"@type\":\"ReadAction\",\"target\":[\"https:\\\/\\\/www.laazada.com\\\/product\\\/pinchito-con-chipotle\\\/\"]}]},{\"@type\":\"ImageObject\",\"inLanguage\":\"es\",\"@id\":\"https:\\\/\\\/www.laazada.com\\\/product\\\/pinchito-con-chipotle\\\/#primaryimage\",\"url\":\"https:\\\/\\\/www.laazada.com\\\/wp-content\\\/uploads\\\/2020\\\/10\\\/LA005-PinchitoChipotle-4-10.jpg\",\"contentUrl\":\"https:\\\/\\\/www.laazada.com\\\/wp-content\\\/uploads\\\/2020\\\/10\\\/LA005-PinchitoChipotle-4-10.jpg\",\"width\":900,\"height\":1240},{\"@type\":\"BreadcrumbList\",\"@id\":\"https:\\\/\\\/www.laazada.com\\\/product\\\/pinchito-con-chipotle\\\/#breadcrumb\",\"itemListElement\":[{\"@type\":\"ListItem\",\"position\":1,\"name\":\"Home\",\"item\":\"https:\\\/\\\/www.laazada.com\\\/\"},{\"@type\":\"ListItem\",\"position\":2,\"name\":\"Shop\",\"item\":\"https:\\\/\\\/www.laazada.com\\\/shop\\\/\"},{\"@type\":\"ListItem\",\"position\":3,\"name\":\"Pinchito Con Chipotle\"}]},{\"@type\":\"WebSite\",\"@id\":\"https:\\\/\\\/www.laazada.com\\\/#website\",\"url\":\"https:\\\/\\\/www.laazada.com\\\/\",\"name\":\"La Azada\",\"description\":\"Taste Spain in Every Flame!\",\"publisher\":{\"@id\":\"https:\\\/\\\/www.laazada.com\\\/#organization\"},\"potentialAction\":[{\"@type\":\"SearchAction\",\"target\":{\"@type\":\"EntryPoint\",\"urlTemplate\":\"https:\\\/\\\/www.laazada.com\\\/?s={search_term_string}\"},\"query-input\":{\"@type\":\"PropertyValueSpecification\",\"valueRequired\":true,\"valueName\":\"search_term_string\"}}],\"inLanguage\":\"es\"},{\"@type\":\"Organization\",\"@id\":\"https:\\\/\\\/www.laazada.com\\\/#organization\",\"name\":\"La Azada\",\"url\":\"https:\\\/\\\/www.laazada.com\\\/\",\"logo\":{\"@type\":\"ImageObject\",\"inLanguage\":\"es\",\"@id\":\"https:\\\/\\\/www.laazada.com\\\/#\\\/schema\\\/logo\\\/image\\\/\",\"url\":\"https:\\\/\\\/www.laazada.com\\\/wp-content\\\/uploads\\\/2026\\\/01\\\/cropped-site-icon.png\",\"contentUrl\":\"https:\\\/\\\/www.laazada.com\\\/wp-content\\\/uploads\\\/2026\\\/01\\\/cropped-site-icon.png\",\"width\":512,\"height\":512,\"caption\":\"La Azada\"},\"image\":{\"@id\":\"https:\\\/\\\/www.laazada.com\\\/#\\\/schema\\\/logo\\\/image\\\/\"}}]}<\/script>\n<!-- \/ Yoast SEO plugin. -->","yoast_head_json":{"title":"Pinchito Con Chipotle - La Azada","description":"Inspirada en la comida andaluza, esta salsa amarilla intensa est\u00e1 creada para ser la compa\u00f1era definitiva de los pinchitos de pollo a la parrilla: audaz, vibrante y sin complejos.","robots":{"index":"index","follow":"follow","max-snippet":"max-snippet:-1","max-image-preview":"max-image-preview:large","max-video-preview":"max-video-preview:-1"},"canonical":"https:\/\/www.laazada.com\/es\/producto\/pinchito-con-chipotle\/","og_locale":"es_ES","og_type":"article","og_title":"Pinchito Con Chipotle - La Azada","og_description":"Inspired by Andaluc\u00edan street food, this bold yellow hot sauce is crafted for the ultimate \u201cpinchitos\u201d grilled chicken skewers.","og_url":"https:\/\/www.laazada.com\/es\/producto\/pinchito-con-chipotle\/","og_site_name":"La Azada","article_modified_time":"2026-03-21T16:05:21+00:00","og_image":[{"width":900,"height":1240,"url":"https:\/\/www.laazada.com\/wp-content\/uploads\/2020\/10\/LA005-PinchitoChipotle-4-10.jpg","type":"image\/jpeg"}],"twitter_card":"summary_large_image","twitter_misc":{"Tiempo de lectura":"1 minuto"},"schema":{"@context":"https:\/\/schema.org","@graph":[{"@type":"WebPage","@id":"https:\/\/www.laazada.com\/product\/pinchito-con-chipotle\/","url":"https:\/\/www.laazada.com\/product\/pinchito-con-chipotle\/","name":"Pinchito Con Chipotle - La Azada","isPartOf":{"@id":"https:\/\/www.laazada.com\/#website"},"primaryImageOfPage":{"@id":"https:\/\/www.laazada.com\/product\/pinchito-con-chipotle\/#primaryimage"},"image":{"@id":"https:\/\/www.laazada.com\/product\/pinchito-con-chipotle\/#primaryimage"},"thumbnailUrl":"https:\/\/www.laazada.com\/wp-content\/uploads\/2020\/10\/LA005-PinchitoChipotle-4-10.jpg","datePublished":"2020-10-14T14:12:57+00:00","dateModified":"2026-03-21T16:05:21+00:00","description":"Inspirada en la comida andaluza, esta salsa amarilla intensa est\u00e1 creada para ser la compa\u00f1era definitiva de los pinchitos de pollo a la parrilla: audaz, vibrante y sin complejos.","breadcrumb":{"@id":"https:\/\/www.laazada.com\/product\/pinchito-con-chipotle\/#breadcrumb"},"inLanguage":"es","potentialAction":[{"@type":"ReadAction","target":["https:\/\/www.laazada.com\/product\/pinchito-con-chipotle\/"]}]},{"@type":"ImageObject","inLanguage":"es","@id":"https:\/\/www.laazada.com\/product\/pinchito-con-chipotle\/#primaryimage","url":"https:\/\/www.laazada.com\/wp-content\/uploads\/2020\/10\/LA005-PinchitoChipotle-4-10.jpg","contentUrl":"https:\/\/www.laazada.com\/wp-content\/uploads\/2020\/10\/LA005-PinchitoChipotle-4-10.jpg","width":900,"height":1240},{"@type":"BreadcrumbList","@id":"https:\/\/www.laazada.com\/product\/pinchito-con-chipotle\/#breadcrumb","itemListElement":[{"@type":"ListItem","position":1,"name":"Home","item":"https:\/\/www.laazada.com\/"},{"@type":"ListItem","position":2,"name":"Shop","item":"https:\/\/www.laazada.com\/shop\/"},{"@type":"ListItem","position":3,"name":"Pinchito Con Chipotle"}]},{"@type":"WebSite","@id":"https:\/\/www.laazada.com\/#website","url":"https:\/\/www.laazada.com\/","name":"La Azada","description":"\u00a1El sabor de Espa\u00f1a en cada llama!","publisher":{"@id":"https:\/\/www.laazada.com\/#organization"},"potentialAction":[{"@type":"SearchAction","target":{"@type":"EntryPoint","urlTemplate":"https:\/\/www.laazada.com\/?s={search_term_string}"},"query-input":{"@type":"PropertyValueSpecification","valueRequired":true,"valueName":"search_term_string"}}],"inLanguage":"es"},{"@type":"Organization","@id":"https:\/\/www.laazada.com\/#organization","name":"La Azada","url":"https:\/\/www.laazada.com\/","logo":{"@type":"ImageObject","inLanguage":"es","@id":"https:\/\/www.laazada.com\/#\/schema\/logo\/image\/","url":"https:\/\/www.laazada.com\/wp-content\/uploads\/2026\/01\/cropped-site-icon.png","contentUrl":"https:\/\/www.laazada.com\/wp-content\/uploads\/2026\/01\/cropped-site-icon.png","width":512,"height":512,"caption":"La Azada"},"image":{"@id":"https:\/\/www.laazada.com\/#\/schema\/logo\/image\/"}}]}},"_links":{"self":[{"href":"https:\/\/www.laazada.com\/es\/wp-json\/wp\/v2\/product\/318","targetHints":{"allow":["GET"]}}],"collection":[{"href":"https:\/\/www.laazada.com\/es\/wp-json\/wp\/v2\/product"}],"about":[{"href":"https:\/\/www.laazada.com\/es\/wp-json\/wp\/v2\/types\/product"}],"replies":[{"embeddable":true,"href":"https:\/\/www.laazada.com\/es\/wp-json\/wp\/v2\/comments?post=318"}],"version-history":[{"count":5,"href":"https:\/\/www.laazada.com\/es\/wp-json\/wp\/v2\/product\/318\/revisions"}],"predecessor-version":[{"id":3567,"href":"https:\/\/www.laazada.com\/es\/wp-json\/wp\/v2\/product\/318\/revisions\/3567"}],"wp:featuredmedia":[{"embeddable":true,"href":"https:\/\/www.laazada.com\/es\/wp-json\/wp\/v2\/media\/3748"}],"wp:attachment":[{"href":"https:\/\/www.laazada.com\/es\/wp-json\/wp\/v2\/media?parent=318"}],"wp:term":[{"taxonomy":"product_brand","embeddable":true,"href":"https:\/\/www.laazada.com\/es\/wp-json\/wp\/v2\/product_brand?post=318"},{"taxonomy":"product_cat","embeddable":true,"href":"https:\/\/www.laazada.com\/es\/wp-json\/wp\/v2\/product_cat?post=318"},{"taxonomy":"product_tag","embeddable":true,"href":"https:\/\/www.laazada.com\/es\/wp-json\/wp\/v2\/product_tag?post=318"}],"curies":[{"name":"wp","href":"https:\/\/api.w.org\/{rel}","templated":true}]}}