{"id":2935,"date":"2026-01-25T19:37:21","date_gmt":"2026-01-25T18:37:21","guid":{"rendered":"https:\/\/www.laazada.com\/?post_type=product&#038;p=2935"},"modified":"2026-04-08T20:45:21","modified_gmt":"2026-04-08T18:45:21","slug":"kiwi-jalapeno","status":"publish","type":"product","link":"https:\/\/www.laazada.com\/es\/producto\/kiwi-jalapeno\/","title":{"rendered":"Ch\u00e1ndal Verde"},"content":{"rendered":"<div data-elementor-type=\"wp-post\" data-elementor-id=\"2935\" class=\"elementor elementor-2935\">\n\t\t\t\t\t\t<section class=\"elementor-section elementor-top-section elementor-element elementor-element-a1ec4a5 elementor-section-boxed elementor-section-height-default elementor-section-height-default qodef-elementor-content-no\" data-id=\"a1ec4a5\" data-element_type=\"section\" data-e-type=\"section\">\n\t\t\t\t\t\t<div class=\"elementor-container elementor-column-gap-default\">\n\t\t\t\t\t<div class=\"elementor-column elementor-col-100 elementor-top-column elementor-element elementor-element-e78de51\" data-id=\"e78de51\" data-element_type=\"column\" data-e-type=\"column\">\n\t\t\t<div class=\"elementor-widget-wrap elementor-element-populated\">\n\t\t\t\t\t\t<div class=\"elementor-element elementor-element-5267a62 elementor-widget elementor-widget-heading\" data-id=\"5267a62\" data-element_type=\"widget\" data-e-type=\"widget\" data-widget_type=\"heading.default\">\n\t\t\t\t<div class=\"elementor-widget-container\">\n\t\t\t\t\t<p class=\"elementor-heading-title elementor-size-default\">Vivamus at odio et mi ultricies pharetra in sed enim. Etiam eu nunc sit amet quam lupus pharetra pulvinar eget nec metus. Curabitur molestie lorem a libero ultricies ornare. Elementum at semper nulla nullam metus id aliquam.<\/p>\t\t\t\t<\/div>\n\t\t\t\t<\/div>\n\t\t\t\t\t<\/div>\n\t\t<\/div>\n\t\t\t\t\t<\/div>\n\t\t<\/section>\n\t\t\t\t<\/div>","protected":false},"excerpt":{"rendered":"<div>\n<h3><strong>\u00a1Ay, verde que te quiero verde! Canci\u00f3n de amor al verde bajo el sol andaluz.<\/strong><\/h3>\n<p>Capturamos el kiwi en el instante exacto en que su carne se vuelve de un dorado verde transl\u00facido, liberando un n\u00e9ctar que es puro rel\u00e1mpago tropical: mieloso y a la vez contra\u00eddo de acidez, violentamente luminoso, con esas min\u00fasculas semillas negras que estallan como caviar terroso sobre la lengua. Frente a esta acidez el\u00e9ctrica, el jalape\u00f1o verde aporta la columna vertebral verdosa: crujiente, herb\u00e1ceo e inmediato, con un calor limpio y vegetal, nunca abrasador, que deja que la compleja vivacidad del kiwi gire y piruetee por encima sin ser eclipsada.\nEl resultado es una salsa que vibra como si la propia selva hubiera decidido bailar.<\/p>\n<p>La experiencia estalla con la acidez inmediata y llena de boca del kiwi \u2014dulce pero feroz, como morder electricidad verde calentada por el sol\u2014,\npara dar paso al jalape\u00f1o que entra fresco, con su aroma a tallo reci\u00e9n cortado, entregando un calor pimientoso que se expande por las mejillas en lugar de atacar la garganta. Las semillas crepitan sutilmente, a\u00f1adiendo una fricci\u00f3n t\u00e1ctil al calor suave. El final es limpio y vigorizante, dejando el paladar refrescado y vibrando de vida \u2014demostrando que cuando la audacia tropical se encuentra con el fuego verde mexicano, cada bocado se convierte en una vibrante declaraci\u00f3n de color vivo.<\/p>\n<p class=\"translation-block\">Ba\u00f1o el ceviche de lubina fresca en su resplandor \u00e1cido para \u201ccocinar\u201d el pescado con un plus de llamas vivas. Roc\u00edala sobre ostras en su media concha y d\u00e9jate dar el beso de sirena que une oc\u00e9ano y huerto en un solo bocado. Pincela el mahi-mahi a la parrilla para que los az\u00facares se caramelicen contra el carb\u00f3n y estallen en contraste perfecto. Revuelve con ensalada de papaya y j\u00edcama y provoca un estallido de crujiente y chispa el\u00e9ctrica. Despierta los tacos de carnitas con ese toque inesperadamente luminoso que transforma lo cotidiano en algo radiante. Cada botella de edici\u00f3n limitada se elabora a mano con ingredientes naturales y sinceros, sin aditivos, solo el <em>fuego de Andaluc\u00eda<\/em> con alma mediterr\u00e1nea.<\/p>\n<div><strong>\ud83c\udf36\ufe0f JALAPE\u00d1O VERDE.<\/strong><\/div>\n<div><strong>\ud83d\uddd2\ufe0f PIMIENTOS, KIWI, CEBOLLA, AJO, VINAGRE, ZUMO DE LIM\u00d3N Y SAL.<\/strong><\/div>\n<div><strong>\ud83d\udcaf 100% NATURAL. SIN ADITIVOS ARTIFICIALES NI COLORANTES.<\/strong><\/div>\n<div><strong>\ud83c\udf43 SIN GLUTEN. APTA PARA VEGETARIANOS Y VEGANOS.<\/strong><\/div>\n<div><strong>\ud83d\udd25 2\/10 SUAVE.<\/strong><\/div>\n<\/div>","protected":false},"featured_media":3765,"comment_status":"open","ping_status":"closed","template":"","meta":{"content-type":""},"product_brand":[],"product_cat":[79],"product_tag":[28,72],"class_list":{"0":"post-2935","1":"product","2":"type-product","3":"status-publish","4":"has-post-thumbnail","6":"product_cat-hot-sauce-heat-2-out-of-10","7":"product_tag-jalapeno","8":"product_tag-mild","10":"first","11":"instock","12":"taxable","13":"shipping-taxable","14":"purchasable","15":"product-type-simple"},"yoast_head":"<!-- This site is optimized with the Yoast SEO plugin v27.4 - https:\/\/yoast.com\/product\/yoast-seo-wordpress\/ -->\n<title>Ch\u00e1ndal Verde Kiwi &amp; Jalape\u00f1o | La Azada<\/title>\n<meta name=\"description\" content=\"\u00a1Ay, verde que te quiero verde! A warm kiwi &amp; jalape\u00f1o love song for green beneath the Andalusian sun.\" \/>\n<meta name=\"robots\" content=\"index, follow, max-snippet:-1, max-image-preview:large, max-video-preview:-1\" \/>\n<link rel=\"canonical\" href=\"https:\/\/www.laazada.com\/es\/producto\/kiwi-jalapeno\/\" \/>\n<meta property=\"og:locale\" content=\"es_ES\" \/>\n<meta property=\"og:type\" content=\"article\" \/>\n<meta property=\"og:title\" content=\"Ch\u00e1ndal Verde Kiwi &amp; Jalape\u00f1o | La Azada\" \/>\n<meta property=\"og:description\" content=\"\u00a1Ay, verde que te quiero verde! A warm kiwi &amp; jalape\u00f1o love song for green beneath the Andalusian sun.\" \/>\n<meta property=\"og:url\" content=\"https:\/\/www.laazada.com\/es\/producto\/kiwi-jalapeno\/\" \/>\n<meta property=\"og:site_name\" content=\"La Azada\" \/>\n<meta property=\"article:modified_time\" content=\"2026-04-08T18:45:21+00:00\" \/>\n<meta property=\"og:image\" content=\"https:\/\/www.laazada.com\/wp-content\/uploads\/2026\/03\/LA015-ChandalVerde-KiwiJalapeno-2-10.jpg\" \/>\n\t<meta property=\"og:image:width\" content=\"900\" \/>\n\t<meta property=\"og:image:height\" content=\"1240\" \/>\n\t<meta property=\"og:image:type\" content=\"image\/jpeg\" \/>\n<meta name=\"twitter:card\" content=\"summary_large_image\" \/>\n<meta name=\"twitter:label1\" content=\"Tiempo de lectura\" \/>\n\t<meta name=\"twitter:data1\" content=\"1 minuto\" \/>\n<script type=\"application\/ld+json\" class=\"yoast-schema-graph\">{\"@context\":\"https:\\\/\\\/schema.org\",\"@graph\":[{\"@type\":\"WebPage\",\"@id\":\"https:\\\/\\\/www.laazada.com\\\/product\\\/kiwi-jalapeno\\\/\",\"url\":\"https:\\\/\\\/www.laazada.com\\\/product\\\/kiwi-jalapeno\\\/\",\"name\":\"Ch\u00e1ndal Verde Kiwi & Jalape\u00f1o | La Azada\",\"isPartOf\":{\"@id\":\"https:\\\/\\\/www.laazada.com\\\/#website\"},\"primaryImageOfPage\":{\"@id\":\"https:\\\/\\\/www.laazada.com\\\/product\\\/kiwi-jalapeno\\\/#primaryimage\"},\"image\":{\"@id\":\"https:\\\/\\\/www.laazada.com\\\/product\\\/kiwi-jalapeno\\\/#primaryimage\"},\"thumbnailUrl\":\"https:\\\/\\\/www.laazada.com\\\/wp-content\\\/uploads\\\/2026\\\/03\\\/LA015-ChandalVerde-KiwiJalapeno-2-10.jpg\",\"datePublished\":\"2026-01-25T18:37:21+00:00\",\"dateModified\":\"2026-04-08T18:45:21+00:00\",\"description\":\"\u00a1Ay, verde que te quiero verde! A warm kiwi & jalape\u00f1o love song for green beneath the Andalusian sun.\",\"breadcrumb\":{\"@id\":\"https:\\\/\\\/www.laazada.com\\\/product\\\/kiwi-jalapeno\\\/#breadcrumb\"},\"inLanguage\":\"es\",\"potentialAction\":[{\"@type\":\"ReadAction\",\"target\":[\"https:\\\/\\\/www.laazada.com\\\/product\\\/kiwi-jalapeno\\\/\"]}]},{\"@type\":\"ImageObject\",\"inLanguage\":\"es\",\"@id\":\"https:\\\/\\\/www.laazada.com\\\/product\\\/kiwi-jalapeno\\\/#primaryimage\",\"url\":\"https:\\\/\\\/www.laazada.com\\\/wp-content\\\/uploads\\\/2026\\\/03\\\/LA015-ChandalVerde-KiwiJalapeno-2-10.jpg\",\"contentUrl\":\"https:\\\/\\\/www.laazada.com\\\/wp-content\\\/uploads\\\/2026\\\/03\\\/LA015-ChandalVerde-KiwiJalapeno-2-10.jpg\",\"width\":900,\"height\":1240,\"caption\":\"Ch\u00e1ndal Verde Kiwi & Jalape\u00f1o \u2013 pure tropical lightning meets crisp green jalape\u00f1o fire! 2\\\/10 MILD heat, bursting with honeyed kiwi tartness, grassy pepper warmth, and those signature seed pops.\"},{\"@type\":\"BreadcrumbList\",\"@id\":\"https:\\\/\\\/www.laazada.com\\\/product\\\/kiwi-jalapeno\\\/#breadcrumb\",\"itemListElement\":[{\"@type\":\"ListItem\",\"position\":1,\"name\":\"Home\",\"item\":\"https:\\\/\\\/www.laazada.com\\\/\"},{\"@type\":\"ListItem\",\"position\":2,\"name\":\"Shop\",\"item\":\"https:\\\/\\\/www.laazada.com\\\/shop\\\/\"},{\"@type\":\"ListItem\",\"position\":3,\"name\":\"Ch\u00e1ndal Verde\"}]},{\"@type\":\"WebSite\",\"@id\":\"https:\\\/\\\/www.laazada.com\\\/#website\",\"url\":\"https:\\\/\\\/www.laazada.com\\\/\",\"name\":\"La Azada\",\"description\":\"Taste Spain in Every Flame!\",\"publisher\":{\"@id\":\"https:\\\/\\\/www.laazada.com\\\/#organization\"},\"potentialAction\":[{\"@type\":\"SearchAction\",\"target\":{\"@type\":\"EntryPoint\",\"urlTemplate\":\"https:\\\/\\\/www.laazada.com\\\/?s={search_term_string}\"},\"query-input\":{\"@type\":\"PropertyValueSpecification\",\"valueRequired\":true,\"valueName\":\"search_term_string\"}}],\"inLanguage\":\"es\"},{\"@type\":\"Organization\",\"@id\":\"https:\\\/\\\/www.laazada.com\\\/#organization\",\"name\":\"La Azada\",\"url\":\"https:\\\/\\\/www.laazada.com\\\/\",\"logo\":{\"@type\":\"ImageObject\",\"inLanguage\":\"es\",\"@id\":\"https:\\\/\\\/www.laazada.com\\\/#\\\/schema\\\/logo\\\/image\\\/\",\"url\":\"https:\\\/\\\/www.laazada.com\\\/wp-content\\\/uploads\\\/2026\\\/01\\\/cropped-site-icon.png\",\"contentUrl\":\"https:\\\/\\\/www.laazada.com\\\/wp-content\\\/uploads\\\/2026\\\/01\\\/cropped-site-icon.png\",\"width\":512,\"height\":512,\"caption\":\"La Azada\"},\"image\":{\"@id\":\"https:\\\/\\\/www.laazada.com\\\/#\\\/schema\\\/logo\\\/image\\\/\"}}]}<\/script>\n<!-- \/ Yoast SEO plugin. -->","yoast_head_json":{"title":"Ch\u00e1ndal Verde Kiwi & Jalape\u00f1o | La Azada","description":"\u00a1Ay, verde que te quiero verde! A warm kiwi & jalape\u00f1o love song for green beneath the Andalusian sun.","robots":{"index":"index","follow":"follow","max-snippet":"max-snippet:-1","max-image-preview":"max-image-preview:large","max-video-preview":"max-video-preview:-1"},"canonical":"https:\/\/www.laazada.com\/es\/producto\/kiwi-jalapeno\/","og_locale":"es_ES","og_type":"article","og_title":"Ch\u00e1ndal Verde Kiwi & Jalape\u00f1o | La Azada","og_description":"\u00a1Ay, verde que te quiero verde! A warm kiwi & jalape\u00f1o love song for green beneath the Andalusian sun.","og_url":"https:\/\/www.laazada.com\/es\/producto\/kiwi-jalapeno\/","og_site_name":"La Azada","article_modified_time":"2026-04-08T18:45:21+00:00","og_image":[{"width":900,"height":1240,"url":"https:\/\/www.laazada.com\/wp-content\/uploads\/2026\/03\/LA015-ChandalVerde-KiwiJalapeno-2-10.jpg","type":"image\/jpeg"}],"twitter_card":"summary_large_image","twitter_misc":{"Tiempo de lectura":"1 minuto"},"schema":{"@context":"https:\/\/schema.org","@graph":[{"@type":"WebPage","@id":"https:\/\/www.laazada.com\/product\/kiwi-jalapeno\/","url":"https:\/\/www.laazada.com\/product\/kiwi-jalapeno\/","name":"Ch\u00e1ndal Verde Kiwi & Jalape\u00f1o | La Azada","isPartOf":{"@id":"https:\/\/www.laazada.com\/#website"},"primaryImageOfPage":{"@id":"https:\/\/www.laazada.com\/product\/kiwi-jalapeno\/#primaryimage"},"image":{"@id":"https:\/\/www.laazada.com\/product\/kiwi-jalapeno\/#primaryimage"},"thumbnailUrl":"https:\/\/www.laazada.com\/wp-content\/uploads\/2026\/03\/LA015-ChandalVerde-KiwiJalapeno-2-10.jpg","datePublished":"2026-01-25T18:37:21+00:00","dateModified":"2026-04-08T18:45:21+00:00","description":"\u00a1Ay, verde que te quiero verde! A warm kiwi & jalape\u00f1o love song for green beneath the Andalusian sun.","breadcrumb":{"@id":"https:\/\/www.laazada.com\/product\/kiwi-jalapeno\/#breadcrumb"},"inLanguage":"es","potentialAction":[{"@type":"ReadAction","target":["https:\/\/www.laazada.com\/product\/kiwi-jalapeno\/"]}]},{"@type":"ImageObject","inLanguage":"es","@id":"https:\/\/www.laazada.com\/product\/kiwi-jalapeno\/#primaryimage","url":"https:\/\/www.laazada.com\/wp-content\/uploads\/2026\/03\/LA015-ChandalVerde-KiwiJalapeno-2-10.jpg","contentUrl":"https:\/\/www.laazada.com\/wp-content\/uploads\/2026\/03\/LA015-ChandalVerde-KiwiJalapeno-2-10.jpg","width":900,"height":1240,"caption":"Ch\u00e1ndal Verde Kiwi & Jalape\u00f1o \u2013 pure tropical lightning meets crisp green jalape\u00f1o fire! 2\/10 MILD heat, bursting with honeyed kiwi tartness, grassy pepper warmth, and those signature seed pops."},{"@type":"BreadcrumbList","@id":"https:\/\/www.laazada.com\/product\/kiwi-jalapeno\/#breadcrumb","itemListElement":[{"@type":"ListItem","position":1,"name":"Home","item":"https:\/\/www.laazada.com\/"},{"@type":"ListItem","position":2,"name":"Shop","item":"https:\/\/www.laazada.com\/shop\/"},{"@type":"ListItem","position":3,"name":"Ch\u00e1ndal Verde"}]},{"@type":"WebSite","@id":"https:\/\/www.laazada.com\/#website","url":"https:\/\/www.laazada.com\/","name":"La Azada","description":"\u00a1El sabor de Espa\u00f1a en cada llama!","publisher":{"@id":"https:\/\/www.laazada.com\/#organization"},"potentialAction":[{"@type":"SearchAction","target":{"@type":"EntryPoint","urlTemplate":"https:\/\/www.laazada.com\/?s={search_term_string}"},"query-input":{"@type":"PropertyValueSpecification","valueRequired":true,"valueName":"search_term_string"}}],"inLanguage":"es"},{"@type":"Organization","@id":"https:\/\/www.laazada.com\/#organization","name":"La Azada","url":"https:\/\/www.laazada.com\/","logo":{"@type":"ImageObject","inLanguage":"es","@id":"https:\/\/www.laazada.com\/#\/schema\/logo\/image\/","url":"https:\/\/www.laazada.com\/wp-content\/uploads\/2026\/01\/cropped-site-icon.png","contentUrl":"https:\/\/www.laazada.com\/wp-content\/uploads\/2026\/01\/cropped-site-icon.png","width":512,"height":512,"caption":"La Azada"},"image":{"@id":"https:\/\/www.laazada.com\/#\/schema\/logo\/image\/"}}]}},"_links":{"self":[{"href":"https:\/\/www.laazada.com\/es\/wp-json\/wp\/v2\/product\/2935","targetHints":{"allow":["GET"]}}],"collection":[{"href":"https:\/\/www.laazada.com\/es\/wp-json\/wp\/v2\/product"}],"about":[{"href":"https:\/\/www.laazada.com\/es\/wp-json\/wp\/v2\/types\/product"}],"replies":[{"embeddable":true,"href":"https:\/\/www.laazada.com\/es\/wp-json\/wp\/v2\/comments?post=2935"}],"version-history":[{"count":5,"href":"https:\/\/www.laazada.com\/es\/wp-json\/wp\/v2\/product\/2935\/revisions"}],"predecessor-version":[{"id":3435,"href":"https:\/\/www.laazada.com\/es\/wp-json\/wp\/v2\/product\/2935\/revisions\/3435"}],"wp:featuredmedia":[{"embeddable":true,"href":"https:\/\/www.laazada.com\/es\/wp-json\/wp\/v2\/media\/3765"}],"wp:attachment":[{"href":"https:\/\/www.laazada.com\/es\/wp-json\/wp\/v2\/media?parent=2935"}],"wp:term":[{"taxonomy":"product_brand","embeddable":true,"href":"https:\/\/www.laazada.com\/es\/wp-json\/wp\/v2\/product_brand?post=2935"},{"taxonomy":"product_cat","embeddable":true,"href":"https:\/\/www.laazada.com\/es\/wp-json\/wp\/v2\/product_cat?post=2935"},{"taxonomy":"product_tag","embeddable":true,"href":"https:\/\/www.laazada.com\/es\/wp-json\/wp\/v2\/product_tag?post=2935"}],"curies":[{"name":"wp","href":"https:\/\/api.w.org\/{rel}","templated":true}]}}