{"id":2790,"date":"2026-01-24T18:03:00","date_gmt":"2026-01-24T17:03:00","guid":{"rendered":"https:\/\/www.laazada.com\/?post_type=product&#038;p=2790"},"modified":"2026-03-21T16:57:49","modified_gmt":"2026-03-21T15:57:49","slug":"fermented-sriracha-nora-jalapeno-garlic","status":"publish","type":"product","link":"https:\/\/www.laazada.com\/es\/producto\/fermented-sriracha-nora-jalapeno-garlic\/","title":{"rendered":"Turbo Doble"},"content":{"rendered":"<div data-elementor-type=\"wp-post\" data-elementor-id=\"2790\" class=\"elementor elementor-2790\">\n\t\t\t\t\t\t<section class=\"elementor-section elementor-top-section elementor-element elementor-element-a1ec4a5 elementor-section-boxed elementor-section-height-default elementor-section-height-default qodef-elementor-content-no\" data-id=\"a1ec4a5\" data-element_type=\"section\" data-e-type=\"section\">\n\t\t\t\t\t\t<div class=\"elementor-container elementor-column-gap-default\">\n\t\t\t\t\t<div class=\"elementor-column elementor-col-100 elementor-top-column elementor-element elementor-element-e78de51\" data-id=\"e78de51\" data-element_type=\"column\" data-e-type=\"column\">\n\t\t\t<div class=\"elementor-widget-wrap elementor-element-populated\">\n\t\t\t\t\t\t<div class=\"elementor-element elementor-element-5267a62 elementor-widget elementor-widget-heading\" data-id=\"5267a62\" data-element_type=\"widget\" data-e-type=\"widget\" data-widget_type=\"heading.default\">\n\t\t\t\t<div class=\"elementor-widget-container\">\n\t\t\t\t\t<p class=\"elementor-heading-title elementor-size-default\">Vivamus at odio et mi ultricies pharetra in sed enim. Etiam eu nunc sit amet quam lupus pharetra pulvinar eget nec metus. Curabitur molestie lorem a libero ultricies ornare. Elementum at semper nulla nullam metus id aliquam.<\/p>\t\t\t\t<\/div>\n\t\t\t\t<\/div>\n\t\t\t\t\t<\/div>\n\t\t<\/div>\n\t\t\t\t\t<\/div>\n\t\t<\/section>\n\t\t\t\t<\/div>","protected":false},"excerpt":{"rendered":"<div id=\"versionEditor2\">\n<h3><strong>Nuestra Sriracha se inspira en el Lejano Oriente pero tiene sus ra\u00edces en las ricas tradiciones de la gastronom\u00eda espa\u00f1ola.<\/strong><\/h3>\n<p>Mezclamos jalape\u00f1o rojo con \u00f1oras frescas, un pilar del sabor espa\u00f1ol, y una generosa cantidad de ajo fresco para una sriracha sin igual. Las profundas notas afrutadas de la \u00f1ora le dan a esta sriracha un toque suave y picante, perfectamente equilibrado por el toque arom\u00e1tico del ajo y el toque picante del jalape\u00f1o. Es sedosa, sabrosa y con m\u00faltiples matices, aportando un toque mediterr\u00e1neo al condimento picante favorito del mundo.<\/p>\n<p class=\"translation-block\">Elaborada artesanalmente en peque\u00f1os lotes,\nesta salsa est\u00e1 pensada para elevar desde mariscos a la parrilla, verduras asadas y paellas hasta bocadillos y huevos revueltos. Unas pocas gotas transforman los platos cotidianos con el fuego inconfundible y la luz del sol de Andaluc\u00eda. Cada botella de edici\u00f3n limitada se elabora a mano con ingredientes naturales y sinceros, sin aditivos, solo el <em>fuego de Andaluc\u00eda<\/em> con alma mediterr\u00e1nea.<\/p>\n<div><strong>\ud83c\udf36\ufe0f \u00d1ORA Y JALAPE\u00d1O ROJO.<\/strong><\/div>\n<div><strong>\ud83d\uddd2\ufe0f PIMIENTOS, CEBOLLA, AJO, VINAGRE, ZUMO DE LIM\u00d3N, AZ\u00daCAR, SAL<\/strong><\/div>\n<div><strong>\ud83d\udcaf 100% NATURAL. SIN ADITIVOS ARTIFICIALES NI COLORANTES.<\/strong><\/div>\n<div><strong>\ud83c\udf43 SIN GLUTEN. APTA PARA VEGETARIANOS Y VEGANOS.<\/strong><\/div>\n<div><strong>\ud83d\udd25 3\/10 SUAVE<\/strong><\/div>\n<\/div>","protected":false},"featured_media":3744,"comment_status":"open","ping_status":"closed","template":"","meta":{"content-type":""},"product_brand":[],"product_cat":[81,53],"product_tag":[28,72,55],"class_list":{"0":"post-2790","1":"product","2":"type-product","3":"status-publish","4":"has-post-thumbnail","6":"product_cat-hot-sauce-heat-3-out-of-10-small-heat","7":"product_cat-sriracha","8":"product_tag-jalapeno","9":"product_tag-mild","10":"product_tag-nora","12":"first","13":"instock","14":"taxable","15":"shipping-taxable","16":"purchasable","17":"product-type-simple"},"yoast_head":"<!-- This site is optimized with the Yoast SEO plugin v27.4 - https:\/\/yoast.com\/product\/yoast-seo-wordpress\/ -->\n<title>Turbo Doble - La Azada<\/title>\n<meta name=\"description\" content=\"Our Sriracha de \u00d1ora, Ajo &amp; Perejil takes inspiration from the Far East but is rooted in the rich traditions of Spanish gastronomy.\" \/>\n<meta name=\"robots\" content=\"index, follow, max-snippet:-1, max-image-preview:large, max-video-preview:-1\" \/>\n<link rel=\"canonical\" href=\"https:\/\/www.laazada.com\/es\/producto\/fermented-sriracha-nora-jalapeno-garlic\/\" \/>\n<meta property=\"og:locale\" content=\"es_ES\" \/>\n<meta property=\"og:type\" content=\"article\" \/>\n<meta property=\"og:title\" content=\"Turbo Doble - La Azada\" \/>\n<meta property=\"og:description\" content=\"Our Sriracha de \u00d1ora, Ajo &amp; Perejil takes inspiration from the Far East but is rooted in the rich traditions of Spanish gastronomy.\" \/>\n<meta property=\"og:url\" content=\"https:\/\/www.laazada.com\/es\/producto\/fermented-sriracha-nora-jalapeno-garlic\/\" \/>\n<meta property=\"og:site_name\" content=\"La Azada\" \/>\n<meta property=\"article:modified_time\" content=\"2026-03-21T15:57:49+00:00\" \/>\n<meta property=\"og:image\" content=\"https:\/\/www.laazada.com\/wp-content\/uploads\/2026\/01\/LA013-SrirachaNora-3-10.jpg\" \/>\n\t<meta property=\"og:image:width\" content=\"900\" \/>\n\t<meta property=\"og:image:height\" content=\"1240\" \/>\n\t<meta property=\"og:image:type\" content=\"image\/jpeg\" \/>\n<meta name=\"twitter:card\" content=\"summary_large_image\" \/>\n<meta name=\"twitter:label1\" content=\"Tiempo de lectura\" \/>\n\t<meta name=\"twitter:data1\" content=\"1 minuto\" \/>\n<script type=\"application\/ld+json\" class=\"yoast-schema-graph\">{\"@context\":\"https:\\\/\\\/schema.org\",\"@graph\":[{\"@type\":\"WebPage\",\"@id\":\"https:\\\/\\\/www.laazada.com\\\/product\\\/fermented-sriracha-nora-jalapeno-garlic\\\/\",\"url\":\"https:\\\/\\\/www.laazada.com\\\/product\\\/fermented-sriracha-nora-jalapeno-garlic\\\/\",\"name\":\"Turbo Doble - La Azada\",\"isPartOf\":{\"@id\":\"https:\\\/\\\/www.laazada.com\\\/#website\"},\"primaryImageOfPage\":{\"@id\":\"https:\\\/\\\/www.laazada.com\\\/product\\\/fermented-sriracha-nora-jalapeno-garlic\\\/#primaryimage\"},\"image\":{\"@id\":\"https:\\\/\\\/www.laazada.com\\\/product\\\/fermented-sriracha-nora-jalapeno-garlic\\\/#primaryimage\"},\"thumbnailUrl\":\"https:\\\/\\\/www.laazada.com\\\/wp-content\\\/uploads\\\/2026\\\/01\\\/LA013-SrirachaNora-3-10.jpg\",\"datePublished\":\"2026-01-24T17:03:00+00:00\",\"dateModified\":\"2026-03-21T15:57:49+00:00\",\"description\":\"Our Sriracha de \u00d1ora, Ajo & Perejil takes inspiration from the Far East but is rooted in the rich traditions of Spanish gastronomy.\",\"breadcrumb\":{\"@id\":\"https:\\\/\\\/www.laazada.com\\\/product\\\/fermented-sriracha-nora-jalapeno-garlic\\\/#breadcrumb\"},\"inLanguage\":\"es\",\"potentialAction\":[{\"@type\":\"ReadAction\",\"target\":[\"https:\\\/\\\/www.laazada.com\\\/product\\\/fermented-sriracha-nora-jalapeno-garlic\\\/\"]}]},{\"@type\":\"ImageObject\",\"inLanguage\":\"es\",\"@id\":\"https:\\\/\\\/www.laazada.com\\\/product\\\/fermented-sriracha-nora-jalapeno-garlic\\\/#primaryimage\",\"url\":\"https:\\\/\\\/www.laazada.com\\\/wp-content\\\/uploads\\\/2026\\\/01\\\/LA013-SrirachaNora-3-10.jpg\",\"contentUrl\":\"https:\\\/\\\/www.laazada.com\\\/wp-content\\\/uploads\\\/2026\\\/01\\\/LA013-SrirachaNora-3-10.jpg\",\"width\":900,\"height\":1240},{\"@type\":\"BreadcrumbList\",\"@id\":\"https:\\\/\\\/www.laazada.com\\\/product\\\/fermented-sriracha-nora-jalapeno-garlic\\\/#breadcrumb\",\"itemListElement\":[{\"@type\":\"ListItem\",\"position\":1,\"name\":\"Home\",\"item\":\"https:\\\/\\\/www.laazada.com\\\/\"},{\"@type\":\"ListItem\",\"position\":2,\"name\":\"Shop\",\"item\":\"https:\\\/\\\/www.laazada.com\\\/shop\\\/\"},{\"@type\":\"ListItem\",\"position\":3,\"name\":\"Turbo Doble\"}]},{\"@type\":\"WebSite\",\"@id\":\"https:\\\/\\\/www.laazada.com\\\/#website\",\"url\":\"https:\\\/\\\/www.laazada.com\\\/\",\"name\":\"La Azada\",\"description\":\"Taste Spain in Every Flame!\",\"publisher\":{\"@id\":\"https:\\\/\\\/www.laazada.com\\\/#organization\"},\"potentialAction\":[{\"@type\":\"SearchAction\",\"target\":{\"@type\":\"EntryPoint\",\"urlTemplate\":\"https:\\\/\\\/www.laazada.com\\\/?s={search_term_string}\"},\"query-input\":{\"@type\":\"PropertyValueSpecification\",\"valueRequired\":true,\"valueName\":\"search_term_string\"}}],\"inLanguage\":\"es\"},{\"@type\":\"Organization\",\"@id\":\"https:\\\/\\\/www.laazada.com\\\/#organization\",\"name\":\"La Azada\",\"url\":\"https:\\\/\\\/www.laazada.com\\\/\",\"logo\":{\"@type\":\"ImageObject\",\"inLanguage\":\"es\",\"@id\":\"https:\\\/\\\/www.laazada.com\\\/#\\\/schema\\\/logo\\\/image\\\/\",\"url\":\"https:\\\/\\\/www.laazada.com\\\/wp-content\\\/uploads\\\/2026\\\/01\\\/cropped-site-icon.png\",\"contentUrl\":\"https:\\\/\\\/www.laazada.com\\\/wp-content\\\/uploads\\\/2026\\\/01\\\/cropped-site-icon.png\",\"width\":512,\"height\":512,\"caption\":\"La Azada\"},\"image\":{\"@id\":\"https:\\\/\\\/www.laazada.com\\\/#\\\/schema\\\/logo\\\/image\\\/\"}}]}<\/script>\n<!-- \/ Yoast SEO plugin. -->","yoast_head_json":{"title":"Turbo Doble - La Azada","description":"Our Sriracha de \u00d1ora, Ajo & Perejil takes inspiration from the Far East but is rooted in the rich traditions of Spanish gastronomy.","robots":{"index":"index","follow":"follow","max-snippet":"max-snippet:-1","max-image-preview":"max-image-preview:large","max-video-preview":"max-video-preview:-1"},"canonical":"https:\/\/www.laazada.com\/es\/producto\/fermented-sriracha-nora-jalapeno-garlic\/","og_locale":"es_ES","og_type":"article","og_title":"Turbo Doble - La Azada","og_description":"Our Sriracha de \u00d1ora, Ajo & Perejil takes inspiration from the Far East but is rooted in the rich traditions of Spanish gastronomy.","og_url":"https:\/\/www.laazada.com\/es\/producto\/fermented-sriracha-nora-jalapeno-garlic\/","og_site_name":"La Azada","article_modified_time":"2026-03-21T15:57:49+00:00","og_image":[{"width":900,"height":1240,"url":"https:\/\/www.laazada.com\/wp-content\/uploads\/2026\/01\/LA013-SrirachaNora-3-10.jpg","type":"image\/jpeg"}],"twitter_card":"summary_large_image","twitter_misc":{"Tiempo de lectura":"1 minuto"},"schema":{"@context":"https:\/\/schema.org","@graph":[{"@type":"WebPage","@id":"https:\/\/www.laazada.com\/product\/fermented-sriracha-nora-jalapeno-garlic\/","url":"https:\/\/www.laazada.com\/product\/fermented-sriracha-nora-jalapeno-garlic\/","name":"Turbo Doble - La Azada","isPartOf":{"@id":"https:\/\/www.laazada.com\/#website"},"primaryImageOfPage":{"@id":"https:\/\/www.laazada.com\/product\/fermented-sriracha-nora-jalapeno-garlic\/#primaryimage"},"image":{"@id":"https:\/\/www.laazada.com\/product\/fermented-sriracha-nora-jalapeno-garlic\/#primaryimage"},"thumbnailUrl":"https:\/\/www.laazada.com\/wp-content\/uploads\/2026\/01\/LA013-SrirachaNora-3-10.jpg","datePublished":"2026-01-24T17:03:00+00:00","dateModified":"2026-03-21T15:57:49+00:00","description":"Our Sriracha de \u00d1ora, Ajo & Perejil takes inspiration from the Far East but is rooted in the rich traditions of Spanish gastronomy.","breadcrumb":{"@id":"https:\/\/www.laazada.com\/product\/fermented-sriracha-nora-jalapeno-garlic\/#breadcrumb"},"inLanguage":"es","potentialAction":[{"@type":"ReadAction","target":["https:\/\/www.laazada.com\/product\/fermented-sriracha-nora-jalapeno-garlic\/"]}]},{"@type":"ImageObject","inLanguage":"es","@id":"https:\/\/www.laazada.com\/product\/fermented-sriracha-nora-jalapeno-garlic\/#primaryimage","url":"https:\/\/www.laazada.com\/wp-content\/uploads\/2026\/01\/LA013-SrirachaNora-3-10.jpg","contentUrl":"https:\/\/www.laazada.com\/wp-content\/uploads\/2026\/01\/LA013-SrirachaNora-3-10.jpg","width":900,"height":1240},{"@type":"BreadcrumbList","@id":"https:\/\/www.laazada.com\/product\/fermented-sriracha-nora-jalapeno-garlic\/#breadcrumb","itemListElement":[{"@type":"ListItem","position":1,"name":"Home","item":"https:\/\/www.laazada.com\/"},{"@type":"ListItem","position":2,"name":"Shop","item":"https:\/\/www.laazada.com\/shop\/"},{"@type":"ListItem","position":3,"name":"Turbo Doble"}]},{"@type":"WebSite","@id":"https:\/\/www.laazada.com\/#website","url":"https:\/\/www.laazada.com\/","name":"La Azada","description":"\u00a1El sabor de Espa\u00f1a en cada llama!","publisher":{"@id":"https:\/\/www.laazada.com\/#organization"},"potentialAction":[{"@type":"SearchAction","target":{"@type":"EntryPoint","urlTemplate":"https:\/\/www.laazada.com\/?s={search_term_string}"},"query-input":{"@type":"PropertyValueSpecification","valueRequired":true,"valueName":"search_term_string"}}],"inLanguage":"es"},{"@type":"Organization","@id":"https:\/\/www.laazada.com\/#organization","name":"La Azada","url":"https:\/\/www.laazada.com\/","logo":{"@type":"ImageObject","inLanguage":"es","@id":"https:\/\/www.laazada.com\/#\/schema\/logo\/image\/","url":"https:\/\/www.laazada.com\/wp-content\/uploads\/2026\/01\/cropped-site-icon.png","contentUrl":"https:\/\/www.laazada.com\/wp-content\/uploads\/2026\/01\/cropped-site-icon.png","width":512,"height":512,"caption":"La Azada"},"image":{"@id":"https:\/\/www.laazada.com\/#\/schema\/logo\/image\/"}}]}},"_links":{"self":[{"href":"https:\/\/www.laazada.com\/es\/wp-json\/wp\/v2\/product\/2790","targetHints":{"allow":["GET"]}}],"collection":[{"href":"https:\/\/www.laazada.com\/es\/wp-json\/wp\/v2\/product"}],"about":[{"href":"https:\/\/www.laazada.com\/es\/wp-json\/wp\/v2\/types\/product"}],"replies":[{"embeddable":true,"href":"https:\/\/www.laazada.com\/es\/wp-json\/wp\/v2\/comments?post=2790"}],"version-history":[{"count":5,"href":"https:\/\/www.laazada.com\/es\/wp-json\/wp\/v2\/product\/2790\/revisions"}],"predecessor-version":[{"id":3488,"href":"https:\/\/www.laazada.com\/es\/wp-json\/wp\/v2\/product\/2790\/revisions\/3488"}],"wp:featuredmedia":[{"embeddable":true,"href":"https:\/\/www.laazada.com\/es\/wp-json\/wp\/v2\/media\/3744"}],"wp:attachment":[{"href":"https:\/\/www.laazada.com\/es\/wp-json\/wp\/v2\/media?parent=2790"}],"wp:term":[{"taxonomy":"product_brand","embeddable":true,"href":"https:\/\/www.laazada.com\/es\/wp-json\/wp\/v2\/product_brand?post=2790"},{"taxonomy":"product_cat","embeddable":true,"href":"https:\/\/www.laazada.com\/es\/wp-json\/wp\/v2\/product_cat?post=2790"},{"taxonomy":"product_tag","embeddable":true,"href":"https:\/\/www.laazada.com\/es\/wp-json\/wp\/v2\/product_tag?post=2790"}],"curies":[{"name":"wp","href":"https:\/\/api.w.org\/{rel}","templated":true}]}}