{"id":2788,"date":"2026-01-24T17:59:54","date_gmt":"2026-01-24T16:59:54","guid":{"rendered":"https:\/\/www.laazada.com\/?post_type=product&#038;p=2788"},"modified":"2026-04-08T20:45:07","modified_gmt":"2026-04-08T18:45:07","slug":"pimiento-padron-habanero-verde","status":"publish","type":"product","link":"https:\/\/www.laazada.com\/es\/producto\/pimiento-padron-habanero-verde\/","title":{"rendered":"La M\u00e1quina Enverdinao"},"content":{"rendered":"<div data-elementor-type=\"wp-post\" data-elementor-id=\"2788\" class=\"elementor elementor-2788\">\n\t\t\t\t\t\t<section class=\"elementor-section elementor-top-section elementor-element elementor-element-a1ec4a5 elementor-section-boxed elementor-section-height-default elementor-section-height-default qodef-elementor-content-no\" data-id=\"a1ec4a5\" data-element_type=\"section\" data-e-type=\"section\">\n\t\t\t\t\t\t<div class=\"elementor-container elementor-column-gap-default\">\n\t\t\t\t\t<div class=\"elementor-column elementor-col-100 elementor-top-column elementor-element elementor-element-e78de51\" data-id=\"e78de51\" data-element_type=\"column\" data-e-type=\"column\">\n\t\t\t<div class=\"elementor-widget-wrap elementor-element-populated\">\n\t\t\t\t\t\t<div class=\"elementor-element elementor-element-5267a62 elementor-widget elementor-widget-heading\" data-id=\"5267a62\" data-element_type=\"widget\" data-e-type=\"widget\" data-widget_type=\"heading.default\">\n\t\t\t\t<div class=\"elementor-widget-container\">\n\t\t\t\t\t<p class=\"elementor-heading-title elementor-size-default\">Vivamus at odio et mi ultricies pharetra in sed enim. Etiam eu nunc sit amet quam lupus pharetra pulvinar eget nec metus. Curabitur molestie lorem a libero ultricies ornare. Elementum at semper nulla nullam metus id aliquam.<\/p>\t\t\t\t<\/div>\n\t\t\t\t<\/div>\n\t\t\t\t\t<\/div>\n\t\t<\/div>\n\t\t\t\t\t<\/div>\n\t\t<\/section>\n\t\t\t\t<\/div>","protected":false},"excerpt":{"rendered":"<div id=\"versionEditor2\">\n<h3><strong>Un giro picante sobre un cl\u00e1sico espa\u00f1ol. Nuestra salsa Pimiento de Padr\u00f3n &amp; Green Habanero re\u00fane los emblem\u00e1ticos pimientos de Padr\u00f3n del norte de Espa\u00f1a \u2014suaves y llenos de car\u00e1cter\u2014 con el calor vivo, fragante y vibrante del habanero verde.\nTodo ello elaborado bajo el sol del sur andaluz.<\/strong><\/h3>\n<p>Los pimientos de Padr\u00f3n son c\u00e9lebres por su delicado sabor herb\u00e1ceo y por ese mordisco juguet\u00f3n e impredecible de picante que a veces aparece. Los fusionamos con habanero verde fresco, incorporando un fuego tropical brillante que danza sobre el paladar, aportando capas de dulzura vegetal profunda realzadas por una chispa limpia y vibrante de c\u00edtricos.<\/p>\n<p class=\"translation-block\">Esta salsa es ideal para terminar pescados a la parrilla, integrar en sopas y guisos, o regar pintxos, tacos y huevos. Es el alma sabrosa de la tradici\u00f3n espa\u00f1ola, atravesada por una audaz veta verde de fuego contempor\u00e1neo. Cada botella de edici\u00f3n limitada se elabora a mano con ingredientes naturales y sinceros, sin aditivos, solo el fuego de Andaluc\u00eda con alma mediterr\u00e1nea.<\/p>\n<div><strong>\ud83c\udf36\ufe0f PIMIENTO DE PADRON, HABANERO VERDE.<\/strong><\/div>\n<div><strong>\ud83d\uddd2\ufe0f PIMIENTOS, CEBOLLA, AJO, VINAGRE, ZUMO DE LIM\u00d3N Y SAL.<\/strong><\/div>\n<div><strong>\ud83d\udcaf 100% NATURAL. SIN ADITIVOS ARTIFICIALES NI COLORANTES.<\/strong><\/div>\n<div><strong>\ud83c\udf43 SIN GLUTEN. APTA PARA VEGETARIANOS Y VEGANOS.<\/strong><\/div>\n<div><strong>\ud83d\udd25 5\/10 PICANTE!<\/strong><\/div>\n<\/div>","protected":false},"featured_media":3742,"comment_status":"open","ping_status":"closed","template":"","meta":{"content-type":""},"product_brand":[],"product_cat":[83],"product_tag":[43,56],"class_list":{"0":"post-2788","1":"product","2":"type-product","3":"status-publish","4":"has-post-thumbnail","6":"product_cat-hot-sauce-heat-5-out-of-10-now-it-burns","7":"product_tag-habanero","8":"product_tag-pimiento-padron","10":"first","11":"instock","12":"taxable","13":"shipping-taxable","14":"purchasable","15":"product-type-simple"},"yoast_head":"<!-- This site is optimized with the Yoast SEO plugin v27.4 - https:\/\/yoast.com\/product\/yoast-seo-wordpress\/ -->\n<title>La M\u00e1quina Enverdinao - La Azada<\/title>\n<meta name=\"description\" content=\"A hot twist on a Spanish classic. Our Pimiento de Padr\u00f3n &amp; Green Habanero sauce brings together the iconic, mild Padr\u00f3n peppers of northern Spain with the lively, fragrant heat of green habanero chillies, all crafted under the southern Andalusian sun.\" \/>\n<meta name=\"robots\" content=\"index, follow, max-snippet:-1, max-image-preview:large, max-video-preview:-1\" \/>\n<link rel=\"canonical\" href=\"https:\/\/www.laazada.com\/es\/producto\/pimiento-padron-habanero-verde\/\" \/>\n<meta property=\"og:locale\" content=\"es_ES\" \/>\n<meta property=\"og:type\" content=\"article\" \/>\n<meta property=\"og:title\" content=\"La M\u00e1quina Enverdinao - La Azada\" \/>\n<meta property=\"og:description\" content=\"A hot twist on a Spanish classic. Our Pimiento de Padr\u00f3n &amp; Green Habanero sauce brings together the iconic, mild Padr\u00f3n peppers of northern Spain with the lively, fragrant heat of green habanero chillies, all crafted under the southern Andalusian sun.\" \/>\n<meta property=\"og:url\" content=\"https:\/\/www.laazada.com\/es\/producto\/pimiento-padron-habanero-verde\/\" \/>\n<meta property=\"og:site_name\" content=\"La Azada\" \/>\n<meta property=\"article:modified_time\" content=\"2026-04-08T18:45:07+00:00\" \/>\n<meta property=\"og:image\" content=\"https:\/\/www.laazada.com\/wp-content\/uploads\/2026\/01\/LA012-PadronHabanero-5-10.jpg\" \/>\n\t<meta property=\"og:image:width\" content=\"900\" \/>\n\t<meta property=\"og:image:height\" content=\"1240\" \/>\n\t<meta property=\"og:image:type\" content=\"image\/jpeg\" \/>\n<meta name=\"twitter:card\" content=\"summary_large_image\" \/>\n<meta name=\"twitter:label1\" content=\"Tiempo de lectura\" \/>\n\t<meta name=\"twitter:data1\" content=\"1 minuto\" \/>\n<script type=\"application\/ld+json\" class=\"yoast-schema-graph\">{\"@context\":\"https:\\\/\\\/schema.org\",\"@graph\":[{\"@type\":\"WebPage\",\"@id\":\"https:\\\/\\\/www.laazada.com\\\/product\\\/pimiento-padron-habanero-verde\\\/\",\"url\":\"https:\\\/\\\/www.laazada.com\\\/product\\\/pimiento-padron-habanero-verde\\\/\",\"name\":\"La M\u00e1quina Enverdinao - La Azada\",\"isPartOf\":{\"@id\":\"https:\\\/\\\/www.laazada.com\\\/#website\"},\"primaryImageOfPage\":{\"@id\":\"https:\\\/\\\/www.laazada.com\\\/product\\\/pimiento-padron-habanero-verde\\\/#primaryimage\"},\"image\":{\"@id\":\"https:\\\/\\\/www.laazada.com\\\/product\\\/pimiento-padron-habanero-verde\\\/#primaryimage\"},\"thumbnailUrl\":\"https:\\\/\\\/www.laazada.com\\\/wp-content\\\/uploads\\\/2026\\\/01\\\/LA012-PadronHabanero-5-10.jpg\",\"datePublished\":\"2026-01-24T16:59:54+00:00\",\"dateModified\":\"2026-04-08T18:45:07+00:00\",\"description\":\"A hot twist on a Spanish classic. Our Pimiento de Padr\u00f3n & Green Habanero sauce brings together the iconic, mild Padr\u00f3n peppers of northern Spain with the lively, fragrant heat of green habanero chillies, all crafted under the southern Andalusian sun.\",\"breadcrumb\":{\"@id\":\"https:\\\/\\\/www.laazada.com\\\/product\\\/pimiento-padron-habanero-verde\\\/#breadcrumb\"},\"inLanguage\":\"es\",\"potentialAction\":[{\"@type\":\"ReadAction\",\"target\":[\"https:\\\/\\\/www.laazada.com\\\/product\\\/pimiento-padron-habanero-verde\\\/\"]}]},{\"@type\":\"ImageObject\",\"inLanguage\":\"es\",\"@id\":\"https:\\\/\\\/www.laazada.com\\\/product\\\/pimiento-padron-habanero-verde\\\/#primaryimage\",\"url\":\"https:\\\/\\\/www.laazada.com\\\/wp-content\\\/uploads\\\/2026\\\/01\\\/LA012-PadronHabanero-5-10.jpg\",\"contentUrl\":\"https:\\\/\\\/www.laazada.com\\\/wp-content\\\/uploads\\\/2026\\\/01\\\/LA012-PadronHabanero-5-10.jpg\",\"width\":900,\"height\":1240},{\"@type\":\"BreadcrumbList\",\"@id\":\"https:\\\/\\\/www.laazada.com\\\/product\\\/pimiento-padron-habanero-verde\\\/#breadcrumb\",\"itemListElement\":[{\"@type\":\"ListItem\",\"position\":1,\"name\":\"Home\",\"item\":\"https:\\\/\\\/www.laazada.com\\\/\"},{\"@type\":\"ListItem\",\"position\":2,\"name\":\"Shop\",\"item\":\"https:\\\/\\\/www.laazada.com\\\/shop\\\/\"},{\"@type\":\"ListItem\",\"position\":3,\"name\":\"La M\u00e1quina Enverdinao\"}]},{\"@type\":\"WebSite\",\"@id\":\"https:\\\/\\\/www.laazada.com\\\/#website\",\"url\":\"https:\\\/\\\/www.laazada.com\\\/\",\"name\":\"La Azada\",\"description\":\"Taste Spain in Every Flame!\",\"publisher\":{\"@id\":\"https:\\\/\\\/www.laazada.com\\\/#organization\"},\"potentialAction\":[{\"@type\":\"SearchAction\",\"target\":{\"@type\":\"EntryPoint\",\"urlTemplate\":\"https:\\\/\\\/www.laazada.com\\\/?s={search_term_string}\"},\"query-input\":{\"@type\":\"PropertyValueSpecification\",\"valueRequired\":true,\"valueName\":\"search_term_string\"}}],\"inLanguage\":\"es\"},{\"@type\":\"Organization\",\"@id\":\"https:\\\/\\\/www.laazada.com\\\/#organization\",\"name\":\"La Azada\",\"url\":\"https:\\\/\\\/www.laazada.com\\\/\",\"logo\":{\"@type\":\"ImageObject\",\"inLanguage\":\"es\",\"@id\":\"https:\\\/\\\/www.laazada.com\\\/#\\\/schema\\\/logo\\\/image\\\/\",\"url\":\"https:\\\/\\\/www.laazada.com\\\/wp-content\\\/uploads\\\/2026\\\/01\\\/cropped-site-icon.png\",\"contentUrl\":\"https:\\\/\\\/www.laazada.com\\\/wp-content\\\/uploads\\\/2026\\\/01\\\/cropped-site-icon.png\",\"width\":512,\"height\":512,\"caption\":\"La Azada\"},\"image\":{\"@id\":\"https:\\\/\\\/www.laazada.com\\\/#\\\/schema\\\/logo\\\/image\\\/\"}}]}<\/script>\n<!-- \/ Yoast SEO plugin. -->","yoast_head_json":{"title":"La M\u00e1quina Enverdinao - La Azada","description":"A hot twist on a Spanish classic. Our Pimiento de Padr\u00f3n & Green Habanero sauce brings together the iconic, mild Padr\u00f3n peppers of northern Spain with the lively, fragrant heat of green habanero chillies, all crafted under the southern Andalusian sun.","robots":{"index":"index","follow":"follow","max-snippet":"max-snippet:-1","max-image-preview":"max-image-preview:large","max-video-preview":"max-video-preview:-1"},"canonical":"https:\/\/www.laazada.com\/es\/producto\/pimiento-padron-habanero-verde\/","og_locale":"es_ES","og_type":"article","og_title":"La M\u00e1quina Enverdinao - La Azada","og_description":"A hot twist on a Spanish classic. Our Pimiento de Padr\u00f3n & Green Habanero sauce brings together the iconic, mild Padr\u00f3n peppers of northern Spain with the lively, fragrant heat of green habanero chillies, all crafted under the southern Andalusian sun.","og_url":"https:\/\/www.laazada.com\/es\/producto\/pimiento-padron-habanero-verde\/","og_site_name":"La Azada","article_modified_time":"2026-04-08T18:45:07+00:00","og_image":[{"width":900,"height":1240,"url":"https:\/\/www.laazada.com\/wp-content\/uploads\/2026\/01\/LA012-PadronHabanero-5-10.jpg","type":"image\/jpeg"}],"twitter_card":"summary_large_image","twitter_misc":{"Tiempo de lectura":"1 minuto"},"schema":{"@context":"https:\/\/schema.org","@graph":[{"@type":"WebPage","@id":"https:\/\/www.laazada.com\/product\/pimiento-padron-habanero-verde\/","url":"https:\/\/www.laazada.com\/product\/pimiento-padron-habanero-verde\/","name":"La M\u00e1quina Enverdinao - La Azada","isPartOf":{"@id":"https:\/\/www.laazada.com\/#website"},"primaryImageOfPage":{"@id":"https:\/\/www.laazada.com\/product\/pimiento-padron-habanero-verde\/#primaryimage"},"image":{"@id":"https:\/\/www.laazada.com\/product\/pimiento-padron-habanero-verde\/#primaryimage"},"thumbnailUrl":"https:\/\/www.laazada.com\/wp-content\/uploads\/2026\/01\/LA012-PadronHabanero-5-10.jpg","datePublished":"2026-01-24T16:59:54+00:00","dateModified":"2026-04-08T18:45:07+00:00","description":"A hot twist on a Spanish classic. Our Pimiento de Padr\u00f3n & Green Habanero sauce brings together the iconic, mild Padr\u00f3n peppers of northern Spain with the lively, fragrant heat of green habanero chillies, all crafted under the southern Andalusian sun.","breadcrumb":{"@id":"https:\/\/www.laazada.com\/product\/pimiento-padron-habanero-verde\/#breadcrumb"},"inLanguage":"es","potentialAction":[{"@type":"ReadAction","target":["https:\/\/www.laazada.com\/product\/pimiento-padron-habanero-verde\/"]}]},{"@type":"ImageObject","inLanguage":"es","@id":"https:\/\/www.laazada.com\/product\/pimiento-padron-habanero-verde\/#primaryimage","url":"https:\/\/www.laazada.com\/wp-content\/uploads\/2026\/01\/LA012-PadronHabanero-5-10.jpg","contentUrl":"https:\/\/www.laazada.com\/wp-content\/uploads\/2026\/01\/LA012-PadronHabanero-5-10.jpg","width":900,"height":1240},{"@type":"BreadcrumbList","@id":"https:\/\/www.laazada.com\/product\/pimiento-padron-habanero-verde\/#breadcrumb","itemListElement":[{"@type":"ListItem","position":1,"name":"Home","item":"https:\/\/www.laazada.com\/"},{"@type":"ListItem","position":2,"name":"Shop","item":"https:\/\/www.laazada.com\/shop\/"},{"@type":"ListItem","position":3,"name":"La M\u00e1quina Enverdinao"}]},{"@type":"WebSite","@id":"https:\/\/www.laazada.com\/#website","url":"https:\/\/www.laazada.com\/","name":"La Azada","description":"\u00a1El sabor de Espa\u00f1a en cada llama!","publisher":{"@id":"https:\/\/www.laazada.com\/#organization"},"potentialAction":[{"@type":"SearchAction","target":{"@type":"EntryPoint","urlTemplate":"https:\/\/www.laazada.com\/?s={search_term_string}"},"query-input":{"@type":"PropertyValueSpecification","valueRequired":true,"valueName":"search_term_string"}}],"inLanguage":"es"},{"@type":"Organization","@id":"https:\/\/www.laazada.com\/#organization","name":"La Azada","url":"https:\/\/www.laazada.com\/","logo":{"@type":"ImageObject","inLanguage":"es","@id":"https:\/\/www.laazada.com\/#\/schema\/logo\/image\/","url":"https:\/\/www.laazada.com\/wp-content\/uploads\/2026\/01\/cropped-site-icon.png","contentUrl":"https:\/\/www.laazada.com\/wp-content\/uploads\/2026\/01\/cropped-site-icon.png","width":512,"height":512,"caption":"La Azada"},"image":{"@id":"https:\/\/www.laazada.com\/#\/schema\/logo\/image\/"}}]}},"_links":{"self":[{"href":"https:\/\/www.laazada.com\/es\/wp-json\/wp\/v2\/product\/2788","targetHints":{"allow":["GET"]}}],"collection":[{"href":"https:\/\/www.laazada.com\/es\/wp-json\/wp\/v2\/product"}],"about":[{"href":"https:\/\/www.laazada.com\/es\/wp-json\/wp\/v2\/types\/product"}],"replies":[{"embeddable":true,"href":"https:\/\/www.laazada.com\/es\/wp-json\/wp\/v2\/comments?post=2788"}],"version-history":[{"count":5,"href":"https:\/\/www.laazada.com\/es\/wp-json\/wp\/v2\/product\/2788\/revisions"}],"predecessor-version":[{"id":3708,"href":"https:\/\/www.laazada.com\/es\/wp-json\/wp\/v2\/product\/2788\/revisions\/3708"}],"wp:featuredmedia":[{"embeddable":true,"href":"https:\/\/www.laazada.com\/es\/wp-json\/wp\/v2\/media\/3742"}],"wp:attachment":[{"href":"https:\/\/www.laazada.com\/es\/wp-json\/wp\/v2\/media?parent=2788"}],"wp:term":[{"taxonomy":"product_brand","embeddable":true,"href":"https:\/\/www.laazada.com\/es\/wp-json\/wp\/v2\/product_brand?post=2788"},{"taxonomy":"product_cat","embeddable":true,"href":"https:\/\/www.laazada.com\/es\/wp-json\/wp\/v2\/product_cat?post=2788"},{"taxonomy":"product_tag","embeddable":true,"href":"https:\/\/www.laazada.com\/es\/wp-json\/wp\/v2\/product_tag?post=2788"}],"curies":[{"name":"wp","href":"https:\/\/api.w.org\/{rel}","templated":true}]}}