{"id":2786,"date":"2026-01-24T17:58:19","date_gmt":"2026-01-24T16:58:19","guid":{"rendered":"https:\/\/www.laazada.com\/?post_type=product&#038;p=2786"},"modified":"2026-04-08T20:44:53","modified_gmt":"2026-04-08T18:44:53","slug":"alioli-jalapeno-blanco","status":"publish","type":"product","link":"https:\/\/www.laazada.com\/es\/producto\/alioli-jalapeno-blanco\/","title":{"rendered":"Alioli Abducci\u00f3n"},"content":{"rendered":"<div data-elementor-type=\"wp-post\" data-elementor-id=\"2786\" class=\"elementor elementor-2786\">\n\t\t\t\t\t\t<section class=\"elementor-section elementor-top-section elementor-element elementor-element-a1ec4a5 elementor-section-boxed elementor-section-height-default elementor-section-height-default qodef-elementor-content-no\" data-id=\"a1ec4a5\" data-element_type=\"section\" data-e-type=\"section\">\n\t\t\t\t\t\t<div class=\"elementor-container elementor-column-gap-default\">\n\t\t\t\t\t<div class=\"elementor-column elementor-col-100 elementor-top-column elementor-element elementor-element-e78de51\" data-id=\"e78de51\" data-element_type=\"column\" data-e-type=\"column\">\n\t\t\t<div class=\"elementor-widget-wrap elementor-element-populated\">\n\t\t\t\t\t\t<div class=\"elementor-element elementor-element-5267a62 elementor-widget elementor-widget-heading\" data-id=\"5267a62\" data-element_type=\"widget\" data-e-type=\"widget\" data-widget_type=\"heading.default\">\n\t\t\t\t<div class=\"elementor-widget-container\">\n\t\t\t\t\t<p class=\"elementor-heading-title elementor-size-default\">Vivamus at odio et mi ultricies pharetra in sed enim. Etiam eu nunc sit amet quam lupus pharetra pulvinar eget nec metus. Curabitur molestie lorem a libero ultricies ornare. Elementum at semper nulla nullam metus id aliquam.<\/p>\t\t\t\t<\/div>\n\t\t\t\t<\/div>\n\t\t\t\t\t<\/div>\n\t\t<\/div>\n\t\t\t\t\t<\/div>\n\t\t<\/section>\n\t\t\t\t<\/div>","protected":false},"excerpt":{"rendered":"<div id=\"versionEditor2\">\n<h3><strong>Un cl\u00e1sico renacido. Nuestro Alioli y Jalape\u00f1o Blanco rescata un icono espa\u00f1ol y lo envuelve con el picante vibrante y c\u00edtrico del jalape\u00f1o blanco fresco.<\/strong><\/h3>\n<p>Nuestra salsa eleva la suavidad sedosa del alioli tradicional con el jalape\u00f1o blanco fresco: un toque dulce, ligeramente vegetal y frutal, sin la intensidad picante de los jalape\u00f1os verdes habituales.\nEl resultado es una salsa rica y sabrosa, con el ajo arom\u00e1tico como protagonista y un calor limpio y vibrante que ilumina cada bocado.<\/p>\n<p class=\"translation-block\">Perfecta para mojar patatas bravas crujientes, coronar mariscos a la parrilla, realzar verduras asadas o elevar tus bocadillos favoritos. Cada botella de edici\u00f3n limitada se elabora a mano con ingredientes naturales y sinceros, sin aditivos, solo el <em>fuego de Andaluc\u00eda<\/em> con alma mediterr\u00e1nea.<\/p>\n<div><strong>\ud83c\udf36\ufe0f JALAPE\u00d1O BLANCO.<\/strong><\/div>\n<div><strong>\ud83d\uddd2\ufe0f PIMIENTOS, AJO, GARBANZOS, VINAGRE, ZUMO DE LIM\u00d3N Y SAL.<\/strong><\/div>\n<div><strong>\ud83d\udcaf 100% NATURAL. SIN ADITIVOS ARTIFICIALES NI COLORANTES.<\/strong><\/div>\n<div><strong>\ud83c\udf43 SIN HUEVO. SIN GLUTEN. APTA PARA VEGETARIANOS Y VEGANOS.<\/strong><\/div>\n<div><strong>\ud83d\udd25 2\/10 SUAVE.<\/strong><\/div>\n<\/div>","protected":false},"featured_media":3741,"comment_status":"open","ping_status":"closed","template":"","meta":{"content-type":""},"product_brand":[],"product_cat":[79],"product_tag":[28,72],"class_list":{"0":"post-2786","1":"product","2":"type-product","3":"status-publish","4":"has-post-thumbnail","6":"product_cat-hot-sauce-heat-2-out-of-10","7":"product_tag-jalapeno","8":"product_tag-mild","10":"first","11":"outofstock","12":"taxable","13":"shipping-taxable","14":"purchasable","15":"product-type-simple"},"yoast_head":"<!-- This site is optimized with the Yoast SEO plugin v27.4 - https:\/\/yoast.com\/product\/yoast-seo-wordpress\/ -->\n<title>Alioli Abducci\u00f3n - La Azada<\/title>\n<meta name=\"description\" content=\"A classic reborn. Our Alioli y Jalape\u00f1o Blanco takes a Spanish icon and infuses it with vibrant, citrus-tinged heat of fresh white jalape\u00f1o!\" \/>\n<meta name=\"robots\" content=\"index, follow, max-snippet:-1, max-image-preview:large, max-video-preview:-1\" \/>\n<link rel=\"canonical\" href=\"https:\/\/www.laazada.com\/es\/producto\/alioli-jalapeno-blanco\/\" \/>\n<meta property=\"og:locale\" content=\"es_ES\" \/>\n<meta property=\"og:type\" content=\"article\" \/>\n<meta property=\"og:title\" content=\"Alioli Abducci\u00f3n - La Azada\" \/>\n<meta property=\"og:description\" content=\"A classic reborn. Our Alioli y Jalape\u00f1o Blanco takes a Spanish icon and infuses it with vibrant, citrus-tinged heat of fresh white jalape\u00f1o!\" \/>\n<meta property=\"og:url\" content=\"https:\/\/www.laazada.com\/es\/producto\/alioli-jalapeno-blanco\/\" \/>\n<meta property=\"og:site_name\" content=\"La Azada\" \/>\n<meta property=\"article:modified_time\" content=\"2026-04-08T18:44:53+00:00\" \/>\n<meta property=\"og:image\" content=\"https:\/\/www.laazada.com\/wp-content\/uploads\/2026\/01\/LA007-AlioliJalapeno-Abduccion-2-10.jpg\" \/>\n\t<meta property=\"og:image:width\" content=\"900\" \/>\n\t<meta property=\"og:image:height\" content=\"1240\" \/>\n\t<meta property=\"og:image:type\" content=\"image\/jpeg\" \/>\n<meta name=\"twitter:card\" content=\"summary_large_image\" \/>\n<meta name=\"twitter:label1\" content=\"Tiempo de lectura\" \/>\n\t<meta name=\"twitter:data1\" content=\"1 minuto\" \/>\n<script type=\"application\/ld+json\" class=\"yoast-schema-graph\">{\"@context\":\"https:\\\/\\\/schema.org\",\"@graph\":[{\"@type\":\"WebPage\",\"@id\":\"https:\\\/\\\/www.laazada.com\\\/product\\\/alioli-jalapeno-blanco\\\/\",\"url\":\"https:\\\/\\\/www.laazada.com\\\/product\\\/alioli-jalapeno-blanco\\\/\",\"name\":\"Alioli Abducci\u00f3n - La Azada\",\"isPartOf\":{\"@id\":\"https:\\\/\\\/www.laazada.com\\\/#website\"},\"primaryImageOfPage\":{\"@id\":\"https:\\\/\\\/www.laazada.com\\\/product\\\/alioli-jalapeno-blanco\\\/#primaryimage\"},\"image\":{\"@id\":\"https:\\\/\\\/www.laazada.com\\\/product\\\/alioli-jalapeno-blanco\\\/#primaryimage\"},\"thumbnailUrl\":\"https:\\\/\\\/www.laazada.com\\\/wp-content\\\/uploads\\\/2026\\\/01\\\/LA007-AlioliJalapeno-Abduccion-2-10.jpg\",\"datePublished\":\"2026-01-24T16:58:19+00:00\",\"dateModified\":\"2026-04-08T18:44:53+00:00\",\"description\":\"A classic reborn. Our Alioli y Jalape\u00f1o Blanco takes a Spanish icon and infuses it with vibrant, citrus-tinged heat of fresh white jalape\u00f1o!\",\"breadcrumb\":{\"@id\":\"https:\\\/\\\/www.laazada.com\\\/product\\\/alioli-jalapeno-blanco\\\/#breadcrumb\"},\"inLanguage\":\"es\",\"potentialAction\":[{\"@type\":\"ReadAction\",\"target\":[\"https:\\\/\\\/www.laazada.com\\\/product\\\/alioli-jalapeno-blanco\\\/\"]}]},{\"@type\":\"ImageObject\",\"inLanguage\":\"es\",\"@id\":\"https:\\\/\\\/www.laazada.com\\\/product\\\/alioli-jalapeno-blanco\\\/#primaryimage\",\"url\":\"https:\\\/\\\/www.laazada.com\\\/wp-content\\\/uploads\\\/2026\\\/01\\\/LA007-AlioliJalapeno-Abduccion-2-10.jpg\",\"contentUrl\":\"https:\\\/\\\/www.laazada.com\\\/wp-content\\\/uploads\\\/2026\\\/01\\\/LA007-AlioliJalapeno-Abduccion-2-10.jpg\",\"width\":900,\"height\":1240},{\"@type\":\"BreadcrumbList\",\"@id\":\"https:\\\/\\\/www.laazada.com\\\/product\\\/alioli-jalapeno-blanco\\\/#breadcrumb\",\"itemListElement\":[{\"@type\":\"ListItem\",\"position\":1,\"name\":\"Home\",\"item\":\"https:\\\/\\\/www.laazada.com\\\/\"},{\"@type\":\"ListItem\",\"position\":2,\"name\":\"Shop\",\"item\":\"https:\\\/\\\/www.laazada.com\\\/shop\\\/\"},{\"@type\":\"ListItem\",\"position\":3,\"name\":\"Alioli Abducci\u00f3n\"}]},{\"@type\":\"WebSite\",\"@id\":\"https:\\\/\\\/www.laazada.com\\\/#website\",\"url\":\"https:\\\/\\\/www.laazada.com\\\/\",\"name\":\"La Azada\",\"description\":\"Taste Spain in Every Flame!\",\"publisher\":{\"@id\":\"https:\\\/\\\/www.laazada.com\\\/#organization\"},\"potentialAction\":[{\"@type\":\"SearchAction\",\"target\":{\"@type\":\"EntryPoint\",\"urlTemplate\":\"https:\\\/\\\/www.laazada.com\\\/?s={search_term_string}\"},\"query-input\":{\"@type\":\"PropertyValueSpecification\",\"valueRequired\":true,\"valueName\":\"search_term_string\"}}],\"inLanguage\":\"es\"},{\"@type\":\"Organization\",\"@id\":\"https:\\\/\\\/www.laazada.com\\\/#organization\",\"name\":\"La Azada\",\"url\":\"https:\\\/\\\/www.laazada.com\\\/\",\"logo\":{\"@type\":\"ImageObject\",\"inLanguage\":\"es\",\"@id\":\"https:\\\/\\\/www.laazada.com\\\/#\\\/schema\\\/logo\\\/image\\\/\",\"url\":\"https:\\\/\\\/www.laazada.com\\\/wp-content\\\/uploads\\\/2026\\\/01\\\/cropped-site-icon.png\",\"contentUrl\":\"https:\\\/\\\/www.laazada.com\\\/wp-content\\\/uploads\\\/2026\\\/01\\\/cropped-site-icon.png\",\"width\":512,\"height\":512,\"caption\":\"La Azada\"},\"image\":{\"@id\":\"https:\\\/\\\/www.laazada.com\\\/#\\\/schema\\\/logo\\\/image\\\/\"}}]}<\/script>\n<!-- \/ Yoast SEO plugin. -->","yoast_head_json":{"title":"Alioli Abducci\u00f3n - La Azada","description":"A classic reborn. Our Alioli y Jalape\u00f1o Blanco takes a Spanish icon and infuses it with vibrant, citrus-tinged heat of fresh white jalape\u00f1o!","robots":{"index":"index","follow":"follow","max-snippet":"max-snippet:-1","max-image-preview":"max-image-preview:large","max-video-preview":"max-video-preview:-1"},"canonical":"https:\/\/www.laazada.com\/es\/producto\/alioli-jalapeno-blanco\/","og_locale":"es_ES","og_type":"article","og_title":"Alioli Abducci\u00f3n - La Azada","og_description":"A classic reborn. Our Alioli y Jalape\u00f1o Blanco takes a Spanish icon and infuses it with vibrant, citrus-tinged heat of fresh white jalape\u00f1o!","og_url":"https:\/\/www.laazada.com\/es\/producto\/alioli-jalapeno-blanco\/","og_site_name":"La Azada","article_modified_time":"2026-04-08T18:44:53+00:00","og_image":[{"width":900,"height":1240,"url":"https:\/\/www.laazada.com\/wp-content\/uploads\/2026\/01\/LA007-AlioliJalapeno-Abduccion-2-10.jpg","type":"image\/jpeg"}],"twitter_card":"summary_large_image","twitter_misc":{"Tiempo de lectura":"1 minuto"},"schema":{"@context":"https:\/\/schema.org","@graph":[{"@type":"WebPage","@id":"https:\/\/www.laazada.com\/product\/alioli-jalapeno-blanco\/","url":"https:\/\/www.laazada.com\/product\/alioli-jalapeno-blanco\/","name":"Alioli Abducci\u00f3n - La Azada","isPartOf":{"@id":"https:\/\/www.laazada.com\/#website"},"primaryImageOfPage":{"@id":"https:\/\/www.laazada.com\/product\/alioli-jalapeno-blanco\/#primaryimage"},"image":{"@id":"https:\/\/www.laazada.com\/product\/alioli-jalapeno-blanco\/#primaryimage"},"thumbnailUrl":"https:\/\/www.laazada.com\/wp-content\/uploads\/2026\/01\/LA007-AlioliJalapeno-Abduccion-2-10.jpg","datePublished":"2026-01-24T16:58:19+00:00","dateModified":"2026-04-08T18:44:53+00:00","description":"A classic reborn. Our Alioli y Jalape\u00f1o Blanco takes a Spanish icon and infuses it with vibrant, citrus-tinged heat of fresh white jalape\u00f1o!","breadcrumb":{"@id":"https:\/\/www.laazada.com\/product\/alioli-jalapeno-blanco\/#breadcrumb"},"inLanguage":"es","potentialAction":[{"@type":"ReadAction","target":["https:\/\/www.laazada.com\/product\/alioli-jalapeno-blanco\/"]}]},{"@type":"ImageObject","inLanguage":"es","@id":"https:\/\/www.laazada.com\/product\/alioli-jalapeno-blanco\/#primaryimage","url":"https:\/\/www.laazada.com\/wp-content\/uploads\/2026\/01\/LA007-AlioliJalapeno-Abduccion-2-10.jpg","contentUrl":"https:\/\/www.laazada.com\/wp-content\/uploads\/2026\/01\/LA007-AlioliJalapeno-Abduccion-2-10.jpg","width":900,"height":1240},{"@type":"BreadcrumbList","@id":"https:\/\/www.laazada.com\/product\/alioli-jalapeno-blanco\/#breadcrumb","itemListElement":[{"@type":"ListItem","position":1,"name":"Home","item":"https:\/\/www.laazada.com\/"},{"@type":"ListItem","position":2,"name":"Shop","item":"https:\/\/www.laazada.com\/shop\/"},{"@type":"ListItem","position":3,"name":"Alioli Abducci\u00f3n"}]},{"@type":"WebSite","@id":"https:\/\/www.laazada.com\/#website","url":"https:\/\/www.laazada.com\/","name":"La Azada","description":"\u00a1El sabor de Espa\u00f1a en cada llama!","publisher":{"@id":"https:\/\/www.laazada.com\/#organization"},"potentialAction":[{"@type":"SearchAction","target":{"@type":"EntryPoint","urlTemplate":"https:\/\/www.laazada.com\/?s={search_term_string}"},"query-input":{"@type":"PropertyValueSpecification","valueRequired":true,"valueName":"search_term_string"}}],"inLanguage":"es"},{"@type":"Organization","@id":"https:\/\/www.laazada.com\/#organization","name":"La Azada","url":"https:\/\/www.laazada.com\/","logo":{"@type":"ImageObject","inLanguage":"es","@id":"https:\/\/www.laazada.com\/#\/schema\/logo\/image\/","url":"https:\/\/www.laazada.com\/wp-content\/uploads\/2026\/01\/cropped-site-icon.png","contentUrl":"https:\/\/www.laazada.com\/wp-content\/uploads\/2026\/01\/cropped-site-icon.png","width":512,"height":512,"caption":"La Azada"},"image":{"@id":"https:\/\/www.laazada.com\/#\/schema\/logo\/image\/"}}]}},"_links":{"self":[{"href":"https:\/\/www.laazada.com\/es\/wp-json\/wp\/v2\/product\/2786","targetHints":{"allow":["GET"]}}],"collection":[{"href":"https:\/\/www.laazada.com\/es\/wp-json\/wp\/v2\/product"}],"about":[{"href":"https:\/\/www.laazada.com\/es\/wp-json\/wp\/v2\/types\/product"}],"replies":[{"embeddable":true,"href":"https:\/\/www.laazada.com\/es\/wp-json\/wp\/v2\/comments?post=2786"}],"version-history":[{"count":5,"href":"https:\/\/www.laazada.com\/es\/wp-json\/wp\/v2\/product\/2786\/revisions"}],"predecessor-version":[{"id":3682,"href":"https:\/\/www.laazada.com\/es\/wp-json\/wp\/v2\/product\/2786\/revisions\/3682"}],"wp:featuredmedia":[{"embeddable":true,"href":"https:\/\/www.laazada.com\/es\/wp-json\/wp\/v2\/media\/3741"}],"wp:attachment":[{"href":"https:\/\/www.laazada.com\/es\/wp-json\/wp\/v2\/media?parent=2786"}],"wp:term":[{"taxonomy":"product_brand","embeddable":true,"href":"https:\/\/www.laazada.com\/es\/wp-json\/wp\/v2\/product_brand?post=2786"},{"taxonomy":"product_cat","embeddable":true,"href":"https:\/\/www.laazada.com\/es\/wp-json\/wp\/v2\/product_cat?post=2786"},{"taxonomy":"product_tag","embeddable":true,"href":"https:\/\/www.laazada.com\/es\/wp-json\/wp\/v2\/product_tag?post=2786"}],"curies":[{"name":"wp","href":"https:\/\/api.w.org\/{rel}","templated":true}]}}