{"id":2782,"date":"2026-01-24T17:54:42","date_gmt":"2026-01-24T16:54:42","guid":{"rendered":"https:\/\/www.laazada.com\/?post_type=product&#038;p=2782"},"modified":"2026-04-12T16:13:46","modified_gmt":"2026-04-12T14:13:46","slug":"ojo-de-pajaro-ahumado","status":"publish","type":"product","link":"https:\/\/www.laazada.com\/es\/producto\/ojo-de-pajaro-ahumado\/","title":{"rendered":"Gallo De Fuego"},"content":{"rendered":"<div data-elementor-type=\"wp-post\" data-elementor-id=\"2782\" class=\"elementor elementor-2782\">\n\t\t\t\t\t\t<section class=\"elementor-section elementor-top-section elementor-element elementor-element-a1ec4a5 elementor-section-boxed elementor-section-height-default elementor-section-height-default qodef-elementor-content-no\" data-id=\"a1ec4a5\" data-element_type=\"section\" data-e-type=\"section\">\n\t\t\t\t\t\t<div class=\"elementor-container elementor-column-gap-default\">\n\t\t\t\t\t<div class=\"elementor-column elementor-col-100 elementor-top-column elementor-element elementor-element-e78de51\" data-id=\"e78de51\" data-element_type=\"column\" data-e-type=\"column\">\n\t\t\t<div class=\"elementor-widget-wrap elementor-element-populated\">\n\t\t\t\t\t\t<div class=\"elementor-element elementor-element-5267a62 elementor-widget elementor-widget-heading\" data-id=\"5267a62\" data-element_type=\"widget\" data-e-type=\"widget\" data-widget_type=\"heading.default\">\n\t\t\t\t<div class=\"elementor-widget-container\">\n\t\t\t\t\t<p class=\"elementor-heading-title elementor-size-default\">Vivamus at odio et mi ultricies pharetra in sed enim. Etiam eu nunc sit amet quam lupus pharetra pulvinar eget nec metus. Curabitur molestie lorem a libero ultricies ornare. Elementum at semper nulla nullam metus id aliquam.<\/p>\t\t\t\t<\/div>\n\t\t\t\t<\/div>\n\t\t\t\t\t<\/div>\n\t\t<\/div>\n\t\t\t\t\t<\/div>\n\t\t<\/section>\n\t\t\t\t<\/div>","protected":false},"excerpt":{"rendered":"<div id=\"versionEditor2\">\n<h3><strong>Nuestro Peri-Peri es la versi\u00f3n andaluza del legendario piri-piri! Pimientos ojo de p\u00e1jaro ahumados se funden con vinagre de Jerez envejecido en barrica para dar vida a una salsa rica en matices, profundamente compleja e irresistiblemente vibrante.<\/strong><\/h3>\n<p class=\"translation-block\">Solo utilizamos chiles ojo de p\u00e1jaro maduros, rojos y besados por el sol. Su picante fresco y directo se equilibra con un sutil fondo ahumado natural, mientras que el vinagre de Jerez envejecido en barrica aporta una profundidad compleja, ligeramente nuez y elegante. El resultado es una salsa intensa pero nunca agresiva, ahumada sin llegar a dominar, y cargada del sabor inconfundiblemente espa\u00f1ol en cada gota.<\/p>\n<p class=\"translation-block\">Ideal para marinar carnes a la parrilla, regar patatas asadas o impregnar de ese fuego inconfundible andaluz pescados y verduras. Cada botella de edici\u00f3n limitada se elabora a mano con ingredientes naturales y sinceros, sin aditivos, solo el fuego de Andaluc\u00eda con alma mediterr\u00e1nea.<\/p>\n<div><strong>\ud83c\udf36\ufe0f OJO DE P\u00c1JARO<\/strong><\/div>\n<div><strong>\ud83d\uddd2\ufe0f PIMIENTOS AHUMADOS, CEBOLLA, AJO, VINAGRE DE JEREZ, ZUMO DE LIM\u00d3N Y SAL.<\/strong><\/div>\n<div><strong>\ud83d\udcaf 100% NATURAL. SIN ADITIVOS ARTIFICIALES NI COLORANTES.<\/strong><\/div>\n<div><strong>\ud83c\udf43 SIN GLUTEN. APTA PARA VEGETARIANOS Y VEGANOS.<\/strong><\/div>\n<div><strong>\ud83d\udd25 5\/10 PICANTE!<\/strong><\/div>\n<\/div>","protected":false},"featured_media":4319,"comment_status":"open","ping_status":"closed","template":"","meta":{"content-type":""},"product_brand":[],"product_cat":[83],"product_tag":[74,73],"class_list":{"0":"post-2782","1":"product","2":"type-product","3":"status-publish","4":"has-post-thumbnail","6":"product_cat-hot-sauce-heat-5-out-of-10-now-it-burns","7":"product_tag-birds-eye","8":"product_tag-hot","10":"first","11":"instock","12":"taxable","13":"shipping-taxable","14":"purchasable","15":"product-type-simple"},"yoast_head":"<!-- This site is optimized with the Yoast SEO plugin v27.4 - https:\/\/yoast.com\/product\/yoast-seo-wordpress\/ -->\n<title>Gallo De Fuego - La Azada<\/title>\n<meta name=\"description\" content=\"Southern fire, slow-smoked! Our Peri-Peri is Andaluc\u00eda\u2019s take on the legendary piri-piri, blending smoked peppers and birds eye chillies with barrel-aged Sherry vinegar for a hot sauce that\u2019s both richly complex, and irresistibly vibrant.\" \/>\n<meta name=\"robots\" content=\"index, follow, max-snippet:-1, max-image-preview:large, max-video-preview:-1\" \/>\n<link rel=\"canonical\" href=\"https:\/\/www.laazada.com\/es\/producto\/ojo-de-pajaro-ahumado\/\" \/>\n<meta property=\"og:locale\" content=\"es_ES\" \/>\n<meta property=\"og:type\" content=\"article\" \/>\n<meta property=\"og:title\" content=\"Gallo De Fuego - La Azada\" \/>\n<meta property=\"og:description\" content=\"Southern fire, slow-smoked! Our Peri-Peri is Andaluc\u00eda\u2019s take on the legendary piri-piri, blending smoked peppers and birds eye chillies with barrel-aged Sherry vinegar for a hot sauce that\u2019s both richly complex, and irresistibly vibrant.\" \/>\n<meta property=\"og:url\" content=\"https:\/\/www.laazada.com\/es\/producto\/ojo-de-pajaro-ahumado\/\" \/>\n<meta property=\"og:site_name\" content=\"La Azada\" \/>\n<meta property=\"article:modified_time\" content=\"2026-04-12T14:13:46+00:00\" \/>\n<meta property=\"og:image\" content=\"https:\/\/www.laazada.com\/wp-content\/uploads\/2026\/01\/LA010-GalloDeFuego-PeriPeri-5-10-1.jpg\" \/>\n\t<meta property=\"og:image:width\" content=\"900\" \/>\n\t<meta property=\"og:image:height\" content=\"1240\" \/>\n\t<meta property=\"og:image:type\" content=\"image\/jpeg\" \/>\n<meta name=\"twitter:card\" content=\"summary_large_image\" \/>\n<meta name=\"twitter:label1\" content=\"Tiempo de lectura\" \/>\n\t<meta name=\"twitter:data1\" content=\"1 minuto\" \/>\n<script type=\"application\/ld+json\" class=\"yoast-schema-graph\">{\"@context\":\"https:\\\/\\\/schema.org\",\"@graph\":[{\"@type\":\"WebPage\",\"@id\":\"https:\\\/\\\/www.laazada.com\\\/product\\\/ojo-de-pajaro-ahumado\\\/\",\"url\":\"https:\\\/\\\/www.laazada.com\\\/product\\\/ojo-de-pajaro-ahumado\\\/\",\"name\":\"Gallo De Fuego - La Azada\",\"isPartOf\":{\"@id\":\"https:\\\/\\\/www.laazada.com\\\/#website\"},\"primaryImageOfPage\":{\"@id\":\"https:\\\/\\\/www.laazada.com\\\/product\\\/ojo-de-pajaro-ahumado\\\/#primaryimage\"},\"image\":{\"@id\":\"https:\\\/\\\/www.laazada.com\\\/product\\\/ojo-de-pajaro-ahumado\\\/#primaryimage\"},\"thumbnailUrl\":\"https:\\\/\\\/www.laazada.com\\\/wp-content\\\/uploads\\\/2026\\\/01\\\/LA010-GalloDeFuego-PeriPeri-5-10-1.jpg\",\"datePublished\":\"2026-01-24T16:54:42+00:00\",\"dateModified\":\"2026-04-12T14:13:46+00:00\",\"description\":\"Southern fire, slow-smoked! Our Peri-Peri is Andaluc\u00eda\u2019s take on the legendary piri-piri, blending smoked peppers and birds eye chillies with barrel-aged Sherry vinegar for a hot sauce that\u2019s both richly complex, and irresistibly vibrant.\",\"breadcrumb\":{\"@id\":\"https:\\\/\\\/www.laazada.com\\\/product\\\/ojo-de-pajaro-ahumado\\\/#breadcrumb\"},\"inLanguage\":\"es\",\"potentialAction\":[{\"@type\":\"ReadAction\",\"target\":[\"https:\\\/\\\/www.laazada.com\\\/product\\\/ojo-de-pajaro-ahumado\\\/\"]}]},{\"@type\":\"ImageObject\",\"inLanguage\":\"es\",\"@id\":\"https:\\\/\\\/www.laazada.com\\\/product\\\/ojo-de-pajaro-ahumado\\\/#primaryimage\",\"url\":\"https:\\\/\\\/www.laazada.com\\\/wp-content\\\/uploads\\\/2026\\\/01\\\/LA010-GalloDeFuego-PeriPeri-5-10-1.jpg\",\"contentUrl\":\"https:\\\/\\\/www.laazada.com\\\/wp-content\\\/uploads\\\/2026\\\/01\\\/LA010-GalloDeFuego-PeriPeri-5-10-1.jpg\",\"width\":900,\"height\":1240,\"caption\":\"Gallo De Fuego Smoked Peri-Peri \u2013 Southern fire, slow-smoked! Ripe red birds eye chillies meet smoked peppers and barrel-aged Jerez vinegar for zesty upfront heat with savoury smoke and nutty depth. 5\\\/10 HOT, hot but never harsh. Perfect for grilled meats, roasted potatoes, seafood, veggies & Andalusian vibes.\"},{\"@type\":\"BreadcrumbList\",\"@id\":\"https:\\\/\\\/www.laazada.com\\\/product\\\/ojo-de-pajaro-ahumado\\\/#breadcrumb\",\"itemListElement\":[{\"@type\":\"ListItem\",\"position\":1,\"name\":\"Home\",\"item\":\"https:\\\/\\\/www.laazada.com\\\/\"},{\"@type\":\"ListItem\",\"position\":2,\"name\":\"Shop\",\"item\":\"https:\\\/\\\/www.laazada.com\\\/shop\\\/\"},{\"@type\":\"ListItem\",\"position\":3,\"name\":\"Gallo De Fuego\"}]},{\"@type\":\"WebSite\",\"@id\":\"https:\\\/\\\/www.laazada.com\\\/#website\",\"url\":\"https:\\\/\\\/www.laazada.com\\\/\",\"name\":\"La Azada\",\"description\":\"Taste Spain in Every Flame!\",\"publisher\":{\"@id\":\"https:\\\/\\\/www.laazada.com\\\/#organization\"},\"potentialAction\":[{\"@type\":\"SearchAction\",\"target\":{\"@type\":\"EntryPoint\",\"urlTemplate\":\"https:\\\/\\\/www.laazada.com\\\/?s={search_term_string}\"},\"query-input\":{\"@type\":\"PropertyValueSpecification\",\"valueRequired\":true,\"valueName\":\"search_term_string\"}}],\"inLanguage\":\"es\"},{\"@type\":\"Organization\",\"@id\":\"https:\\\/\\\/www.laazada.com\\\/#organization\",\"name\":\"La Azada\",\"url\":\"https:\\\/\\\/www.laazada.com\\\/\",\"logo\":{\"@type\":\"ImageObject\",\"inLanguage\":\"es\",\"@id\":\"https:\\\/\\\/www.laazada.com\\\/#\\\/schema\\\/logo\\\/image\\\/\",\"url\":\"https:\\\/\\\/www.laazada.com\\\/wp-content\\\/uploads\\\/2026\\\/01\\\/cropped-site-icon.png\",\"contentUrl\":\"https:\\\/\\\/www.laazada.com\\\/wp-content\\\/uploads\\\/2026\\\/01\\\/cropped-site-icon.png\",\"width\":512,\"height\":512,\"caption\":\"La Azada\"},\"image\":{\"@id\":\"https:\\\/\\\/www.laazada.com\\\/#\\\/schema\\\/logo\\\/image\\\/\"}}]}<\/script>\n<!-- \/ Yoast SEO plugin. -->","yoast_head_json":{"title":"Gallo De Fuego - La Azada","description":"Nuestro Peri-Peri es la versi\u00f3n andaluza del legendario piri-piri! Pimientos ojo de p\u00e1jaro ahumados se funden con vinagre de Jerez envejecido en barrica para dar vida a una salsa rica en matices, profundamente compleja e irresistiblemente vibrante.","robots":{"index":"index","follow":"follow","max-snippet":"max-snippet:-1","max-image-preview":"max-image-preview:large","max-video-preview":"max-video-preview:-1"},"canonical":"https:\/\/www.laazada.com\/es\/producto\/ojo-de-pajaro-ahumado\/","og_locale":"es_ES","og_type":"article","og_title":"Gallo De Fuego - La Azada","og_description":"Southern fire, slow-smoked! Our Peri-Peri is Andaluc\u00eda\u2019s take on the legendary piri-piri, blending smoked peppers and birds eye chillies with barrel-aged Sherry vinegar for a hot sauce that\u2019s both richly complex, and irresistibly vibrant.","og_url":"https:\/\/www.laazada.com\/es\/producto\/ojo-de-pajaro-ahumado\/","og_site_name":"La Azada","article_modified_time":"2026-04-12T14:13:46+00:00","og_image":[{"width":900,"height":1240,"url":"https:\/\/www.laazada.com\/wp-content\/uploads\/2026\/01\/LA010-GalloDeFuego-PeriPeri-5-10-1.jpg","type":"image\/jpeg"}],"twitter_card":"summary_large_image","twitter_misc":{"Tiempo de lectura":"1 minuto"},"schema":{"@context":"https:\/\/schema.org","@graph":[{"@type":"WebPage","@id":"https:\/\/www.laazada.com\/product\/ojo-de-pajaro-ahumado\/","url":"https:\/\/www.laazada.com\/product\/ojo-de-pajaro-ahumado\/","name":"Gallo De Fuego - La Azada","isPartOf":{"@id":"https:\/\/www.laazada.com\/#website"},"primaryImageOfPage":{"@id":"https:\/\/www.laazada.com\/product\/ojo-de-pajaro-ahumado\/#primaryimage"},"image":{"@id":"https:\/\/www.laazada.com\/product\/ojo-de-pajaro-ahumado\/#primaryimage"},"thumbnailUrl":"https:\/\/www.laazada.com\/wp-content\/uploads\/2026\/01\/LA010-GalloDeFuego-PeriPeri-5-10-1.jpg","datePublished":"2026-01-24T16:54:42+00:00","dateModified":"2026-04-12T14:13:46+00:00","description":"Nuestro Peri-Peri es la versi\u00f3n andaluza del legendario piri-piri! Pimientos ojo de p\u00e1jaro ahumados se funden con vinagre de Jerez envejecido en barrica para dar vida a una salsa rica en matices, profundamente compleja e irresistiblemente vibrante.","breadcrumb":{"@id":"https:\/\/www.laazada.com\/product\/ojo-de-pajaro-ahumado\/#breadcrumb"},"inLanguage":"es","potentialAction":[{"@type":"ReadAction","target":["https:\/\/www.laazada.com\/product\/ojo-de-pajaro-ahumado\/"]}]},{"@type":"ImageObject","inLanguage":"es","@id":"https:\/\/www.laazada.com\/product\/ojo-de-pajaro-ahumado\/#primaryimage","url":"https:\/\/www.laazada.com\/wp-content\/uploads\/2026\/01\/LA010-GalloDeFuego-PeriPeri-5-10-1.jpg","contentUrl":"https:\/\/www.laazada.com\/wp-content\/uploads\/2026\/01\/LA010-GalloDeFuego-PeriPeri-5-10-1.jpg","width":900,"height":1240,"caption":"Gallo De Fuego Smoked Peri-Peri \u2013 Southern fire, slow-smoked! Ripe red birds eye chillies meet smoked peppers and barrel-aged Jerez vinegar for zesty upfront heat with savoury smoke and nutty depth. 5\/10 HOT, hot but never harsh. Perfect for grilled meats, roasted potatoes, seafood, veggies & Andalusian vibes."},{"@type":"BreadcrumbList","@id":"https:\/\/www.laazada.com\/product\/ojo-de-pajaro-ahumado\/#breadcrumb","itemListElement":[{"@type":"ListItem","position":1,"name":"Home","item":"https:\/\/www.laazada.com\/"},{"@type":"ListItem","position":2,"name":"Shop","item":"https:\/\/www.laazada.com\/shop\/"},{"@type":"ListItem","position":3,"name":"Gallo De Fuego"}]},{"@type":"WebSite","@id":"https:\/\/www.laazada.com\/#website","url":"https:\/\/www.laazada.com\/","name":"La Azada","description":"\u00a1El sabor de Espa\u00f1a en cada llama!","publisher":{"@id":"https:\/\/www.laazada.com\/#organization"},"potentialAction":[{"@type":"SearchAction","target":{"@type":"EntryPoint","urlTemplate":"https:\/\/www.laazada.com\/?s={search_term_string}"},"query-input":{"@type":"PropertyValueSpecification","valueRequired":true,"valueName":"search_term_string"}}],"inLanguage":"es"},{"@type":"Organization","@id":"https:\/\/www.laazada.com\/#organization","name":"La Azada","url":"https:\/\/www.laazada.com\/","logo":{"@type":"ImageObject","inLanguage":"es","@id":"https:\/\/www.laazada.com\/#\/schema\/logo\/image\/","url":"https:\/\/www.laazada.com\/wp-content\/uploads\/2026\/01\/cropped-site-icon.png","contentUrl":"https:\/\/www.laazada.com\/wp-content\/uploads\/2026\/01\/cropped-site-icon.png","width":512,"height":512,"caption":"La Azada"},"image":{"@id":"https:\/\/www.laazada.com\/#\/schema\/logo\/image\/"}}]}},"_links":{"self":[{"href":"https:\/\/www.laazada.com\/es\/wp-json\/wp\/v2\/product\/2782","targetHints":{"allow":["GET"]}}],"collection":[{"href":"https:\/\/www.laazada.com\/es\/wp-json\/wp\/v2\/product"}],"about":[{"href":"https:\/\/www.laazada.com\/es\/wp-json\/wp\/v2\/types\/product"}],"replies":[{"embeddable":true,"href":"https:\/\/www.laazada.com\/es\/wp-json\/wp\/v2\/comments?post=2782"}],"version-history":[{"count":5,"href":"https:\/\/www.laazada.com\/es\/wp-json\/wp\/v2\/product\/2782\/revisions"}],"predecessor-version":[{"id":3506,"href":"https:\/\/www.laazada.com\/es\/wp-json\/wp\/v2\/product\/2782\/revisions\/3506"}],"wp:featuredmedia":[{"embeddable":true,"href":"https:\/\/www.laazada.com\/es\/wp-json\/wp\/v2\/media\/4319"}],"wp:attachment":[{"href":"https:\/\/www.laazada.com\/es\/wp-json\/wp\/v2\/media?parent=2782"}],"wp:term":[{"taxonomy":"product_brand","embeddable":true,"href":"https:\/\/www.laazada.com\/es\/wp-json\/wp\/v2\/product_brand?post=2782"},{"taxonomy":"product_cat","embeddable":true,"href":"https:\/\/www.laazada.com\/es\/wp-json\/wp\/v2\/product_cat?post=2782"},{"taxonomy":"product_tag","embeddable":true,"href":"https:\/\/www.laazada.com\/es\/wp-json\/wp\/v2\/product_tag?post=2782"}],"curies":[{"name":"wp","href":"https:\/\/api.w.org\/{rel}","templated":true}]}}