{"id":2498,"date":"2025-04-27T11:48:44","date_gmt":"2025-04-27T10:48:44","guid":{"rendered":"https:\/\/www.laazada.com\/?post_type=product&#038;p=2498"},"modified":"2026-04-08T20:44:26","modified_gmt":"2026-04-08T18:44:26","slug":"salsa-muy-brava-con-habanero","status":"publish","type":"product","link":"https:\/\/www.laazada.com\/es\/producto\/salsa-muy-brava-con-habanero\/","title":{"rendered":"Salsa Muy Brava"},"content":{"rendered":"<div data-elementor-type=\"wp-post\" data-elementor-id=\"2498\" class=\"elementor elementor-2498\">\n\t\t\t\t\t\t<section class=\"elementor-section elementor-top-section elementor-element elementor-element-a1ec4a5 elementor-section-boxed elementor-section-height-default elementor-section-height-default qodef-elementor-content-no\" data-id=\"a1ec4a5\" data-element_type=\"section\" data-e-type=\"section\">\n\t\t\t\t\t\t<div class=\"elementor-container elementor-column-gap-default\">\n\t\t\t\t\t<div class=\"elementor-column elementor-col-100 elementor-top-column elementor-element elementor-element-e78de51\" data-id=\"e78de51\" data-element_type=\"column\" data-e-type=\"column\">\n\t\t\t<div class=\"elementor-widget-wrap elementor-element-populated\">\n\t\t\t\t\t\t<div class=\"elementor-element elementor-element-5267a62 elementor-widget elementor-widget-heading\" data-id=\"5267a62\" data-element_type=\"widget\" data-e-type=\"widget\" data-widget_type=\"heading.default\">\n\t\t\t\t<div class=\"elementor-widget-container\">\n\t\t\t\t\t<p class=\"elementor-heading-title elementor-size-default\">Vivamus at odio et mi ultricies pharetra in sed enim. Etiam eu nunc sit amet quam lupus pharetra pulvinar eget nec metus. Curabitur molestie lorem a libero ultricies ornare. Elementum at semper nulla nullam metus id aliquam.<\/p>\t\t\t\t<\/div>\n\t\t\t\t<\/div>\n\t\t\t\t\t<\/div>\n\t\t<\/div>\n\t\t\t\t\t<\/div>\n\t\t<\/section>\n\t\t\t\t<\/div>","protected":false},"excerpt":{"rendered":"<div id=\"versionEditor2\">\n<h3><strong>Sube la temperatura con Salsa Muy Brava. Donde la tradici\u00f3n se encuentra con un golpe audaz de habanero rojo: intenso, vibrante y sin concesiones.<\/strong><\/h3>\n<p>Hemos preservado el alma aut\u00e9ntica con piment\u00f3n ahumado espa\u00f1ol y tomate cocinado a fuego lento. A ello sumamos los \u00f1oras frescas de Murcia, que aportan una dulzura profunda, casi pasificada, y un sutil matiz ahumado. El habanero rojo entra para elevar sin imponerse: su quemaz\u00f3n brillante y c\u00edtrica danza sobre la l\u00ednea de bajo terrosa de la \u00f1ora, dando lugar a un picor en capas que se construye con elegancia y armon\u00eda.<\/p>\n<p>Deja que se filtre en cada grieta de las patatas bravas crujientes. B\u00e1tela con alioli hasta obtener una salsa para mojar que impone respeto, roc\u00edala sobre pulpo o gambas a la parrilla para unir mar y fuego, o vi\u00e9rtela generosamente sobre huevos rotos. Funciona igual de bien derramada sobre un bocadillo de chorizo o integrada en garbanzos cocinados lentamente con espinacas.<\/p>\n<p class=\"translation-block\">El resultado es profundamente arom\u00e1tico. Ofrece notas melosas de fruta seca junto a esa distintiva frutalidad del habanero que cosquillea las sienes antes de calentar el pecho. Un final que seduce con dulzura al entrar, se vuelve ahumado en el coraz\u00f3n y culmina con una valent\u00eda audaz \u2014demostrando que cuando la herencia espa\u00f1ola se encuentra con el coraje del habanero, cada comida se convierte en una declaraci\u00f3n de sabor. Cada botella de edici\u00f3n limitada se elabora a mano con ingredientes naturales y sinceros, sin aditivos, solo el <em>fuego de Andaluc\u00eda<\/em> con alma mediterr\u00e1nea.<\/p>\n<div><strong>\ud83c\udf36\ufe0f \u00d1ORA, HABANERO ROJO.<\/strong><\/div>\n<div><strong>\ud83d\uddd2\ufe0f PIMIENTOS, CEBOLLA, AJO, VINAGRE, ZUMO DE LIM\u00d3N Y SAL.<\/strong><\/div>\n<div><strong>\ud83d\udcaf 100% NATURAL. SIN ADITIVOS ARTIFICIALES NI COLORANTES.<\/strong><\/div>\n<div><strong>\ud83c\udf43 SIN GLUTEN. APTA PARA VEGETARIANOS Y VEGANOS.<\/strong><\/div>\n<div><strong>\ud83d\udd25 6\/10<\/strong><\/div>\n<\/div>","protected":false},"featured_media":3758,"comment_status":"open","ping_status":"closed","template":"","meta":{"content-type":""},"product_brand":[],"product_cat":[78],"product_tag":[43,73,55],"class_list":{"0":"post-2498","1":"product","2":"type-product","3":"status-publish","4":"has-post-thumbnail","6":"product_cat-hot-sauce-heat-6-out-of-10-now-thats-hot","7":"product_tag-habanero","8":"product_tag-hot","9":"product_tag-nora","11":"first","12":"instock","13":"taxable","14":"shipping-taxable","15":"purchasable","16":"product-type-simple"},"yoast_head":"<!-- This site is optimized with the Yoast SEO plugin v27.4 - https:\/\/yoast.com\/product\/yoast-seo-wordpress\/ -->\n<title>Salsa Muy Brava - La Azada<\/title>\n<meta name=\"description\" content=\"Turn up the heat with Salsa Muy Brava where the traditional gets a a bold kick with red habanero!\" \/>\n<meta name=\"robots\" content=\"index, follow, max-snippet:-1, max-image-preview:large, max-video-preview:-1\" \/>\n<link rel=\"canonical\" href=\"https:\/\/www.laazada.com\/es\/producto\/salsa-muy-brava-con-habanero\/\" \/>\n<meta property=\"og:locale\" content=\"es_ES\" \/>\n<meta property=\"og:type\" content=\"article\" \/>\n<meta property=\"og:title\" content=\"Salsa Muy Brava - La Azada\" \/>\n<meta property=\"og:description\" content=\"Turn up the heat with Salsa Muy Brava where the traditional gets a a bold kick with red habanero!\" \/>\n<meta property=\"og:url\" content=\"https:\/\/www.laazada.com\/es\/producto\/salsa-muy-brava-con-habanero\/\" \/>\n<meta property=\"og:site_name\" content=\"La Azada\" \/>\n<meta property=\"article:modified_time\" content=\"2026-04-08T18:44:26+00:00\" \/>\n<meta property=\"og:image\" content=\"https:\/\/www.laazada.com\/wp-content\/uploads\/2026\/03\/LA001-Salsa-Muy-Brava-6-10.jpg\" \/>\n\t<meta property=\"og:image:width\" content=\"900\" \/>\n\t<meta property=\"og:image:height\" content=\"1240\" \/>\n\t<meta property=\"og:image:type\" content=\"image\/jpeg\" \/>\n<meta name=\"twitter:card\" content=\"summary_large_image\" \/>\n<meta name=\"twitter:label1\" content=\"Tiempo de lectura\" \/>\n\t<meta name=\"twitter:data1\" content=\"1 minuto\" \/>\n<script type=\"application\/ld+json\" class=\"yoast-schema-graph\">{\"@context\":\"https:\\\/\\\/schema.org\",\"@graph\":[{\"@type\":\"WebPage\",\"@id\":\"https:\\\/\\\/www.laazada.com\\\/product\\\/salsa-muy-brava-con-habanero\\\/\",\"url\":\"https:\\\/\\\/www.laazada.com\\\/product\\\/salsa-muy-brava-con-habanero\\\/\",\"name\":\"Salsa Muy Brava - La Azada\",\"isPartOf\":{\"@id\":\"https:\\\/\\\/www.laazada.com\\\/#website\"},\"primaryImageOfPage\":{\"@id\":\"https:\\\/\\\/www.laazada.com\\\/product\\\/salsa-muy-brava-con-habanero\\\/#primaryimage\"},\"image\":{\"@id\":\"https:\\\/\\\/www.laazada.com\\\/product\\\/salsa-muy-brava-con-habanero\\\/#primaryimage\"},\"thumbnailUrl\":\"https:\\\/\\\/www.laazada.com\\\/wp-content\\\/uploads\\\/2026\\\/03\\\/LA001-Salsa-Muy-Brava-6-10.jpg\",\"datePublished\":\"2025-04-27T10:48:44+00:00\",\"dateModified\":\"2026-04-08T18:44:26+00:00\",\"description\":\"Turn up the heat with Salsa Muy Brava where the traditional gets a a bold kick with red habanero!\",\"breadcrumb\":{\"@id\":\"https:\\\/\\\/www.laazada.com\\\/product\\\/salsa-muy-brava-con-habanero\\\/#breadcrumb\"},\"inLanguage\":\"es\",\"potentialAction\":[{\"@type\":\"ReadAction\",\"target\":[\"https:\\\/\\\/www.laazada.com\\\/product\\\/salsa-muy-brava-con-habanero\\\/\"]}]},{\"@type\":\"ImageObject\",\"inLanguage\":\"es\",\"@id\":\"https:\\\/\\\/www.laazada.com\\\/product\\\/salsa-muy-brava-con-habanero\\\/#primaryimage\",\"url\":\"https:\\\/\\\/www.laazada.com\\\/wp-content\\\/uploads\\\/2026\\\/03\\\/LA001-Salsa-Muy-Brava-6-10.jpg\",\"contentUrl\":\"https:\\\/\\\/www.laazada.com\\\/wp-content\\\/uploads\\\/2026\\\/03\\\/LA001-Salsa-Muy-Brava-6-10.jpg\",\"width\":900,\"height\":1240,\"caption\":\"\ud83d\udd25 Salsa Muy Brava with Habanero \u2013 smoky Spanish paprika meets the bright fire of red habanero\"},{\"@type\":\"BreadcrumbList\",\"@id\":\"https:\\\/\\\/www.laazada.com\\\/product\\\/salsa-muy-brava-con-habanero\\\/#breadcrumb\",\"itemListElement\":[{\"@type\":\"ListItem\",\"position\":1,\"name\":\"Home\",\"item\":\"https:\\\/\\\/www.laazada.com\\\/\"},{\"@type\":\"ListItem\",\"position\":2,\"name\":\"Shop\",\"item\":\"https:\\\/\\\/www.laazada.com\\\/shop\\\/\"},{\"@type\":\"ListItem\",\"position\":3,\"name\":\"Salsa Muy Brava\"}]},{\"@type\":\"WebSite\",\"@id\":\"https:\\\/\\\/www.laazada.com\\\/#website\",\"url\":\"https:\\\/\\\/www.laazada.com\\\/\",\"name\":\"La Azada\",\"description\":\"Taste Spain in Every Flame!\",\"publisher\":{\"@id\":\"https:\\\/\\\/www.laazada.com\\\/#organization\"},\"potentialAction\":[{\"@type\":\"SearchAction\",\"target\":{\"@type\":\"EntryPoint\",\"urlTemplate\":\"https:\\\/\\\/www.laazada.com\\\/?s={search_term_string}\"},\"query-input\":{\"@type\":\"PropertyValueSpecification\",\"valueRequired\":true,\"valueName\":\"search_term_string\"}}],\"inLanguage\":\"es\"},{\"@type\":\"Organization\",\"@id\":\"https:\\\/\\\/www.laazada.com\\\/#organization\",\"name\":\"La Azada\",\"url\":\"https:\\\/\\\/www.laazada.com\\\/\",\"logo\":{\"@type\":\"ImageObject\",\"inLanguage\":\"es\",\"@id\":\"https:\\\/\\\/www.laazada.com\\\/#\\\/schema\\\/logo\\\/image\\\/\",\"url\":\"https:\\\/\\\/www.laazada.com\\\/wp-content\\\/uploads\\\/2026\\\/01\\\/cropped-site-icon.png\",\"contentUrl\":\"https:\\\/\\\/www.laazada.com\\\/wp-content\\\/uploads\\\/2026\\\/01\\\/cropped-site-icon.png\",\"width\":512,\"height\":512,\"caption\":\"La Azada\"},\"image\":{\"@id\":\"https:\\\/\\\/www.laazada.com\\\/#\\\/schema\\\/logo\\\/image\\\/\"}}]}<\/script>\n<!-- \/ Yoast SEO plugin. -->","yoast_head_json":{"title":"Salsa Muy Brava - La Azada","description":"Turn up the heat with Salsa Muy Brava where the traditional gets a a bold kick with red habanero!","robots":{"index":"index","follow":"follow","max-snippet":"max-snippet:-1","max-image-preview":"max-image-preview:large","max-video-preview":"max-video-preview:-1"},"canonical":"https:\/\/www.laazada.com\/es\/producto\/salsa-muy-brava-con-habanero\/","og_locale":"es_ES","og_type":"article","og_title":"Salsa Muy Brava - La Azada","og_description":"Turn up the heat with Salsa Muy Brava where the traditional gets a a bold kick with red habanero!","og_url":"https:\/\/www.laazada.com\/es\/producto\/salsa-muy-brava-con-habanero\/","og_site_name":"La Azada","article_modified_time":"2026-04-08T18:44:26+00:00","og_image":[{"width":900,"height":1240,"url":"https:\/\/www.laazada.com\/wp-content\/uploads\/2026\/03\/LA001-Salsa-Muy-Brava-6-10.jpg","type":"image\/jpeg"}],"twitter_card":"summary_large_image","twitter_misc":{"Tiempo de lectura":"1 minuto"},"schema":{"@context":"https:\/\/schema.org","@graph":[{"@type":"WebPage","@id":"https:\/\/www.laazada.com\/product\/salsa-muy-brava-con-habanero\/","url":"https:\/\/www.laazada.com\/product\/salsa-muy-brava-con-habanero\/","name":"Salsa Muy Brava - La Azada","isPartOf":{"@id":"https:\/\/www.laazada.com\/#website"},"primaryImageOfPage":{"@id":"https:\/\/www.laazada.com\/product\/salsa-muy-brava-con-habanero\/#primaryimage"},"image":{"@id":"https:\/\/www.laazada.com\/product\/salsa-muy-brava-con-habanero\/#primaryimage"},"thumbnailUrl":"https:\/\/www.laazada.com\/wp-content\/uploads\/2026\/03\/LA001-Salsa-Muy-Brava-6-10.jpg","datePublished":"2025-04-27T10:48:44+00:00","dateModified":"2026-04-08T18:44:26+00:00","description":"Turn up the heat with Salsa Muy Brava where the traditional gets a a bold kick with red habanero!","breadcrumb":{"@id":"https:\/\/www.laazada.com\/product\/salsa-muy-brava-con-habanero\/#breadcrumb"},"inLanguage":"es","potentialAction":[{"@type":"ReadAction","target":["https:\/\/www.laazada.com\/product\/salsa-muy-brava-con-habanero\/"]}]},{"@type":"ImageObject","inLanguage":"es","@id":"https:\/\/www.laazada.com\/product\/salsa-muy-brava-con-habanero\/#primaryimage","url":"https:\/\/www.laazada.com\/wp-content\/uploads\/2026\/03\/LA001-Salsa-Muy-Brava-6-10.jpg","contentUrl":"https:\/\/www.laazada.com\/wp-content\/uploads\/2026\/03\/LA001-Salsa-Muy-Brava-6-10.jpg","width":900,"height":1240,"caption":"\ud83d\udd25 Salsa Muy Brava with Habanero \u2013 smoky Spanish paprika meets the bright fire of red habanero"},{"@type":"BreadcrumbList","@id":"https:\/\/www.laazada.com\/product\/salsa-muy-brava-con-habanero\/#breadcrumb","itemListElement":[{"@type":"ListItem","position":1,"name":"Home","item":"https:\/\/www.laazada.com\/"},{"@type":"ListItem","position":2,"name":"Shop","item":"https:\/\/www.laazada.com\/shop\/"},{"@type":"ListItem","position":3,"name":"Salsa Muy Brava"}]},{"@type":"WebSite","@id":"https:\/\/www.laazada.com\/#website","url":"https:\/\/www.laazada.com\/","name":"La Azada","description":"\u00a1El sabor de Espa\u00f1a en cada llama!","publisher":{"@id":"https:\/\/www.laazada.com\/#organization"},"potentialAction":[{"@type":"SearchAction","target":{"@type":"EntryPoint","urlTemplate":"https:\/\/www.laazada.com\/?s={search_term_string}"},"query-input":{"@type":"PropertyValueSpecification","valueRequired":true,"valueName":"search_term_string"}}],"inLanguage":"es"},{"@type":"Organization","@id":"https:\/\/www.laazada.com\/#organization","name":"La Azada","url":"https:\/\/www.laazada.com\/","logo":{"@type":"ImageObject","inLanguage":"es","@id":"https:\/\/www.laazada.com\/#\/schema\/logo\/image\/","url":"https:\/\/www.laazada.com\/wp-content\/uploads\/2026\/01\/cropped-site-icon.png","contentUrl":"https:\/\/www.laazada.com\/wp-content\/uploads\/2026\/01\/cropped-site-icon.png","width":512,"height":512,"caption":"La Azada"},"image":{"@id":"https:\/\/www.laazada.com\/#\/schema\/logo\/image\/"}}]}},"_links":{"self":[{"href":"https:\/\/www.laazada.com\/es\/wp-json\/wp\/v2\/product\/2498","targetHints":{"allow":["GET"]}}],"collection":[{"href":"https:\/\/www.laazada.com\/es\/wp-json\/wp\/v2\/product"}],"about":[{"href":"https:\/\/www.laazada.com\/es\/wp-json\/wp\/v2\/types\/product"}],"replies":[{"embeddable":true,"href":"https:\/\/www.laazada.com\/es\/wp-json\/wp\/v2\/comments?post=2498"}],"version-history":[{"count":5,"href":"https:\/\/www.laazada.com\/es\/wp-json\/wp\/v2\/product\/2498\/revisions"}],"predecessor-version":[{"id":3740,"href":"https:\/\/www.laazada.com\/es\/wp-json\/wp\/v2\/product\/2498\/revisions\/3740"}],"wp:featuredmedia":[{"embeddable":true,"href":"https:\/\/www.laazada.com\/es\/wp-json\/wp\/v2\/media\/3758"}],"wp:attachment":[{"href":"https:\/\/www.laazada.com\/es\/wp-json\/wp\/v2\/media?parent=2498"}],"wp:term":[{"taxonomy":"product_brand","embeddable":true,"href":"https:\/\/www.laazada.com\/es\/wp-json\/wp\/v2\/product_brand?post=2498"},{"taxonomy":"product_cat","embeddable":true,"href":"https:\/\/www.laazada.com\/es\/wp-json\/wp\/v2\/product_cat?post=2498"},{"taxonomy":"product_tag","embeddable":true,"href":"https:\/\/www.laazada.com\/es\/wp-json\/wp\/v2\/product_tag?post=2498"}],"curies":[{"name":"wp","href":"https:\/\/api.w.org\/{rel}","templated":true}]}}