{"id":2077,"date":"2025-01-18T12:15:36","date_gmt":"2025-01-18T12:15:36","guid":{"rendered":"https:\/\/www.laazada.com\/?post_type=product&#038;p=2077"},"modified":"2026-03-21T19:28:15","modified_gmt":"2026-03-21T18:28:15","slug":"salsa-rioja-reaper","status":"publish","type":"product","link":"https:\/\/www.laazada.com\/es\/producto\/salsa-rioja-reaper\/","title":{"rendered":"La Parca Riojana"},"content":{"rendered":"<div data-elementor-type=\"wp-post\" data-elementor-id=\"2077\" class=\"elementor elementor-2077\">\n\t\t\t\t\t\t<section class=\"elementor-section elementor-top-section elementor-element elementor-element-a1ec4a5 elementor-section-boxed elementor-section-height-default elementor-section-height-default qodef-elementor-content-no\" data-id=\"a1ec4a5\" data-element_type=\"section\" data-e-type=\"section\">\n\t\t\t\t\t\t<div class=\"elementor-container elementor-column-gap-default\">\n\t\t\t\t\t<div class=\"elementor-column elementor-col-100 elementor-top-column elementor-element elementor-element-e78de51\" data-id=\"e78de51\" data-element_type=\"column\" data-e-type=\"column\">\n\t\t\t<div class=\"elementor-widget-wrap elementor-element-populated\">\n\t\t\t\t\t\t<div class=\"elementor-element elementor-element-5267a62 elementor-widget elementor-widget-heading\" data-id=\"5267a62\" data-element_type=\"widget\" data-e-type=\"widget\" data-widget_type=\"heading.default\">\n\t\t\t\t<div class=\"elementor-widget-container\">\n\t\t\t\t\t<p class=\"elementor-heading-title elementor-size-default\">Vivamus at odio et mi ultricies pharetra in sed enim. Etiam eu nunc sit amet quam lupus pharetra pulvinar eget nec metus. Curabitur molestie lorem a libero ultricies ornare. Elementum at semper nulla nullam metus id aliquam.<\/p>\t\t\t\t<\/div>\n\t\t\t\t<\/div>\n\t\t\t\t\t<\/div>\n\t\t<\/div>\n\t\t\t\t\t<\/div>\n\t\t<\/section>\n\t\t\t\t<\/div>","protected":false},"excerpt":{"rendered":"<div id=\"versionEditor2\">\n<h3><strong>Elaborada con pimientos Alegr\u00eda Riojana cultivados en la zona vin\u00edcola de La Rioja, Carolina Reaper y vinagre de vino Rioja tinto, esta salsa trae el calor terroso y la profundidad frutal del Valle del Ebro.<\/strong><\/h3>\n<p>Los pimientos Alegr\u00eda Riojana, cultivados entre los vi\u00f1edos de La Rioja, son chiles frutales y suaves que capturan la intensidad mineral del suelo. Su sabor se amplifica con las llamas parad\u00f3jicas del Carolina Reaper \u2014aterradoras pero perfectamente equilibradas\u2014 gracias al vinagre de vino tinto Rioja envejecido, que aporta una acidez compleja, profundidad de roble y una riqueza que eleva cualquier asado, carne a la parrilla o tapa atrevida.<\/p>\n<p>Roc\u00edala sobre chuletillas al sarmiento \u2014esas diminutas chuletas de cordero asadas sobre sarmientos\u2014 para rendir homenaje a la tradici\u00f3n riojana de aprovechar cada parte de la cosecha.\nDeja que penetre en setas portobello a la parrilla, donde la tierra se encuentra con el fuego. Vi\u00e9rtela sobre queso Manchego curado y membrillo para contrarrestar la dulzura con un filo amenazante.\nO empl\u00e9ala como arma secreta en carrilleras de ternera estofadas a fuego lento, que se entregan por completo tras horas de cocci\u00f3n suave.<\/p>\n<p class=\"translation-block\">Este es un chile que reclama un vaso de vino tinto joven y frutal para domarlo, demostrando que La Rioja produce un calor tan memorable como sus vinos, solo que embotellado con mucho m\u00e1s coraje. Cada botella de edici\u00f3n limitada se elabora a mano con ingredientes naturales y sinceros, sin aditivos, solo el <em>fuego de Andaluc\u00eda<\/em> con alma mediterr\u00e1nea.<\/p>\n<div><strong>\ud83c\udf36\ufe0f ALEGR\u00cdA RIOJANA, CAROLINA REAPER.<\/strong><\/div>\n<div><strong>\ud83d\uddd2\ufe0f PIMIENTOS, CEBOLLA, AJO, VINAGRE DE VINO TINTO RIOJA 10 A\u00d1OS, AR\u00c1NDANOS, PIMIENTA NEGRA, SAL.<\/strong><\/div>\n<div><strong>\ud83d\udcaf 100% NATURAL. SIN ADITIVOS ARTIFICIALES NI COLORANTES.<\/strong><\/div>\n<div><strong>\ud83c\udf43 SIN GLUTEN. APTA PARA VEGETARIANOS Y VEGANOS.<\/strong><\/div>\n<div><strong>\ud83d\udd25 8\/10<\/strong><\/div>\n<\/div>","protected":false},"featured_media":3729,"comment_status":"open","ping_status":"closed","template":"","meta":{"content-type":""},"product_brand":[],"product_cat":[47],"product_tag":[75,20,76],"class_list":{"0":"post-2077","1":"product","2":"type-product","3":"status-publish","4":"has-post-thumbnail","6":"product_cat-hot-sauce-heat-8-out-of-10-call-112","7":"product_tag-alegria-riojana","8":"product_tag-carolina-reaper","9":"product_tag-very-hot","11":"first","12":"instock","13":"taxable","14":"shipping-taxable","15":"purchasable","16":"product-type-simple"},"yoast_head":"<!-- This site is optimized with the Yoast SEO plugin v27.4 - https:\/\/yoast.com\/product\/yoast-seo-wordpress\/ -->\n<title>La Parca Riojana | Carolina Rioja Reaper<\/title>\n<meta name=\"description\" content=\"Hot sauce crafted with Carolina Reaper and Red Rioja Wine Vinegar\" \/>\n<meta name=\"robots\" content=\"index, follow, max-snippet:-1, max-image-preview:large, max-video-preview:-1\" \/>\n<link rel=\"canonical\" href=\"https:\/\/www.laazada.com\/es\/producto\/salsa-rioja-reaper\/\" \/>\n<meta property=\"og:locale\" content=\"es_ES\" \/>\n<meta property=\"og:type\" content=\"article\" \/>\n<meta property=\"og:title\" content=\"La Parca Riojana | Carolina Rioja Reaper\" \/>\n<meta property=\"og:description\" content=\"Hot sauce crafted with Carolina Reaper and Red Rioja Wine Vinegar\" \/>\n<meta property=\"og:url\" content=\"https:\/\/www.laazada.com\/es\/producto\/salsa-rioja-reaper\/\" \/>\n<meta property=\"og:site_name\" content=\"La Azada\" \/>\n<meta property=\"article:modified_time\" content=\"2026-03-21T18:28:15+00:00\" \/>\n<meta property=\"og:image\" content=\"https:\/\/www.laazada.com\/wp-content\/uploads\/2026\/03\/LA003-Salsa-Rioja-Reaper-8-10.jpg\" \/>\n\t<meta property=\"og:image:width\" content=\"900\" \/>\n\t<meta property=\"og:image:height\" content=\"1240\" \/>\n\t<meta property=\"og:image:type\" content=\"image\/jpeg\" \/>\n<meta name=\"twitter:card\" content=\"summary_large_image\" \/>\n<meta name=\"twitter:label1\" content=\"Tiempo de lectura\" \/>\n\t<meta name=\"twitter:data1\" content=\"1 minuto\" \/>\n<script type=\"application\/ld+json\" class=\"yoast-schema-graph\">{\"@context\":\"https:\\\/\\\/schema.org\",\"@graph\":[{\"@type\":\"WebPage\",\"@id\":\"https:\\\/\\\/www.laazada.com\\\/product\\\/salsa-rioja-reaper\\\/\",\"url\":\"https:\\\/\\\/www.laazada.com\\\/product\\\/salsa-rioja-reaper\\\/\",\"name\":\"La Parca Riojana | Carolina Rioja Reaper\",\"isPartOf\":{\"@id\":\"https:\\\/\\\/www.laazada.com\\\/#website\"},\"primaryImageOfPage\":{\"@id\":\"https:\\\/\\\/www.laazada.com\\\/product\\\/salsa-rioja-reaper\\\/#primaryimage\"},\"image\":{\"@id\":\"https:\\\/\\\/www.laazada.com\\\/product\\\/salsa-rioja-reaper\\\/#primaryimage\"},\"thumbnailUrl\":\"https:\\\/\\\/www.laazada.com\\\/wp-content\\\/uploads\\\/2026\\\/03\\\/LA003-Salsa-Rioja-Reaper-8-10.jpg\",\"datePublished\":\"2025-01-18T12:15:36+00:00\",\"dateModified\":\"2026-03-21T18:28:15+00:00\",\"description\":\"Hot sauce crafted with Carolina Reaper and Red Rioja Wine Vinegar\",\"breadcrumb\":{\"@id\":\"https:\\\/\\\/www.laazada.com\\\/product\\\/salsa-rioja-reaper\\\/#breadcrumb\"},\"inLanguage\":\"es\",\"potentialAction\":[{\"@type\":\"ReadAction\",\"target\":[\"https:\\\/\\\/www.laazada.com\\\/product\\\/salsa-rioja-reaper\\\/\"]}]},{\"@type\":\"ImageObject\",\"inLanguage\":\"es\",\"@id\":\"https:\\\/\\\/www.laazada.com\\\/product\\\/salsa-rioja-reaper\\\/#primaryimage\",\"url\":\"https:\\\/\\\/www.laazada.com\\\/wp-content\\\/uploads\\\/2026\\\/03\\\/LA003-Salsa-Rioja-Reaper-8-10.jpg\",\"contentUrl\":\"https:\\\/\\\/www.laazada.com\\\/wp-content\\\/uploads\\\/2026\\\/03\\\/LA003-Salsa-Rioja-Reaper-8-10.jpg\",\"width\":900,\"height\":1240,\"caption\":\"La Parca Riojana Carolina Rioja Reaper \u2013 earthy Rioja heat meets terrifying Carolina Reaper flames, perfectly tamed by aged 10Y Rioja red wine vinegar. Fruity, mineral depth from Alegr\u00eda Riojana peppers grown among the vineyards.\"},{\"@type\":\"BreadcrumbList\",\"@id\":\"https:\\\/\\\/www.laazada.com\\\/product\\\/salsa-rioja-reaper\\\/#breadcrumb\",\"itemListElement\":[{\"@type\":\"ListItem\",\"position\":1,\"name\":\"Home\",\"item\":\"https:\\\/\\\/www.laazada.com\\\/\"},{\"@type\":\"ListItem\",\"position\":2,\"name\":\"Shop\",\"item\":\"https:\\\/\\\/www.laazada.com\\\/shop\\\/\"},{\"@type\":\"ListItem\",\"position\":3,\"name\":\"La Parca Riojana\"}]},{\"@type\":\"WebSite\",\"@id\":\"https:\\\/\\\/www.laazada.com\\\/#website\",\"url\":\"https:\\\/\\\/www.laazada.com\\\/\",\"name\":\"La Azada\",\"description\":\"Taste Spain in Every Flame!\",\"publisher\":{\"@id\":\"https:\\\/\\\/www.laazada.com\\\/#organization\"},\"potentialAction\":[{\"@type\":\"SearchAction\",\"target\":{\"@type\":\"EntryPoint\",\"urlTemplate\":\"https:\\\/\\\/www.laazada.com\\\/?s={search_term_string}\"},\"query-input\":{\"@type\":\"PropertyValueSpecification\",\"valueRequired\":true,\"valueName\":\"search_term_string\"}}],\"inLanguage\":\"es\"},{\"@type\":\"Organization\",\"@id\":\"https:\\\/\\\/www.laazada.com\\\/#organization\",\"name\":\"La Azada\",\"url\":\"https:\\\/\\\/www.laazada.com\\\/\",\"logo\":{\"@type\":\"ImageObject\",\"inLanguage\":\"es\",\"@id\":\"https:\\\/\\\/www.laazada.com\\\/#\\\/schema\\\/logo\\\/image\\\/\",\"url\":\"https:\\\/\\\/www.laazada.com\\\/wp-content\\\/uploads\\\/2026\\\/01\\\/cropped-site-icon.png\",\"contentUrl\":\"https:\\\/\\\/www.laazada.com\\\/wp-content\\\/uploads\\\/2026\\\/01\\\/cropped-site-icon.png\",\"width\":512,\"height\":512,\"caption\":\"La Azada\"},\"image\":{\"@id\":\"https:\\\/\\\/www.laazada.com\\\/#\\\/schema\\\/logo\\\/image\\\/\"}}]}<\/script>\n<!-- \/ Yoast SEO plugin. -->","yoast_head_json":{"title":"La Parca Riojana | Carolina Rioja Reaper","description":"Hot sauce crafted with Carolina Reaper and Red Rioja Wine Vinegar","robots":{"index":"index","follow":"follow","max-snippet":"max-snippet:-1","max-image-preview":"max-image-preview:large","max-video-preview":"max-video-preview:-1"},"canonical":"https:\/\/www.laazada.com\/es\/producto\/salsa-rioja-reaper\/","og_locale":"es_ES","og_type":"article","og_title":"La Parca Riojana | Carolina Rioja Reaper","og_description":"Hot sauce crafted with Carolina Reaper and Red Rioja Wine Vinegar","og_url":"https:\/\/www.laazada.com\/es\/producto\/salsa-rioja-reaper\/","og_site_name":"La Azada","article_modified_time":"2026-03-21T18:28:15+00:00","og_image":[{"width":900,"height":1240,"url":"https:\/\/www.laazada.com\/wp-content\/uploads\/2026\/03\/LA003-Salsa-Rioja-Reaper-8-10.jpg","type":"image\/jpeg"}],"twitter_card":"summary_large_image","twitter_misc":{"Tiempo de lectura":"1 minuto"},"schema":{"@context":"https:\/\/schema.org","@graph":[{"@type":"WebPage","@id":"https:\/\/www.laazada.com\/product\/salsa-rioja-reaper\/","url":"https:\/\/www.laazada.com\/product\/salsa-rioja-reaper\/","name":"La Parca Riojana | Carolina Rioja Reaper","isPartOf":{"@id":"https:\/\/www.laazada.com\/#website"},"primaryImageOfPage":{"@id":"https:\/\/www.laazada.com\/product\/salsa-rioja-reaper\/#primaryimage"},"image":{"@id":"https:\/\/www.laazada.com\/product\/salsa-rioja-reaper\/#primaryimage"},"thumbnailUrl":"https:\/\/www.laazada.com\/wp-content\/uploads\/2026\/03\/LA003-Salsa-Rioja-Reaper-8-10.jpg","datePublished":"2025-01-18T12:15:36+00:00","dateModified":"2026-03-21T18:28:15+00:00","description":"Hot sauce crafted with Carolina Reaper and Red Rioja Wine Vinegar","breadcrumb":{"@id":"https:\/\/www.laazada.com\/product\/salsa-rioja-reaper\/#breadcrumb"},"inLanguage":"es","potentialAction":[{"@type":"ReadAction","target":["https:\/\/www.laazada.com\/product\/salsa-rioja-reaper\/"]}]},{"@type":"ImageObject","inLanguage":"es","@id":"https:\/\/www.laazada.com\/product\/salsa-rioja-reaper\/#primaryimage","url":"https:\/\/www.laazada.com\/wp-content\/uploads\/2026\/03\/LA003-Salsa-Rioja-Reaper-8-10.jpg","contentUrl":"https:\/\/www.laazada.com\/wp-content\/uploads\/2026\/03\/LA003-Salsa-Rioja-Reaper-8-10.jpg","width":900,"height":1240,"caption":"La Parca Riojana Carolina Rioja Reaper \u2013 earthy Rioja heat meets terrifying Carolina Reaper flames, perfectly tamed by aged 10Y Rioja red wine vinegar. Fruity, mineral depth from Alegr\u00eda Riojana peppers grown among the vineyards."},{"@type":"BreadcrumbList","@id":"https:\/\/www.laazada.com\/product\/salsa-rioja-reaper\/#breadcrumb","itemListElement":[{"@type":"ListItem","position":1,"name":"Home","item":"https:\/\/www.laazada.com\/"},{"@type":"ListItem","position":2,"name":"Shop","item":"https:\/\/www.laazada.com\/shop\/"},{"@type":"ListItem","position":3,"name":"La Parca Riojana"}]},{"@type":"WebSite","@id":"https:\/\/www.laazada.com\/#website","url":"https:\/\/www.laazada.com\/","name":"La Azada","description":"\u00a1El sabor de Espa\u00f1a en cada llama!","publisher":{"@id":"https:\/\/www.laazada.com\/#organization"},"potentialAction":[{"@type":"SearchAction","target":{"@type":"EntryPoint","urlTemplate":"https:\/\/www.laazada.com\/?s={search_term_string}"},"query-input":{"@type":"PropertyValueSpecification","valueRequired":true,"valueName":"search_term_string"}}],"inLanguage":"es"},{"@type":"Organization","@id":"https:\/\/www.laazada.com\/#organization","name":"La Azada","url":"https:\/\/www.laazada.com\/","logo":{"@type":"ImageObject","inLanguage":"es","@id":"https:\/\/www.laazada.com\/#\/schema\/logo\/image\/","url":"https:\/\/www.laazada.com\/wp-content\/uploads\/2026\/01\/cropped-site-icon.png","contentUrl":"https:\/\/www.laazada.com\/wp-content\/uploads\/2026\/01\/cropped-site-icon.png","width":512,"height":512,"caption":"La Azada"},"image":{"@id":"https:\/\/www.laazada.com\/#\/schema\/logo\/image\/"}}]}},"_links":{"self":[{"href":"https:\/\/www.laazada.com\/es\/wp-json\/wp\/v2\/product\/2077","targetHints":{"allow":["GET"]}}],"collection":[{"href":"https:\/\/www.laazada.com\/es\/wp-json\/wp\/v2\/product"}],"about":[{"href":"https:\/\/www.laazada.com\/es\/wp-json\/wp\/v2\/types\/product"}],"replies":[{"embeddable":true,"href":"https:\/\/www.laazada.com\/es\/wp-json\/wp\/v2\/comments?post=2077"}],"version-history":[{"count":6,"href":"https:\/\/www.laazada.com\/es\/wp-json\/wp\/v2\/product\/2077\/revisions"}],"predecessor-version":[{"id":3739,"href":"https:\/\/www.laazada.com\/es\/wp-json\/wp\/v2\/product\/2077\/revisions\/3739"}],"wp:featuredmedia":[{"embeddable":true,"href":"https:\/\/www.laazada.com\/es\/wp-json\/wp\/v2\/media\/3729"}],"wp:attachment":[{"href":"https:\/\/www.laazada.com\/es\/wp-json\/wp\/v2\/media?parent=2077"}],"wp:term":[{"taxonomy":"product_brand","embeddable":true,"href":"https:\/\/www.laazada.com\/es\/wp-json\/wp\/v2\/product_brand?post=2077"},{"taxonomy":"product_cat","embeddable":true,"href":"https:\/\/www.laazada.com\/es\/wp-json\/wp\/v2\/product_cat?post=2077"},{"taxonomy":"product_tag","embeddable":true,"href":"https:\/\/www.laazada.com\/es\/wp-json\/wp\/v2\/product_tag?post=2077"}],"curies":[{"name":"wp","href":"https:\/\/api.w.org\/{rel}","templated":true}]}}