{"id":4403,"date":"2026-04-16T13:07:09","date_gmt":"2026-04-16T11:07:09","guid":{"rendered":"https:\/\/www.laazada.com\/?page_id=4403"},"modified":"2026-04-16T13:52:23","modified_gmt":"2026-04-16T11:52:23","slug":"what-makes-a-truly-great-hot-sauce","status":"publish","type":"page","link":"https:\/\/www.laazada.com\/es\/what-makes-a-truly-great-hot-sauce\/","title":{"rendered":"\u00bfQu\u00e9 definen una salsa picante excepcional?"},"content":{"rendered":"<div data-elementor-type=\"wp-page\" data-elementor-id=\"4403\" class=\"elementor elementor-4403\">\n\t\t\t\t\t\t<section class=\"elementor-section elementor-top-section elementor-element elementor-element-0f891be elementor-section-full_width elementor-section-height-min-height elementor-section-items-stretch elementor-section-content-middle elementor-section-height-default qodef-elementor-content-no\" data-id=\"0f891be\" data-element_type=\"section\" data-e-type=\"section\" data-settings=\"{&quot;background_background&quot;:&quot;classic&quot;}\">\n\t\t\t\t\t\t\t<div class=\"elementor-background-overlay\"><\/div>\n\t\t\t\t\t\t\t<div class=\"elementor-container elementor-column-gap-default\">\n\t\t\t\t\t<div class=\"elementor-column elementor-col-100 elementor-top-column elementor-element elementor-element-0a05306\" data-id=\"0a05306\" data-element_type=\"column\" data-e-type=\"column\" data-settings=\"{&quot;background_background&quot;:&quot;classic&quot;}\">\n\t\t\t<div class=\"elementor-widget-wrap elementor-element-populated\">\n\t\t\t\t\t\t<div class=\"elementor-element elementor-element-5f850d3 elementor-widget elementor-widget-image\" data-id=\"5f850d3\" data-element_type=\"widget\" data-e-type=\"widget\" data-widget_type=\"image.default\">\n\t\t\t\t<div class=\"elementor-widget-container\">\n\t\t\t\t\t\t\t\t\t\t\t\t\t\t\t<img decoding=\"async\" src=\"https:\/\/www.laazada.com\/wp-content\/uploads\/elementor\/thumbs\/Carolina-Reaper-small-but-very-hot-rm21k3yljl9ih8c97vstcx9qlkuh1qszq58r7p70u4.png\" title=\"Carolina-Reaper-small-but very-hot\" alt=\"Carolina-Reaper-small-but very-hot\" loading=\"lazy\" \/>\t\t\t\t\t\t\t\t\t\t\t\t\t\t\t<\/div>\n\t\t\t\t<\/div>\n\t\t\t\t<div class=\"elementor-element elementor-element-ee0635b elementor-widget elementor-widget-qi_addons_for_elementor_section_title\" data-id=\"ee0635b\" data-element_type=\"widget\" data-e-type=\"widget\" data-widget_type=\"qi_addons_for_elementor_section_title.default\">\n\t\t\t\t<div class=\"elementor-widget-container\">\n\t\t\t\t\t<div class=\"qodef-shortcode qodef-m qodef-qi-section-title qodef-decoration--italic qodef-link--underline-draw qodef-subtitle-icon--left\">\n\t\t\t<h2 class=\"qodef-m-title translation-block\"><a href=\"https:\/\/www.laazada.com\/es\/what-makes-a-truly-great-hot-sauce\/\" target=\"_self\">\u00bfQu\u00e9 definen una salsa picante excepcional?<\/a><\/h2>\n\t\t\t\t\t\t<div class=\"qodef-m-text\"><p>\u00a1La Revoluci\u00f3n del Picante!<\/p><\/div>\n\t<\/div>\n\t\t\t\t<\/div>\n\t\t\t\t<\/div>\n\t\t\t\t<div class=\"elementor-element elementor-element-38bca5a elementor-widget elementor-widget-spacer\" data-id=\"38bca5a\" data-element_type=\"widget\" data-e-type=\"widget\" data-widget_type=\"spacer.default\">\n\t\t\t\t<div class=\"elementor-widget-container\">\n\t\t\t\t\t\t\t<div class=\"elementor-spacer\">\n\t\t\t<div class=\"elementor-spacer-inner\"><\/div>\n\t\t<\/div>\n\t\t\t\t\t\t<\/div>\n\t\t\t\t<\/div>\n\t\t\t\t\t<\/div>\n\t\t<\/div>\n\t\t\t\t\t<\/div>\n\t\t<\/section>\n\t\t<div class=\"elementor-element elementor-element-b3f8151 e-flex e-con-boxed qodef-elementor-content-no e-con e-parent\" data-id=\"b3f8151\" data-element_type=\"container\" data-e-type=\"container\">\n\t\t\t\t\t<div class=\"e-con-inner\">\n\t\t<div class=\"elementor-element elementor-element-e6b9ccb e-con-full e-flex qodef-elementor-content-no e-con e-child\" data-id=\"e6b9ccb\" data-element_type=\"container\" data-e-type=\"container\">\n\t\t\t\t<div class=\"elementor-element elementor-element-a7b19a5 elementor-widget__width-inherit elementor-widget elementor-widget-qi_addons_for_elementor_section_title\" data-id=\"a7b19a5\" data-element_type=\"widget\" data-e-type=\"widget\" data-widget_type=\"qi_addons_for_elementor_section_title.default\">\n\t\t\t\t<div class=\"elementor-widget-container\">\n\t\t\t\t\t<div class=\"qodef-shortcode qodef-m qodef-qi-section-title qodef-decoration--italic qodef-link--underline-draw qodef-subtitle-icon--left\">\n\t\t\t\t\t\t<h3 class=\"qodef-m-title\">\n\t\t\u00a1Encendiendo La Revoluci\u00f3n del Picante!\t<\/h3>\n\t\t\t<div class=\"qodef-m-text\"><p class=\"translation-block\">Todas las buenas salsas picantes suelen incluir <strong>cuatro elementos clave.<\/strong><\/p><p>En primer lugar, para la base, se necesitan pimientos de alta calidad (sabor principal y picor), \u00e1cido (normalmente vinagre para dar brillo y conservaci\u00f3n, o \u00e1cido l\u00e1ctico de la fermentaci\u00f3n para aportar complejidad), otros ingredientes como verduras (ajo, cebollas, zanahorias, etc.), incluso fruta (para dulzor y cuerpo), y sal y\/o especias (para realzar los sabores y controlar la fermentaci\u00f3n o la conservaci\u00f3n).<\/p><\/div>\n\t<\/div>\n\t\t\t\t<\/div>\n\t\t\t\t<\/div>\n\t\t\t\t<\/div>\n\t\t<div class=\"elementor-element elementor-element-f9e22b6 e-con-full e-flex qodef-elementor-content-no e-con e-child\" data-id=\"f9e22b6\" data-element_type=\"container\" data-e-type=\"container\">\n\t\t\t\t<div class=\"elementor-element elementor-element-358bfa2 elementor-widget elementor-widget-text-editor\" data-id=\"358bfa2\" data-element_type=\"widget\" data-e-type=\"widget\" data-widget_type=\"text-editor.default\">\n\t\t\t\t<div class=\"elementor-widget-container\">\n\t\t\t\t\t\t\t\t\t<p>However, at <strong>La Azada,<\/strong> we don\u2019t <em>just<\/em> make hot sauce! We ignite \u00a1<strong>La Revoluci\u00f3n del Picante!,<\/strong> by blending truly authentic Spanish peppers that set us apart from the ordinary.<\/p><p>While most hot sauces rely on bland red, yellow, or green bell peppers for sweetness and body in the base, we build our revolutionary sauces on authentic Spanish pepper varieties sourced from the sun-drenched fields of Spain.<\/p><p>Este es nuestro verdadero elemento diferenciador: crear una base audaz y llena de sabor elaborada con pimientos \u00f1oras, choricero, del piquillo, morr\u00f3n, guernika y padr\u00f3n, y luego mezclada magistralmente con el picor explosivo de los habaneros, los Carolina Reapers y otros chiles superpicantes.<\/p><p>\u00bfEl resultado? Una explosi\u00f3n perfectamente equilibrada donde los sofisticados y complejos sabores de los pimientos espa\u00f1oles proporcionan la rica base, mientras que el intenso fuego aporta el ardor revolucionario.<\/p>\t\t\t\t\t\t\t\t<\/div>\n\t\t\t\t<\/div>\n\t\t\t\t<\/div>\n\t\t\t\t\t<\/div>\n\t\t\t\t<\/div>\n\t\t<div class=\"elementor-element elementor-element-f1a97c3 e-flex e-con-boxed qodef-elementor-content-no e-con e-parent\" data-id=\"f1a97c3\" data-element_type=\"container\" data-e-type=\"container\" data-settings=\"{&quot;background_background&quot;:&quot;classic&quot;}\">\n\t\t\t\t\t<div class=\"e-con-inner\">\n\t\t<div class=\"elementor-element elementor-element-f099101 e-con-full e-flex qodef-elementor-content-no e-con e-child\" data-id=\"f099101\" data-element_type=\"container\" data-e-type=\"container\">\n\t\t\t\t<div class=\"elementor-element elementor-element-44bc4c1 elementor-widget__width-inherit elementor-widget elementor-widget-qi_addons_for_elementor_section_title\" data-id=\"44bc4c1\" data-element_type=\"widget\" data-e-type=\"widget\" data-widget_type=\"qi_addons_for_elementor_section_title.default\">\n\t\t\t\t<div class=\"elementor-widget-container\">\n\t\t\t\t\t<div class=\"qodef-shortcode qodef-m qodef-qi-section-title qodef-decoration--italic qodef-link--underline-draw qodef-subtitle-icon--left\">\n\t\t\t\t\t\t<h3 class=\"qodef-m-title\">\n\t\tElegimos la autenticidad, la tradici\u00f3n y el contraste audaz porque la verdadera revoluci\u00f3n no merece menos.\t<\/h3>\n\t\t\t<\/div>\n\t\t\t\t<\/div>\n\t\t\t\t<\/div>\n\t\t\t\t<\/div>\n\t\t\t\t\t<\/div>\n\t\t\t\t<\/div>\n\t\t<div class=\"elementor-element elementor-element-0714411 e-flex e-con-boxed qodef-elementor-content-no e-con e-parent\" data-id=\"0714411\" data-element_type=\"container\" data-e-type=\"container\" data-settings=\"{&quot;background_background&quot;:&quot;classic&quot;}\">\n\t\t\t\t\t<div class=\"e-con-inner\">\n\t\t<div class=\"elementor-element elementor-element-89f1f6b e-con-full e-flex qodef-elementor-content-no e-con e-child\" data-id=\"89f1f6b\" data-element_type=\"container\" data-e-type=\"container\">\n\t\t\t\t<div class=\"elementor-element elementor-element-f3c5d86 elementor-widget elementor-widget-text-editor\" data-id=\"f3c5d86\" data-element_type=\"widget\" data-e-type=\"widget\" data-widget_type=\"text-editor.default\">\n\t\t\t\t<div class=\"elementor-widget-container\">\n\t\t\t\t\t\t\t\t\t<p class=\"translation-block\">Esta fusi\u00f3n exclusiva crea salsas <strong>La Azada<\/strong> con una complejidad inigualable, un rico umami, un ahumado natural, una profundidad similar al caramelo, as\u00ed como un equilibrio armonioso que permite que el verdadero fuego brille sin que nunca tenga un sabor plano o unidimensional.<\/p>\t\t\t\t\t\t\t\t<\/div>\n\t\t\t\t<\/div>\n\t\t\t\t<div class=\"elementor-element elementor-element-a5c57cf elementor-widget elementor-widget-text-editor\" data-id=\"a5c57cf\" data-element_type=\"widget\" data-e-type=\"widget\" data-widget_type=\"text-editor.default\">\n\t\t\t\t<div class=\"elementor-widget-container\">\n\t\t\t\t\t\t\t\t\t<p>Los pimientos \u00d1ora aportan un dulzor secado al sol, una intensidad afrutada y sutiles matices ahumados que recuerdan a los tomates secos con un toque terroso.<\/p><p>El pimiento choricero aporta un toque \u00e1cido, una profundidad vegetal y una riqueza terrosa que se utilizan tradicionalmente en el chorizo \u200b\u200by los guisos.<\/p><p>Los pimientos del piquillo aportan una dulzura suculenta y tostada, una textura carnosa y un ligero toque ahumado.<\/p><p>El pimiento morr\u00f3n ofrece un color vibrante y una redondez jugosa.<\/p><p>Los pimientos Guernika aportan notas dulces y herb\u00e1ceas de forma constante, que desarrollan un delicioso toque ahumado al asarse.<\/p><p>Los pimientos de Padr\u00f3n aportan un toque terroso, vibrante y con matices a nuez, con su caracter\u00edstico y divertido matiz picante ocasional.<\/p>\t\t\t\t\t\t\t\t<\/div>\n\t\t\t\t<\/div>\n\t\t\t\t<\/div>\n\t\t<div class=\"elementor-element elementor-element-0547df5 e-con-full e-flex qodef-elementor-content-no e-con e-child\" data-id=\"0547df5\" data-element_type=\"container\" data-e-type=\"container\">\n\t\t\t\t<div class=\"elementor-element elementor-element-3fc948f elementor-widget__width-inherit elementor-widget elementor-widget-qi_addons_for_elementor_section_title\" data-id=\"3fc948f\" data-element_type=\"widget\" data-e-type=\"widget\" data-widget_type=\"qi_addons_for_elementor_section_title.default\">\n\t\t\t\t<div class=\"elementor-widget-container\">\n\t\t\t\t\t<div class=\"qodef-shortcode qodef-m qodef-qi-section-title qodef-decoration--italic qodef-link--underline-draw qodef-subtitle-icon--left\">\n\t\t\t\t\t\t<h3 class=\"qodef-m-title\">\n\t\tLas variedades de pimiento espa\u00f1ol suaves ofrecen un sabor inigualable. Desde un car\u00e1cter profundo y complejo con aut\u00e9ntica esencia espa\u00f1ola, hasta una intensidad afrutada y secada al sol, un toque ahumado terroso, una dulzura suculenta y una textura vibrante y carnosa.\t<\/h3>\n\t\t\t<\/div>\n\t\t\t\t<\/div>\n\t\t\t\t<\/div>\n\t\t\t\t<div class=\"elementor-element elementor-element-a129ec1 elementor-widget elementor-widget-text-editor\" data-id=\"a129ec1\" data-element_type=\"widget\" data-e-type=\"widget\" data-widget_type=\"text-editor.default\">\n\t\t\t\t<div class=\"elementor-widget-container\">\n\t\t\t\t\t\t\t\t\t<p>Adem\u00e1s, la magia verdadera ocurre con la fermentaci\u00f3n l\u00e1ctica lenta, donde los pimientos se sumergen en una soluci\u00f3n de salmuera durante semanas (o meses) y desarrollan sabores \u00e1cidos, peculiares y complejos con acidez natural, suavizando el picante y a\u00f1adiendo un sutil toque afrutado que el vinagre com\u00fan no puede igualar.<\/p><p>\u00a1No solo picante, inconfundiblemente revolucionario!<\/p>\t\t\t\t\t\t\t\t<\/div>\n\t\t\t\t<\/div>\n\t\t\t\t<\/div>\n\t\t\t\t\t<\/div>\n\t\t\t\t<\/div>\n\t\t<div class=\"elementor-element elementor-element-f9d64a0 e-flex e-con-boxed qodef-elementor-content-no e-con e-parent\" data-id=\"f9d64a0\" data-element_type=\"container\" data-e-type=\"container\" data-settings=\"{&quot;background_background&quot;:&quot;classic&quot;}\">\n\t\t\t\t\t<div class=\"e-con-inner\">\n\t\t<div class=\"elementor-element elementor-element-6452fb6 e-con-full e-flex qodef-elementor-content-no e-con e-child\" data-id=\"6452fb6\" data-element_type=\"container\" data-e-type=\"container\">\n\t\t\t\t<div class=\"elementor-element elementor-element-42a09b9 elementor-widget elementor-widget-image\" data-id=\"42a09b9\" data-element_type=\"widget\" data-e-type=\"widget\" data-widget_type=\"image.default\">\n\t\t\t\t<div class=\"elementor-widget-container\">\n\t\t\t\t\t\t\t\t\t\t\t\t\t\t\t<img decoding=\"async\" src=\"https:\/\/www.laazada.com\/wp-content\/uploads\/elementor\/thumbs\/la-azada-fire-from-andalucia-rhssxukq6clr3csxm40vmzmq3t9xnz3fb69630shos.png\" title=\"la-azada-fire-from-andalucia\" alt=\"la-azada-fire-from-andalucia\" loading=\"lazy\" \/>\t\t\t\t\t\t\t\t\t\t\t\t\t\t\t<\/div>\n\t\t\t\t<\/div>\n\t\t\t\t<div class=\"elementor-element elementor-element-72c3438 elementor-widget__width-inherit elementor-widget elementor-widget-qi_addons_for_elementor_section_title\" data-id=\"72c3438\" data-element_type=\"widget\" data-e-type=\"widget\" data-widget_type=\"qi_addons_for_elementor_section_title.default\">\n\t\t\t\t<div class=\"elementor-widget-container\">\n\t\t\t\t\t<div class=\"qodef-shortcode qodef-m qodef-qi-section-title qodef-decoration--italic qodef-link--underline-draw qodef-subtitle-icon--left\">\n\t\t\t\t\t\t<h3 class=\"qodef-m-title\">\n\t\tLa Azada es m\u00e1s que un nombre. Es una herramienta, un s\u00edmbolo de trabajar la tierra con nuestras manos, de respetar los ciclos de la naturaleza y de elaborar sabores de la manera correcta, \u00a1nunca de la manera f\u00e1cil!\t<\/h3>\n\t\t\t\t<div class=\"qodef-m-button qodef-qi-clear\">\n\t\t<a class=\"qodef-shortcode qodef-m qodef-qi-button qodef-html--link qodef-layout--outlined qodef-type--standard qodef-icon--right qodef-hover--icon-move-horizontal-short\" href=\"https:\/\/www.laazada.com\/es\/fire-from-andalucia\/\" target=\"_self\">\t<span class=\"qodef-m-text\">\u00a1El origen del fuego!<\/span>\t<\/a>\t<\/div>\n<\/div>\n\t\t\t\t<\/div>\n\t\t\t\t<\/div>\n\t\t\t\t<\/div>\n\t\t\t\t\t<\/div>\n\t\t\t\t<\/div>\n\t\t\t\t<\/div>","protected":false},"excerpt":{"rendered":"<p>What makes a truly great hot sauce? \u00a1La Revoluci\u00f3n del Picante! Igniting La Revoluci\u00f3n del Picante! All great hot sauces typically include four key elements. First, for the base, you need high-quality peppers (primary flavour and heat), acid (usually vinegar for brightness and preservation, or lactic acid from fermentation for complexity), other additions such as [&hellip;]<\/p>\n","protected":false},"author":1,"featured_media":0,"parent":0,"menu_order":0,"comment_status":"closed","ping_status":"closed","template":"qi-full-width.php","meta":{"content-type":"","footnotes":""},"class_list":["post-4403","page","type-page","status-publish","hentry"],"yoast_head":"<!-- This site is optimized with the Yoast SEO plugin v27.4 - https:\/\/yoast.com\/product\/yoast-seo-wordpress\/ -->\n<title>What makes a truly great hot sauce? - La Azada<\/title>\n<meta name=\"robots\" content=\"index, follow, max-snippet:-1, max-image-preview:large, max-video-preview:-1\" \/>\n<link rel=\"canonical\" href=\"https:\/\/www.laazada.com\/es\/what-makes-a-truly-great-hot-sauce\/\" \/>\n<meta property=\"og:locale\" content=\"es_ES\" \/>\n<meta property=\"og:type\" content=\"article\" \/>\n<meta property=\"og:title\" content=\"What makes a truly great hot sauce? - La Azada\" \/>\n<meta property=\"og:description\" content=\"What makes a truly great hot sauce? \u00a1La Revoluci\u00f3n del Picante! Igniting La Revoluci\u00f3n del Picante! All great hot sauces typically include four key elements. First, for the base, you need high-quality peppers (primary flavour and heat), acid (usually vinegar for brightness and preservation, or lactic acid from fermentation for complexity), other additions such as [&hellip;]\" \/>\n<meta property=\"og:url\" content=\"https:\/\/www.laazada.com\/es\/what-makes-a-truly-great-hot-sauce\/\" \/>\n<meta property=\"og:site_name\" content=\"La Azada\" \/>\n<meta property=\"article:modified_time\" content=\"2026-04-16T11:52:23+00:00\" \/>\n<meta property=\"og:image\" content=\"https:\/\/www.laazada.com\/wp-content\/uploads\/elementor\/thumbs\/Carolina-Reaper-small-but-very-hot-rm21k3yljl9ih8c97vstcx9qlkuh1qszq58r7p70ue.png\" \/>\n<meta name=\"twitter:card\" content=\"summary_large_image\" \/>\n<meta name=\"twitter:label1\" content=\"Tiempo de lectura\" \/>\n\t<meta name=\"twitter:data1\" content=\"3 minutos\" \/>\n<script type=\"application\/ld+json\" class=\"yoast-schema-graph\">{\"@context\":\"https:\\\/\\\/schema.org\",\"@graph\":[{\"@type\":\"WebPage\",\"@id\":\"https:\\\/\\\/www.laazada.com\\\/what-makes-a-truly-great-hot-sauce\\\/\",\"url\":\"https:\\\/\\\/www.laazada.com\\\/what-makes-a-truly-great-hot-sauce\\\/\",\"name\":\"What makes a truly great hot sauce? - La Azada\",\"isPartOf\":{\"@id\":\"https:\\\/\\\/www.laazada.com\\\/#website\"},\"primaryImageOfPage\":{\"@id\":\"https:\\\/\\\/www.laazada.com\\\/what-makes-a-truly-great-hot-sauce\\\/#primaryimage\"},\"image\":{\"@id\":\"https:\\\/\\\/www.laazada.com\\\/what-makes-a-truly-great-hot-sauce\\\/#primaryimage\"},\"thumbnailUrl\":\"https:\\\/\\\/www.laazada.com\\\/wp-content\\\/uploads\\\/elementor\\\/thumbs\\\/Carolina-Reaper-small-but-very-hot-rm21k3yljl9ih8c97vstcx9qlkuh1qszq58r7p70ue.png\",\"datePublished\":\"2026-04-16T11:07:09+00:00\",\"dateModified\":\"2026-04-16T11:52:23+00:00\",\"breadcrumb\":{\"@id\":\"https:\\\/\\\/www.laazada.com\\\/what-makes-a-truly-great-hot-sauce\\\/#breadcrumb\"},\"inLanguage\":\"es\",\"potentialAction\":[{\"@type\":\"ReadAction\",\"target\":[\"https:\\\/\\\/www.laazada.com\\\/what-makes-a-truly-great-hot-sauce\\\/\"]}]},{\"@type\":\"ImageObject\",\"inLanguage\":\"es\",\"@id\":\"https:\\\/\\\/www.laazada.com\\\/what-makes-a-truly-great-hot-sauce\\\/#primaryimage\",\"url\":\"https:\\\/\\\/www.laazada.com\\\/wp-content\\\/uploads\\\/elementor\\\/thumbs\\\/Carolina-Reaper-small-but-very-hot-rm21k3yljl9ih8c97vstcx9qlkuh1qszq58r7p70ue.png\",\"contentUrl\":\"https:\\\/\\\/www.laazada.com\\\/wp-content\\\/uploads\\\/elementor\\\/thumbs\\\/Carolina-Reaper-small-but-very-hot-rm21k3yljl9ih8c97vstcx9qlkuh1qszq58r7p70ue.png\"},{\"@type\":\"BreadcrumbList\",\"@id\":\"https:\\\/\\\/www.laazada.com\\\/what-makes-a-truly-great-hot-sauce\\\/#breadcrumb\",\"itemListElement\":[{\"@type\":\"ListItem\",\"position\":1,\"name\":\"Home\",\"item\":\"https:\\\/\\\/www.laazada.com\\\/\"},{\"@type\":\"ListItem\",\"position\":2,\"name\":\"What makes a truly great hot sauce?\"}]},{\"@type\":\"WebSite\",\"@id\":\"https:\\\/\\\/www.laazada.com\\\/#website\",\"url\":\"https:\\\/\\\/www.laazada.com\\\/\",\"name\":\"La Azada\",\"description\":\"Taste Spain in Every Flame!\",\"publisher\":{\"@id\":\"https:\\\/\\\/www.laazada.com\\\/#organization\"},\"potentialAction\":[{\"@type\":\"SearchAction\",\"target\":{\"@type\":\"EntryPoint\",\"urlTemplate\":\"https:\\\/\\\/www.laazada.com\\\/?s={search_term_string}\"},\"query-input\":{\"@type\":\"PropertyValueSpecification\",\"valueRequired\":true,\"valueName\":\"search_term_string\"}}],\"inLanguage\":\"es\"},{\"@type\":\"Organization\",\"@id\":\"https:\\\/\\\/www.laazada.com\\\/#organization\",\"name\":\"La Azada\",\"url\":\"https:\\\/\\\/www.laazada.com\\\/\",\"logo\":{\"@type\":\"ImageObject\",\"inLanguage\":\"es\",\"@id\":\"https:\\\/\\\/www.laazada.com\\\/#\\\/schema\\\/logo\\\/image\\\/\",\"url\":\"https:\\\/\\\/www.laazada.com\\\/wp-content\\\/uploads\\\/2026\\\/01\\\/cropped-site-icon.png\",\"contentUrl\":\"https:\\\/\\\/www.laazada.com\\\/wp-content\\\/uploads\\\/2026\\\/01\\\/cropped-site-icon.png\",\"width\":512,\"height\":512,\"caption\":\"La Azada\"},\"image\":{\"@id\":\"https:\\\/\\\/www.laazada.com\\\/#\\\/schema\\\/logo\\\/image\\\/\"}}]}<\/script>\n<!-- \/ Yoast SEO plugin. -->","yoast_head_json":{"title":"What makes a truly great hot sauce? - La Azada","robots":{"index":"index","follow":"follow","max-snippet":"max-snippet:-1","max-image-preview":"max-image-preview:large","max-video-preview":"max-video-preview:-1"},"canonical":"https:\/\/www.laazada.com\/es\/what-makes-a-truly-great-hot-sauce\/","og_locale":"es_ES","og_type":"article","og_title":"What makes a truly great hot sauce? - La Azada","og_description":"What makes a truly great hot sauce? \u00a1La Revoluci\u00f3n del Picante! Igniting La Revoluci\u00f3n del Picante! All great hot sauces typically include four key elements. First, for the base, you need high-quality peppers (primary flavour and heat), acid (usually vinegar for brightness and preservation, or lactic acid from fermentation for complexity), other additions such as [&hellip;]","og_url":"https:\/\/www.laazada.com\/es\/what-makes-a-truly-great-hot-sauce\/","og_site_name":"La Azada","article_modified_time":"2026-04-16T11:52:23+00:00","og_image":[{"url":"https:\/\/www.laazada.com\/wp-content\/uploads\/elementor\/thumbs\/Carolina-Reaper-small-but-very-hot-rm21k3yljl9ih8c97vstcx9qlkuh1qszq58r7p70ue.png","type":"","width":"","height":""}],"twitter_card":"summary_large_image","twitter_misc":{"Tiempo de lectura":"3 minutos"},"schema":{"@context":"https:\/\/schema.org","@graph":[{"@type":"WebPage","@id":"https:\/\/www.laazada.com\/what-makes-a-truly-great-hot-sauce\/","url":"https:\/\/www.laazada.com\/what-makes-a-truly-great-hot-sauce\/","name":"What makes a truly great hot sauce? - La Azada","isPartOf":{"@id":"https:\/\/www.laazada.com\/#website"},"primaryImageOfPage":{"@id":"https:\/\/www.laazada.com\/what-makes-a-truly-great-hot-sauce\/#primaryimage"},"image":{"@id":"https:\/\/www.laazada.com\/what-makes-a-truly-great-hot-sauce\/#primaryimage"},"thumbnailUrl":"https:\/\/www.laazada.com\/wp-content\/uploads\/elementor\/thumbs\/Carolina-Reaper-small-but-very-hot-rm21k3yljl9ih8c97vstcx9qlkuh1qszq58r7p70ue.png","datePublished":"2026-04-16T11:07:09+00:00","dateModified":"2026-04-16T11:52:23+00:00","breadcrumb":{"@id":"https:\/\/www.laazada.com\/what-makes-a-truly-great-hot-sauce\/#breadcrumb"},"inLanguage":"es","potentialAction":[{"@type":"ReadAction","target":["https:\/\/www.laazada.com\/what-makes-a-truly-great-hot-sauce\/"]}]},{"@type":"ImageObject","inLanguage":"es","@id":"https:\/\/www.laazada.com\/what-makes-a-truly-great-hot-sauce\/#primaryimage","url":"https:\/\/www.laazada.com\/wp-content\/uploads\/elementor\/thumbs\/Carolina-Reaper-small-but-very-hot-rm21k3yljl9ih8c97vstcx9qlkuh1qszq58r7p70ue.png","contentUrl":"https:\/\/www.laazada.com\/wp-content\/uploads\/elementor\/thumbs\/Carolina-Reaper-small-but-very-hot-rm21k3yljl9ih8c97vstcx9qlkuh1qszq58r7p70ue.png"},{"@type":"BreadcrumbList","@id":"https:\/\/www.laazada.com\/what-makes-a-truly-great-hot-sauce\/#breadcrumb","itemListElement":[{"@type":"ListItem","position":1,"name":"Home","item":"https:\/\/www.laazada.com\/"},{"@type":"ListItem","position":2,"name":"What makes a truly great hot sauce?"}]},{"@type":"WebSite","@id":"https:\/\/www.laazada.com\/#website","url":"https:\/\/www.laazada.com\/","name":"La Azada","description":"\u00a1El sabor de Espa\u00f1a en cada llama!","publisher":{"@id":"https:\/\/www.laazada.com\/#organization"},"potentialAction":[{"@type":"SearchAction","target":{"@type":"EntryPoint","urlTemplate":"https:\/\/www.laazada.com\/?s={search_term_string}"},"query-input":{"@type":"PropertyValueSpecification","valueRequired":true,"valueName":"search_term_string"}}],"inLanguage":"es"},{"@type":"Organization","@id":"https:\/\/www.laazada.com\/#organization","name":"La Azada","url":"https:\/\/www.laazada.com\/","logo":{"@type":"ImageObject","inLanguage":"es","@id":"https:\/\/www.laazada.com\/#\/schema\/logo\/image\/","url":"https:\/\/www.laazada.com\/wp-content\/uploads\/2026\/01\/cropped-site-icon.png","contentUrl":"https:\/\/www.laazada.com\/wp-content\/uploads\/2026\/01\/cropped-site-icon.png","width":512,"height":512,"caption":"La Azada"},"image":{"@id":"https:\/\/www.laazada.com\/#\/schema\/logo\/image\/"}}]}},"_links":{"self":[{"href":"https:\/\/www.laazada.com\/es\/wp-json\/wp\/v2\/pages\/4403","targetHints":{"allow":["GET"]}}],"collection":[{"href":"https:\/\/www.laazada.com\/es\/wp-json\/wp\/v2\/pages"}],"about":[{"href":"https:\/\/www.laazada.com\/es\/wp-json\/wp\/v2\/types\/page"}],"author":[{"embeddable":true,"href":"https:\/\/www.laazada.com\/es\/wp-json\/wp\/v2\/users\/1"}],"replies":[{"embeddable":true,"href":"https:\/\/www.laazada.com\/es\/wp-json\/wp\/v2\/comments?post=4403"}],"version-history":[{"count":5,"href":"https:\/\/www.laazada.com\/es\/wp-json\/wp\/v2\/pages\/4403\/revisions"}],"predecessor-version":[{"id":4448,"href":"https:\/\/www.laazada.com\/es\/wp-json\/wp\/v2\/pages\/4403\/revisions\/4448"}],"wp:attachment":[{"href":"https:\/\/www.laazada.com\/es\/wp-json\/wp\/v2\/media?parent=4403"}],"curies":[{"name":"wp","href":"https:\/\/api.w.org\/{rel}","templated":true}]}}